{"id":82,"date":"2011-07-20T18:35:37","date_gmt":"2011-07-20T16:35:37","guid":{"rendered":"http:\/\/lig-membres.imag.fr\/gensel\/?page_id=82"},"modified":"2025-09-28T13:15:28","modified_gmt":"2025-09-28T12:15:28","slug":"parcours","status":"publish","type":"page","link":"https:\/\/lig-membres.imag.fr\/gensel\/parcours\/","title":{"rendered":"Parcours"},"content":{"rendered":"<table width=\"605\">\n<tbody>\n<tr>\n<td width=\"142\">Depuis septembre 2007<\/td>\n<td width=\"463\"><span style=\"color: #3366ff\"><strong><em>Professeur des Universit\u00e9s en informatique<\/em><\/strong><\/span>, Universit\u00e9 Grenoble Alpes (anciennement Universit\u00e9 Pierre Mend\u00e8s France &#8211; Grenoble 2) \u2013 Classe Exceptionnelle\u00a0 &#8211; \u00e9chelon 2<br \/>\n<span style=\"text-decoration: underline;color: #ff0000\">Recherche :<\/span> \u00e9quipe STORIES (cr\u00e9\u00e9e en 2025), Laboratoire d&#8217;Informatique de Grenoble (LIG)<br \/>\nPr\u00e9c\u00e9demment (2007-2024) : \u00e9quipe STeamer , Laboratoire d&#8217;Informatique de Grenoble (LIG)<br \/>\n<span style=\"text-decoration: underline;color: #ff0000\">Enseignement :<\/span> D\u00e9partement Math\u00e9matiques et Informatique Appliqu\u00e9es aux Sciences Humaines et Sociales (MIASHS), U.F.R Sciences de l&#8217;Homme et de la Soci\u00e9t\u00e9 (SHS)<\/td>\n<\/tr>\n<tr>\n<td width=\"142\">De septembre 2020 \u00e0 ao\u00fbt 2021<\/td>\n<td width=\"463\"><span style=\"color: #ff9900\"><strong><em>CRCT (Cong\u00e9 pour Recherches ou Conversion Th\u00e9matique)<\/em><\/strong><\/span>, Laboratoire d\u2019Informatique de Grenoble (1 semestre accord\u00e9 par le CNU et 1 semestre par mon \u00e9tablissement)<br \/>\n<span style=\"text-decoration: underline;color: #ff0000\">Recherche :<\/span> \u00e9quipe STeamer, Laboratoire d&#8217;Informatique de Grenoble (LIG)<\/td>\n<\/tr>\n<tr>\n<td width=\"142\">De janvier 2016 \u00e0 d\u00e9cembre 2019<\/td>\n<td width=\"463\"><span style=\"color: #800080\"><strong><em>Vice-Pr\u00e9sident en charge des Relations Territoriales et Internationales <\/em><\/strong><\/span><em>de l\u2019Universit\u00e9 Grenoble Alpes<\/em><\/td>\n<\/tr>\n<tr>\n<td width=\"142\">De juillet 2014 \u00e0 d\u00e9cembre 2015<\/td>\n<td width=\"463\"><span style=\"color: #800080\"><strong><em>Vice-Pr\u00e9sident en charge de la Recherche et de la Valorisation <\/em><\/strong><\/span><em>de l\u2019Universit\u00e9 Pierre Mend\u00e8s France (Grenoble 2)<\/em><\/td>\n<\/tr>\n<tr>\n<td width=\"142\">Novembre 2006<\/td>\n<td width=\"463\"><span style=\"color: #008000\"><strong><em>Habilitation \u00e0 Diriger des Recherches<\/em><\/strong><\/span><u>,<\/u> Universit\u00e9 Joseph Fourier (Grenoble 1), sp\u00e9cialit\u00e9 informatique, <em>Repr\u00e9sentation de Connaissances par Objets pour la mod\u00e9lisation et l\u2019adaptation d\u2019informations multim\u00e9dias et spatio-temporelles.<\/em><\/td>\n<\/tr>\n<tr>\n<td width=\"142\">De septembre 2005 \u00e0 f\u00e9vrier 2007<\/td>\n<td width=\"463\"><span style=\"color: #ff9900\"><strong><em>D\u00e9l\u00e9gation CNRS<\/em><\/strong><\/span>, Laboratoire Syst\u00e8mes et R\u00e9seaux, Grenoble<\/td>\n<\/tr>\n<tr>\n<td width=\"142\">De septembre 1996 \u00e0 ao\u00fbt 2007<\/td>\n<td width=\"463\"><span style=\"color: #3366ff\"><strong><em>Ma\u00eetre de Conf\u00e9rences en informatique<\/em><\/strong><\/span>, Universit\u00e9 Pierre Mend\u00e8s France (Grenoble\u00a02) \u2013 promu 1<sup>\u00e8re<\/sup> Classe en 2000<br \/>\n<span style=\"text-decoration: underline;color: #ff0000\">Recherche <\/span>:<\/p>\n<ul>\n<li>\u00e9quipe STeamer, Laboratoire d&#8217;Informatique de Grenoble (LIG) \u00e0 partir de janvier 2007<\/li>\n<li>\u00e9quipe SIGMA, Laboratoire Logiciels, Syst\u00e8mes et R\u00e9seaux (LSR, UMR 5526) de janvier 2001 \u00e0 d\u00e9cembre 2006<\/li>\n<li>action Romans, INRIA Rh\u00f4ne-Alpes, de janvier 1999 \u00e0 janvier 2001<\/li>\n<li>projet SHERPA, INRIA Rh\u00f4ne-Alpes, de septembre 1996 \u00e0 d\u00e9cembre 1998<\/li>\n<\/ul>\n<p><span style=\"text-decoration: underline;color: #ff0000\">Enseignement :<\/span> D\u00e9partement Math\u00e9matiques et Informatique Appliqu\u00e9es aux Sciences Humaines et Sociales (MIASHS), U.F.R Sciences de l&#8217;Homme et de la Soci\u00e9t\u00e9 (SHS)<span style=\"color: #800080\"><strong><br \/>\n<\/strong><\/span><\/td>\n<\/tr>\n<tr>\n<td width=\"142\">De septembre 1994 \u00e0 ao\u00fbt 1996<\/td>\n<td width=\"463\"><span style=\"color: #3366ff\"><strong><em>Attach\u00e9 Temporaire d\u2019Enseignement et de Recherche<\/em><\/strong><\/span>, Universit\u00e9 Pierre Mend\u00e8s France (Grenoble 2)<br \/>\n<span style=\"text-decoration: underline\"><span style=\"color: #ff0000;text-decoration: underline\">Recherche :<\/span><\/span> projet SHERPA, INRIA Rh\u00f4ne-Alpes<br \/>\n<span style=\"text-decoration: underline\"><span style=\"color: #ff0000;text-decoration: underline\">Enseignement :<\/span><\/span> D\u00e9partement Math\u00e9matiques et Informatique Appliqu\u00e9es aux Sciences Humaines et Sociales (MIASHS), U.F.R Sciences de l&#8217;Homme et de la Soci\u00e9t\u00e9 (SHS)<\/td>\n<\/tr>\n<tr>\n<td width=\"142\">Octobre 1995<\/td>\n<td width=\"463\"><strong><em><span style=\"color: #008000\">Doctorat en informatique<\/span>,<\/em><\/strong> Universit\u00e9 Joseph Fourier (Grenoble 1), <em>Contraintes et repr\u00e9sentation de connaissances par objets. Application au mod\u00e8le Tropes.<\/em><\/td>\n<\/tr>\n<tr>\n<td width=\"142\">De septembre 1991 \u00e0 ao\u00fbt 1994<\/td>\n<td width=\"463\"><span style=\"color: #3366ff\"><strong><em>Allocataire de Recherche<\/em><\/strong><\/span>, Minist\u00e8re de l\u2019Enseignement Sup\u00e9rieur et de la Recherche<br \/>\n<span style=\"color: #3366ff\"><strong><em>Moniteur de l\u2019Enseignement Sup\u00e9rieur<\/em><\/strong><\/span>, Universit\u00e9 Joseph Fourier (Grenoble 1)<br \/>\n<span style=\"text-decoration: underline;color: #ff0000\">Recherche <\/span>: projet SHERPA, INRIA Rh\u00f4ne-Alpes<br \/>\n<span style=\"text-decoration: underline;color: #ff0000\">Enseignement <\/span>: D\u00e9partement Math\u00e9matiques et Informatique Appliqu\u00e9es aux Sciences Humaines et Sociales (MIASHS), U.F.R Sciences de l&#8217;Homme et de la Soci\u00e9t\u00e9 (SHS)<\/td>\n<\/tr>\n<\/tbody>\n<\/table>\n<p>&nbsp;<\/p>\n<p>&nbsp;<\/p>\n<div id=\"ir-ext-ui\" style=\"color: #000000;font-size: 16px;line-height: 16px;background-color: #f7f7f7;border: 1px solid #999999;border-radius: 1px;top: 1px;left: 1px\">\n<div class=\"ir-ext-dimensions\"><span class=\"ir-ext-rendered\" title=\"Rendered image dimensions (after any scaling\/resizing has been applied)\"> x <\/span> <span class=\"ir-ext-natural\" title=\"Natural image dimensions (without applying any scaling\/resizing)\"> (x) <\/span><\/div>\n<div class=\"ir-ext-filesize\"><\/div>\n<\/div>\n<div id=\"ir-ext-ui\" style=\"color: #000000;font-size: 16px;line-height: 16px;background-color: #f7f7f7;border: 1px solid #999999;border-radius: 1px;top: 1px;left: 1px\">\n<div class=\"ir-ext-dimensions\"><span class=\"ir-ext-rendered\" title=\"Rendered image dimensions (after any scaling\/resizing has been applied)\"> x <\/span> <span class=\"ir-ext-natural\" title=\"Natural image dimensions (without applying any scaling\/resizing)\"> (x) <\/span><\/div>\n<div class=\"ir-ext-filesize\"><\/div>\n<\/div>\n","protected":false},"excerpt":{"rendered":"<p>Depuis septembre 2007 Professeur des Universit\u00e9s en informatique, Universit\u00e9 Grenoble Alpes (anciennement Universit\u00e9 Pierre Mend\u00e8s France &#8211; Grenoble 2) \u2013 Classe Exceptionnelle\u00a0 &#8211; \u00e9chelon 2 Recherche : \u00e9quipe STORIES (cr\u00e9\u00e9e en 2025), Laboratoire d&#8217;Informatique de Grenoble (LIG) Pr\u00e9c\u00e9demment (2007-2024) : &hellip; <a href=\"https:\/\/lig-membres.imag.fr\/gensel\/parcours\/\">Continue reading <span class=\"meta-nav\">&rarr;<\/span><\/a><\/p>\n","protected":false},"author":86,"featured_media":0,"parent":0,"menu_order":1,"comment_status":"closed","ping_status":"closed","template":"sidebar-page.php","meta":{"footnotes":""},"class_list":["post-82","page","type-page","status-publish","hentry"],"_links":{"self":[{"href":"https:\/\/lig-membres.imag.fr\/gensel\/wp-json\/wp\/v2\/pages\/82","targetHints":{"allow":["GET"]}}],"collection":[{"href":"https:\/\/lig-membres.imag.fr\/gensel\/wp-json\/wp\/v2\/pages"}],"about":[{"href":"https:\/\/lig-membres.imag.fr\/gensel\/wp-json\/wp\/v2\/types\/page"}],"author":[{"embeddable":true,"href":"https:\/\/lig-membres.imag.fr\/gensel\/wp-json\/wp\/v2\/users\/86"}],"replies":[{"embeddable":true,"href":"https:\/\/lig-membres.imag.fr\/gensel\/wp-json\/wp\/v2\/comments?post=82"}],"version-history":[{"count":35,"href":"https:\/\/lig-membres.imag.fr\/gensel\/wp-json\/wp\/v2\/pages\/82\/revisions"}],"predecessor-version":[{"id":2038,"href":"https:\/\/lig-membres.imag.fr\/gensel\/wp-json\/wp\/v2\/pages\/82\/revisions\/2038"}],"wp:attachment":[{"href":"https:\/\/lig-membres.imag.fr\/gensel\/wp-json\/wp\/v2\/media?parent=82"}],"curies":[{"name":"wp","href":"https:\/\/api.w.org\/{rel}","templated":true}]}}