{"id":146,"date":"2025-04-23T15:37:12","date_gmt":"2025-04-23T15:37:12","guid":{"rendered":"https:\/\/lig-membres.imag.fr\/girard15\/?page_id=146"},"modified":"2026-02-13T16:23:41","modified_gmt":"2026-02-13T16:23:41","slug":"protocole-de-redirection-ecologique","status":"publish","type":"page","link":"https:\/\/lig-membres.imag.fr\/girard15\/protocole-de-redirection-ecologique\/","title":{"rendered":"Protocole de redirection \u00e9cologique &#8211; prisme num\u00e9rique"},"content":{"rendered":"\n<p>Ce protocole de redirection \u00e9cologique a \u00e9t\u00e9 d\u00e9velopp\u00e9 dans le cadre de mes travaux de th\u00e8se et test\u00e9 dans un \u00e9co-village et une mairie.<\/p>\n\n\n\n<p class=\"has-text-align-center\" style=\"font-size:clamp(0.984rem, 0.984rem + ((1vw - 0.2rem) * 0.809), 1.5rem);\"><strong>N&#8217;h\u00e9sitez pas \u00e0 le lire, le partager (licence CC-BY-SA), le modifier, l&#8217;adapter, et surtout prenez le temps de me faire des retours si vous en avez. Je serais ravi d&#8217;avoir des critiques constructives pour le faire \u00e9voluer. Pour me contacter : valentin.girard2@univ-grenoble-alpes.fr<\/strong><\/p>\n\n\n\n<p class=\"has-text-align-center\">!! Cliquez sur une image pour t\u00e9l\u00e9charger le protocole !!<\/p>\n\n\n\n<div class=\"wp-block-columns is-layout-flex wp-container-core-columns-is-layout-28f84493 wp-block-columns-is-layout-flex\">\n<div class=\"wp-block-column is-layout-flow wp-block-column-is-layout-flow\">\n<figure class=\"wp-block-image size-full\"><a href=\"https:\/\/cloud.univ-grenoble-alpes.fr\/s\/xEsAFtr295wJDfJ\"><img loading=\"lazy\" decoding=\"async\" width=\"595\" height=\"506\" src=\"http:\/\/lig-membres.imag.fr\/girard15\/wp-content\/uploads\/sites\/290\/2026\/02\/modifiable.jpg\" alt=\"\" class=\"wp-image-262\" srcset=\"https:\/\/lig-membres.imag.fr\/girard15\/wp-content\/uploads\/sites\/290\/2026\/02\/modifiable.jpg 595w, https:\/\/lig-membres.imag.fr\/girard15\/wp-content\/uploads\/sites\/290\/2026\/02\/modifiable-300x255.jpg 300w\" sizes=\"auto, (max-width: 595px) 100vw, 595px\" \/><\/a><\/figure>\n<\/div>\n\n\n\n<div class=\"wp-block-column is-layout-flow wp-block-column-is-layout-flow\">\n<figure class=\"wp-block-image size-full\"><a href=\"https:\/\/cloud.univ-grenoble-alpes.fr\/s\/BpwPQtKAZ3opZgX\"><img loading=\"lazy\" decoding=\"async\" width=\"548\" height=\"476\" src=\"http:\/\/lig-membres.imag.fr\/girard15\/wp-content\/uploads\/sites\/290\/2026\/02\/imprimable-zip-e1770979330332.jpg\" alt=\"\" class=\"wp-image-261\" srcset=\"https:\/\/lig-membres.imag.fr\/girard15\/wp-content\/uploads\/sites\/290\/2026\/02\/imprimable-zip-e1770979330332.jpg 548w, https:\/\/lig-membres.imag.fr\/girard15\/wp-content\/uploads\/sites\/290\/2026\/02\/imprimable-zip-e1770979330332-300x261.jpg 300w\" sizes=\"auto, (max-width: 548px) 100vw, 548px\" \/><\/a><\/figure>\n<\/div>\n\n\n\n<div class=\"wp-block-column is-layout-flow wp-block-column-is-layout-flow\">\n<figure class=\"wp-block-image size-full\"><a href=\"http:\/\/lig-membres.imag.fr\/girard15\/wp-content\/uploads\/sites\/290\/2026\/02\/protocole-de-RE-imprimable.pdf\"><img loading=\"lazy\" decoding=\"async\" width=\"589\" height=\"547\" src=\"http:\/\/lig-membres.imag.fr\/girard15\/wp-content\/uploads\/sites\/290\/2026\/02\/imprimable-pdf-e1770979305991.jpg\" alt=\"\" class=\"wp-image-260\" srcset=\"https:\/\/lig-membres.imag.fr\/girard15\/wp-content\/uploads\/sites\/290\/2026\/02\/imprimable-pdf-e1770979305991.jpg 589w, https:\/\/lig-membres.imag.fr\/girard15\/wp-content\/uploads\/sites\/290\/2026\/02\/imprimable-pdf-e1770979305991-300x279.jpg 300w\" sizes=\"auto, (max-width: 589px) 100vw, 589px\" \/><\/a><\/figure>\n<\/div>\n<\/div>\n\n\n\n<p>Les outils num\u00e9riques sont pervasifs : \u00ab&nbsp;ils p\u00e9n\u00e8trent toutes nos activit\u00e9s, des plus intimes aux plus collectives&nbsp;\u00bb (Boullier, 2019). Pour cette raison, questionner leurs usages est une porte d\u2019entr\u00e9e int\u00e9ressante pour questionner plus largement la direction politique et \u00e9cologique vers laquelle nous nous dirigeons en tant que soci\u00e9t\u00e9.<\/p>\n\n\n\n<p>Poser ces questions \u00e0 l\u2019\u00e9chelle des organisations que nous c\u00f4toyons (\u00e9tablissement scolaire, entreprise, mairie, syndicat, centre de sant\u00e9, etc.) permet de ne pas se cantonner aux petits gestes individuels, ni \u00e0 une critique trop globale du \u201csyst\u00e8me\u201d sur lequel nous n\u2019avons que peu de prises. Cela permet de s\u2019organiser collectivement pour repenser la place du num\u00e9rique \u00e0 une \u00e9chelle sur laquelle nous avons des leviers d\u2019action forts.<\/p>\n\n\n\n<p>Ce dossier pr\u00e9sente une proposition de protocole de redirection \u00e9cologique par le prisme des pratiques num\u00e9riques. La redirection \u00e9cologique (RE) est une d\u00e9marche qui consiste \u00e0 faire cheminer les organisations vers une soutenabilit\u00e9 socio-\u00e9cologique en questionnant sa direction politique plut\u00f4t que se restreindre \u00e0 la seule question des moyens techniques utilis\u00e9s. Cette d\u00e9marche se base en grande partie sur un processus d\u2019enqu\u00eate au sein de l\u2019organisation, pour comprendre ses d\u00e9pendances et attachements \u00e0 la soci\u00e9t\u00e9 techno-industrielle, ainsi que sur la mise en d\u00e9bat de la notion de renoncement. Cette dimension est centrale pour se d\u00e9tacher du mod\u00e8le de soci\u00e9t\u00e9 actuel et viser la soutenabilit\u00e9 socio-\u00e9cologique, mais l\u2019arbitrage doit se faire d\u00e9mocratiquement.<\/p>\n\n\n\n<p>Le protocole accompagne donc les organisations dans:<\/p>\n\n\n\n<ul class=\"wp-block-list\">\n<li>La sensibilisation aux effets syst\u00e9miques du num\u00e9rique<\/li>\n\n\n\n<li>L\u2019enqu\u00eate sur les attachements de l\u2019organisation au num\u00e9rique<\/li>\n\n\n\n<li>La recherche d\u2019autres mani\u00e8res d\u2019exister<\/li>\n\n\n\n<li>Le processus de renoncements \u00e0 certaines entit\u00e9s<\/li>\n\n\n\n<li>L\u2019arbitrage d\u00e9mocratique dans ce cheminement<\/li>\n\n\n\n<li>La mise en place de changements<\/li>\n<\/ul>\n\n\n\n<p>Il se d\u00e9roule en cinq phases. Ces phases ne sont pas n\u00e9cessairement s\u00e9par\u00e9es dans le temps (il est possible de mener plusieurs phases en m\u00eame temps), et peuvent \u00eatre it\u00e9ratives (il est possible de revenir sur des phases dans un esprit d\u2019am\u00e9lioration continue). Les cinq phases sont les suivantes :<\/p>\n\n\n\n<figure class=\"wp-block-image aligncenter size-large\"><img loading=\"lazy\" decoding=\"async\" width=\"1024\" height=\"637\" src=\"http:\/\/lig-membres.imag.fr\/girard15\/wp-content\/uploads\/sites\/290\/2026\/02\/Protocole-de-redirection-ecologique-par-le-numerique-1024x637.png\" alt=\"\" class=\"wp-image-265\" srcset=\"https:\/\/lig-membres.imag.fr\/girard15\/wp-content\/uploads\/sites\/290\/2026\/02\/Protocole-de-redirection-ecologique-par-le-numerique-1024x637.png 1024w, https:\/\/lig-membres.imag.fr\/girard15\/wp-content\/uploads\/sites\/290\/2026\/02\/Protocole-de-redirection-ecologique-par-le-numerique-300x187.png 300w, https:\/\/lig-membres.imag.fr\/girard15\/wp-content\/uploads\/sites\/290\/2026\/02\/Protocole-de-redirection-ecologique-par-le-numerique-768x478.png 768w, https:\/\/lig-membres.imag.fr\/girard15\/wp-content\/uploads\/sites\/290\/2026\/02\/Protocole-de-redirection-ecologique-par-le-numerique.png 1184w\" sizes=\"auto, (max-width: 1024px) 100vw, 1024px\" \/><\/figure>\n\n\n\n<p>En compl\u00e9ment du protocole g\u00e9n\u00e9ral, le dossier d\u00e9taille en seconde partie un exemple d\u2019application concr\u00e8te de conduite du protocole, avec les supports associ\u00e9s disponibles en annexes.<\/p>\n\n\n\n<p>Bonne lecture, bonne redirection \ud83d\ude09<\/p>\n\n\n\n<div class=\"wp-block-comments\">\n\n\t<div id=\"respond\" class=\"comment-respond wp-block-post-comments-form\">\n\t\t<h3 id=\"reply-title\" class=\"comment-reply-title\">Leave a Reply <small><a rel=\"nofollow\" id=\"cancel-comment-reply-link\" href=\"\/girard15\/wp-json\/wp\/v2\/pages\/146#respond\" style=\"display:none;\">Cancel reply<\/a><\/small><\/h3><form action=\"https:\/\/lig-membres.imag.fr\/girard15\/wp-comments-post.php\" method=\"post\" id=\"commentform\" class=\"comment-form\"><p class=\"comment-notes\"><span id=\"email-notes\">Your email address will not be published.<\/span> <span class=\"required-field-message\">Required fields are marked <span class=\"required\">*<\/span><\/span><\/p><p class=\"comment-form-comment\"><label for=\"comment\">Comment <span class=\"required\">*<\/span><\/label> <textarea id=\"comment\" name=\"comment\" cols=\"45\" rows=\"8\" maxlength=\"65525\" required><\/textarea><\/p><p class=\"comment-form-author\"><label for=\"author\">Name<\/label> <input id=\"author\" name=\"author\" type=\"text\" value=\"\" size=\"30\" maxlength=\"245\" autocomplete=\"name\" \/><\/p>\n<p class=\"comment-form-email\"><label for=\"email\">Email<\/label> <input id=\"email\" name=\"email\" type=\"email\" value=\"\" size=\"30\" maxlength=\"100\" aria-describedby=\"email-notes\" autocomplete=\"email\" \/><\/p>\n<p class=\"comment-form-url\"><label for=\"url\">Website<\/label> <input id=\"url\" name=\"url\" type=\"url\" value=\"\" size=\"30\" maxlength=\"200\" autocomplete=\"url\" \/><\/p>\n<p class=\"form-submit wp-block-button\"><input name=\"submit\" type=\"submit\" id=\"submit\" class=\"wp-block-button__link wp-element-button\" value=\"Post Comment\" \/> <input type='hidden' name='comment_post_ID' value='146' id='comment_post_ID' \/>\n<input type='hidden' name='comment_parent' id='comment_parent' value='0' \/>\n<\/p><\/form>\t<\/div><!-- #respond -->\n\t<\/div>\n","protected":false},"excerpt":{"rendered":"<p>Ce protocole de redirection \u00e9cologique a \u00e9t\u00e9 d\u00e9velopp\u00e9 dans le cadre de mes travaux de th\u00e8se et test\u00e9 dans un \u00e9co-village et une mairie. N&#8217;h\u00e9sitez pas \u00e0 le lire, le partager (licence CC-BY-SA), le modifier, l&#8217;adapter, et surtout prenez le temps de me faire des retours si vous en avez. Je serais ravi d&#8217;avoir des [&hellip;]<\/p>\n","protected":false},"author":947,"featured_media":0,"parent":0,"menu_order":0,"comment_status":"open","ping_status":"closed","template":"","meta":{"footnotes":""},"class_list":["post-146","page","type-page","status-publish","hentry"],"_links":{"self":[{"href":"https:\/\/lig-membres.imag.fr\/girard15\/wp-json\/wp\/v2\/pages\/146","targetHints":{"allow":["GET"]}}],"collection":[{"href":"https:\/\/lig-membres.imag.fr\/girard15\/wp-json\/wp\/v2\/pages"}],"about":[{"href":"https:\/\/lig-membres.imag.fr\/girard15\/wp-json\/wp\/v2\/types\/page"}],"author":[{"embeddable":true,"href":"https:\/\/lig-membres.imag.fr\/girard15\/wp-json\/wp\/v2\/users\/947"}],"replies":[{"embeddable":true,"href":"https:\/\/lig-membres.imag.fr\/girard15\/wp-json\/wp\/v2\/comments?post=146"}],"version-history":[{"count":46,"href":"https:\/\/lig-membres.imag.fr\/girard15\/wp-json\/wp\/v2\/pages\/146\/revisions"}],"predecessor-version":[{"id":279,"href":"https:\/\/lig-membres.imag.fr\/girard15\/wp-json\/wp\/v2\/pages\/146\/revisions\/279"}],"wp:attachment":[{"href":"https:\/\/lig-membres.imag.fr\/girard15\/wp-json\/wp\/v2\/media?parent=146"}],"curies":[{"name":"wp","href":"https:\/\/api.w.org\/{rel}","templated":true}]}}