{"id":182,"date":"2025-04-25T07:18:27","date_gmt":"2025-04-25T07:18:27","guid":{"rendered":"https:\/\/lig-membres.imag.fr\/girard15\/?page_id=182"},"modified":"2025-04-25T07:57:22","modified_gmt":"2025-04-25T07:57:22","slug":"interventions-publiques","status":"publish","type":"page","link":"https:\/\/lig-membres.imag.fr\/girard15\/interventions-publiques\/","title":{"rendered":"Interventions publiques"},"content":{"rendered":"\n<div class=\"wp-block-query is-layout-flow wp-block-query-is-layout-flow\"><ul class=\"wp-block-post-template is-layout-flow wp-block-post-template-is-layout-flow\"><li class=\"wp-block-post post-284 post type-post status-publish format-standard has-post-thumbnail hentry category-intervention\">\n\n<div class=\"wp-block-columns is-layout-flex wp-container-core-columns-is-layout-28f84493 wp-block-columns-is-layout-flex\">\n<div class=\"wp-block-column is-layout-flow wp-block-column-is-layout-flow\"><h2 class=\"wp-block-post-title\"><a href=\"https:\/\/lig-membres.imag.fr\/girard15\/politiser-le-numerique-formation-uved\/\" target=\"_self\" >Politiser le num\u00e9rique &#8211; Formation UVED<\/a><\/h2>\n\n<div class=\"wp-block-post-date\"><time datetime=\"2026-03-18T09:17:37+00:00\">18\/03\/2026<\/time><\/div><\/div>\n\n\n\n<div class=\"wp-block-column is-layout-flow wp-block-column-is-layout-flow\"><figure class=\"alignwide wp-block-post-featured-image\"><a href=\"https:\/\/lig-membres.imag.fr\/girard15\/politiser-le-numerique-formation-uved\/\" target=\"_self\"  ><img loading=\"lazy\" decoding=\"async\" width=\"1053\" height=\"549\" src=\"https:\/\/lig-membres.imag.fr\/girard15\/wp-content\/uploads\/sites\/290\/2026\/03\/uved.png\" class=\"attachment-post-thumbnail size-post-thumbnail wp-post-image\" alt=\"Politiser le num\u00e9rique &#8211; Formation UVED\" style=\"object-fit:cover;\" srcset=\"https:\/\/lig-membres.imag.fr\/girard15\/wp-content\/uploads\/sites\/290\/2026\/03\/uved.png 1053w, https:\/\/lig-membres.imag.fr\/girard15\/wp-content\/uploads\/sites\/290\/2026\/03\/uved-300x156.png 300w, https:\/\/lig-membres.imag.fr\/girard15\/wp-content\/uploads\/sites\/290\/2026\/03\/uved-1024x534.png 1024w, https:\/\/lig-membres.imag.fr\/girard15\/wp-content\/uploads\/sites\/290\/2026\/03\/uved-768x400.png 768w\" sizes=\"auto, (max-width: 1053px) 100vw, 1053px\" \/><\/a><\/figure><\/div>\n<\/div>\n\n\n<div class=\"wp-block-post-excerpt\"><p class=\"wp-block-post-excerpt__excerpt\">Intervention vid\u00e9o (cliquez sur l&#8217;image) La fondation UVED, financ\u00e9e par le projet Alt-Impact, a mis en place un parcours de formation &#8220;Sobri\u00e9t\u00e9 num\u00e9rique et accompagnement au changement vers la sobri\u00e9t\u00e9 &#8220;. Dans ce parcours compos\u00e9 de 21 vid\u00e9os ind\u00e9pendantes, j&#8217;interviens pour pr\u00e9senter les enjeux politiques li\u00e9s \u00e0 la sobri\u00e9t\u00e9 num\u00e9rique et donne quelques pistes pour&hellip; <\/p><\/div>\n\n\n<hr class=\"wp-block-separator has-css-opacity\" \/>\n\n<\/li><li class=\"wp-block-post post-186 post type-post status-publish format-standard has-post-thumbnail hentry category-intervention\">\n\n<div class=\"wp-block-columns is-layout-flex wp-container-core-columns-is-layout-28f84493 wp-block-columns-is-layout-flex\">\n<div class=\"wp-block-column is-layout-flow wp-block-column-is-layout-flow\"><h2 class=\"wp-block-post-title\"><a href=\"https:\/\/lig-membres.imag.fr\/girard15\/table-ronde-repenser-la-recherche-scientifique-au-xxie-siecle-ia-et-numerique-03-04-2025\/\" target=\"_self\" >Table ronde \u201cRepenser la recherche scientifique au XXI\u00e8 si\u00e8cle\u201d \u2014 IA et num\u00e9rique , 03\/04\/2025<\/a><\/h2>\n\n<div class=\"wp-block-post-date\"><time datetime=\"2025-04-25T07:40:11+00:00\">25\/04\/2025<\/time><\/div><\/div>\n\n\n\n<div class=\"wp-block-column is-layout-flow wp-block-column-is-layout-flow\"><figure class=\"alignwide wp-block-post-featured-image\"><a href=\"https:\/\/lig-membres.imag.fr\/girard15\/table-ronde-repenser-la-recherche-scientifique-au-xxie-siecle-ia-et-numerique-03-04-2025\/\" target=\"_self\"  ><img loading=\"lazy\" decoding=\"async\" width=\"1536\" height=\"723\" src=\"https:\/\/lig-membres.imag.fr\/girard15\/wp-content\/uploads\/sites\/290\/2025\/04\/2024-OpenEdition-Lab-Affiche-prog-ramme-seances-1-2-3-3-bandeau-1536x723-1.png\" class=\"attachment-post-thumbnail size-post-thumbnail wp-post-image\" alt=\"Table ronde \u201cRepenser la recherche scientifique au XXI\u00e8 si\u00e8cle\u201d \u2014 IA et num\u00e9rique , 03\/04\/2025\" style=\"object-fit:cover;\" srcset=\"https:\/\/lig-membres.imag.fr\/girard15\/wp-content\/uploads\/sites\/290\/2025\/04\/2024-OpenEdition-Lab-Affiche-prog-ramme-seances-1-2-3-3-bandeau-1536x723-1.png 1536w, https:\/\/lig-membres.imag.fr\/girard15\/wp-content\/uploads\/sites\/290\/2025\/04\/2024-OpenEdition-Lab-Affiche-prog-ramme-seances-1-2-3-3-bandeau-1536x723-1-300x141.png 300w, https:\/\/lig-membres.imag.fr\/girard15\/wp-content\/uploads\/sites\/290\/2025\/04\/2024-OpenEdition-Lab-Affiche-prog-ramme-seances-1-2-3-3-bandeau-1536x723-1-1024x482.png 1024w, https:\/\/lig-membres.imag.fr\/girard15\/wp-content\/uploads\/sites\/290\/2025\/04\/2024-OpenEdition-Lab-Affiche-prog-ramme-seances-1-2-3-3-bandeau-1536x723-1-768x362.png 768w\" sizes=\"auto, (max-width: 1536px) 100vw, 1536px\" \/><\/a><\/figure><\/div>\n<\/div>\n\n\n<div class=\"wp-block-post-excerpt\"><p class=\"wp-block-post-excerpt__excerpt\">&nbsp; Enregistrement audio de la table ronde sur ce lien ! &nbsp; Dans le cadre du cycle de tables rondes &#8220;Repenser la recherche scientifique au XXI\u00e8me si\u00e8cle&#8221; organis\u00e9 par l&#8217;OpenEdition Lab, j&#8217;ai \u00e9t\u00e9 invit\u00e9 \u00e0 Marseille pour la 4\u00e8me session du cycle sur le sujet du num\u00e9rique et de l&#8217;IA. Cette table ronde s&#8217;est d\u00e9roul\u00e9e&hellip; <\/p><\/div>\n\n\n<hr class=\"wp-block-separator has-css-opacity\" \/>\n\n<\/li><\/ul><\/div>\n","protected":false},"excerpt":{"rendered":"","protected":false},"author":947,"featured_media":0,"parent":0,"menu_order":0,"comment_status":"closed","ping_status":"closed","template":"","meta":{"footnotes":""},"class_list":["post-182","page","type-page","status-publish","hentry"],"_links":{"self":[{"href":"https:\/\/lig-membres.imag.fr\/girard15\/wp-json\/wp\/v2\/pages\/182","targetHints":{"allow":["GET"]}}],"collection":[{"href":"https:\/\/lig-membres.imag.fr\/girard15\/wp-json\/wp\/v2\/pages"}],"about":[{"href":"https:\/\/lig-membres.imag.fr\/girard15\/wp-json\/wp\/v2\/types\/page"}],"author":[{"embeddable":true,"href":"https:\/\/lig-membres.imag.fr\/girard15\/wp-json\/wp\/v2\/users\/947"}],"replies":[{"embeddable":true,"href":"https:\/\/lig-membres.imag.fr\/girard15\/wp-json\/wp\/v2\/comments?post=182"}],"version-history":[{"count":2,"href":"https:\/\/lig-membres.imag.fr\/girard15\/wp-json\/wp\/v2\/pages\/182\/revisions"}],"predecessor-version":[{"id":192,"href":"https:\/\/lig-membres.imag.fr\/girard15\/wp-json\/wp\/v2\/pages\/182\/revisions\/192"}],"wp:attachment":[{"href":"https:\/\/lig-membres.imag.fr\/girard15\/wp-json\/wp\/v2\/media?parent=182"}],"curies":[{"name":"wp","href":"https:\/\/api.w.org\/{rel}","templated":true}]}}