{"id":2,"date":"2025-02-20T09:58:34","date_gmt":"2025-02-20T09:58:34","guid":{"rendered":"https:\/\/lig-membres.imag.fr\/girard15\/?page_id=2"},"modified":"2025-03-10T15:50:33","modified_gmt":"2025-03-10T15:50:33","slug":"articles-scientifiques","status":"publish","type":"page","link":"https:\/\/lig-membres.imag.fr\/girard15\/articles-scientifiques\/","title":{"rendered":"Articles scientifiques"},"content":{"rendered":"\n<div class=\"wp-block-query is-layout-flow wp-block-query-is-layout-flow\"><ul class=\"wp-block-post-template is-layout-flow wp-block-post-template-is-layout-flow\"><li class=\"wp-block-post post-96 post type-post status-publish format-standard hentry category-article\">\n<h2 class=\"wp-block-post-title\"><a href=\"https:\/\/lig-membres.imag.fr\/girard15\/un-protocole-pour-aborder-la-redirection-ecologique-des-technologies-numeriques-dans-les-organisations\/\" target=\"_self\" >Un protocole pour aborder la redirection \u00e9cologique des pratiques num\u00e9riques dans les organisations<\/a><\/h2>\n\n<div class=\"wp-block-post-date\"><time datetime=\"2024-09-18T15:18:09+00:00\">18\/09\/2024<\/time><\/div>\n\n<div class=\"wp-block-post-excerpt\"><p class=\"wp-block-post-excerpt__excerpt\">Article r\u00e9dig\u00e9 pour la conf\u00e9rence Computing Within Limits 2025. Il est a retrouver sur le lien suivant : https:\/\/computingwithinlimits.org\/2025\/papers\/limits2025-girard-organizations.pdf La num\u00e9risation des soci\u00e9t\u00e9s soul\u00e8ve des questions sur sa durabilit\u00e9 et les impacts socio-techniques qu&#8217;elle g\u00e9n\u00e8re. La redirection \u00e9cologique appliqu\u00e9e aux organisations est un domaine de recherche visant \u00e0 atteindre la durabilit\u00e9 par changement direction politique,&hellip; <\/p><\/div>\n\n\n<hr class=\"wp-block-separator has-css-opacity\" \/>\n\n<\/li><li class=\"wp-block-post post-46 post type-post status-publish format-standard hentry category-article\">\n<h2 class=\"wp-block-post-title\"><a href=\"https:\/\/lig-membres.imag.fr\/girard15\/computing\/\" target=\"_self\" >Num\u00e9rique, Complexit\u00e9 et D\u00e9croissance : Consid\u00e9rations Syst\u00e9miques pour la D\u00e9sescalade Num\u00e9rique<\/a><\/h2>\n\n<div class=\"wp-block-post-date\"><time datetime=\"2024-06-18T14:00:57+00:00\">18\/06\/2024<\/time><\/div>\n\n<div class=\"wp-block-post-excerpt\"><p class=\"wp-block-post-excerpt__excerpt\">La recherche sur la d\u00e9croissance num\u00e9rique critique principalement l&#8217;expansion num\u00e9rique ou pr\u00e9sente des pratiques num\u00e9riques alternatives. Cependant, analyser le lien entre les technologies num\u00e9riques et la complexit\u00e9 est crucial pour surmonter les obstacles syst\u00e9miques entravant la d\u00e9sescalade num\u00e9rique. Cet article pr\u00e9sente les diff\u00e9rents types de liens entre la complexit\u00e9 et le num\u00e9rique observ\u00e9s dans la&hellip; <\/p><\/div>\n\n\n<hr class=\"wp-block-separator has-css-opacity\" \/>\n\n<\/li><li class=\"wp-block-post post-1 post type-post status-publish format-standard hentry category-article\">\n<h2 class=\"wp-block-post-title\"><a href=\"https:\/\/lig-membres.imag.fr\/girard15\/hello-world\/\" target=\"_self\" >Les impacts sociaux du num\u00e9rique, grands oubli\u00e9s de la transition \u00e9cologique ?<\/a><\/h2>\n\n<div class=\"wp-block-post-date\"><time datetime=\"2023-09-03T09:58:34+00:00\">03\/09\/2023<\/time><\/div>\n\n<div class=\"wp-block-post-excerpt\"><p class=\"wp-block-post-excerpt__excerpt\">Cet article explore l\u2019un des impens\u00e9s de la volont\u00e9 r\u00e9cente de transition \u00e9cologique du num\u00e9rique : les puissantes d\u00e9rives sociales qui l\u2019accompagnent et le structurent. Largement domin\u00e9es par une vision quantitative (\u00e9missions de CO2, efficacit\u00e9 \u00e9nerg\u00e9tique, etc.) propre au contexte scientifique moderne, nous rappelons ici que les r\u00e9ponses du num\u00e9rique aux enjeux socio-environnementaux constituent en&hellip; <\/p><\/div>\n\n\n<hr class=\"wp-block-separator has-css-opacity\" \/>\n\n<\/li><\/ul><\/div>\n","protected":false},"excerpt":{"rendered":"","protected":false},"author":947,"featured_media":0,"parent":0,"menu_order":0,"comment_status":"closed","ping_status":"closed","template":"","meta":{"footnotes":""},"class_list":["post-2","page","type-page","status-publish","hentry"],"_links":{"self":[{"href":"https:\/\/lig-membres.imag.fr\/girard15\/wp-json\/wp\/v2\/pages\/2","targetHints":{"allow":["GET"]}}],"collection":[{"href":"https:\/\/lig-membres.imag.fr\/girard15\/wp-json\/wp\/v2\/pages"}],"about":[{"href":"https:\/\/lig-membres.imag.fr\/girard15\/wp-json\/wp\/v2\/types\/page"}],"author":[{"embeddable":true,"href":"https:\/\/lig-membres.imag.fr\/girard15\/wp-json\/wp\/v2\/users\/947"}],"replies":[{"embeddable":true,"href":"https:\/\/lig-membres.imag.fr\/girard15\/wp-json\/wp\/v2\/comments?post=2"}],"version-history":[{"count":9,"href":"https:\/\/lig-membres.imag.fr\/girard15\/wp-json\/wp\/v2\/pages\/2\/revisions"}],"predecessor-version":[{"id":133,"href":"https:\/\/lig-membres.imag.fr\/girard15\/wp-json\/wp\/v2\/pages\/2\/revisions\/133"}],"wp:attachment":[{"href":"https:\/\/lig-membres.imag.fr\/girard15\/wp-json\/wp\/v2\/media?parent=2"}],"curies":[{"name":"wp","href":"https:\/\/api.w.org\/{rel}","templated":true}]}}