{"id":21,"date":"2025-02-20T16:30:25","date_gmt":"2025-02-20T16:30:25","guid":{"rendered":"https:\/\/lig-membres.imag.fr\/girard15\/?page_id=21"},"modified":"2025-03-10T15:49:47","modified_gmt":"2025-03-10T15:49:47","slug":"notes-de-recherche","status":"publish","type":"page","link":"https:\/\/lig-membres.imag.fr\/girard15\/notes-de-recherche\/","title":{"rendered":"Notes de recherche"},"content":{"rendered":"\n<div class=\"wp-block-query is-layout-flow wp-block-query-is-layout-flow\"><ul class=\"wp-block-post-template is-layout-flow wp-block-post-template-is-layout-flow\"><li class=\"wp-block-post post-213 post type-post status-publish format-standard hentry category-note\">\n<h2 class=\"wp-block-post-title\"><a href=\"https:\/\/lig-membres.imag.fr\/girard15\/positionnement-redirection-ecologique\/\" target=\"_self\" >Positionnement critique sur les derni\u00e8res propositions de la communaut\u00e9 de la redirection \u00e9cologique<\/a><\/h2>\n\n<div class=\"wp-block-post-date\"><time datetime=\"2025-06-30T15:37:24+00:00\">30\/06\/2025<\/time><\/div>\n\n<div class=\"wp-block-post-excerpt\"><p class=\"wp-block-post-excerpt__excerpt\">Bonjour \u00e0 toutes et tous, Je m&#8217;appelle Valentin Girard, et je travaille depuis presque 2 ans sur la question de la redirection \u00e9cologique du num\u00e9rique dans les organisations dans le cadre d&#8217;un travail de th\u00e8se. J&#8217;ai r\u00e9cemment lu l&#8217;ouvrage La redirection \u00e9cologique des entreprises paru en 2025, et j&#8217;ai particip\u00e9 aux Journ\u00e9es de la Redirection&hellip; <\/p><\/div>\n\n\n<hr class=\"wp-block-separator has-css-opacity\" \/>\n\n<\/li><li class=\"wp-block-post post-135 post type-post status-publish format-standard hentry category-note\">\n<h2 class=\"wp-block-post-title\"><a href=\"https:\/\/lig-membres.imag.fr\/girard15\/lia-francaise-au-service-du-techno-solutionnisme-analyse-de-linterview-du-directeur-de-mistral-par-hugodecrypt\/\" target=\"_self\" >Les ing\u00e9nieurs qui d\u00e9veloppent l&#8217;IA ne con\u00e7oivent pas la d\u00e9mocratie : analyse de l&#8217;interview du directeur de Mistral par HugoD\u00e9crypte<\/a><\/h2>\n\n<div class=\"wp-block-post-date\"><time datetime=\"2025-04-15T16:41:15+00:00\">15\/04\/2025<\/time><\/div>\n\n<div class=\"wp-block-post-excerpt\"><p class=\"wp-block-post-excerpt__excerpt\">Aujourd&#8217;hui, j&#8217;ai regard\u00e9 l&#8217;interview d&#8217;Arthur Mensch, le directeur g\u00e9n\u00e9ral du chat GPT fran\u00e7ais : Mistral. Cette interview en face \u00e0 face est sortie le 13 avril et est disponible sur la cha\u00eene HugoD\u00e9crypt &#8211; Grands formats sur le lien suivant : https:\/\/www.youtube.com\/watch?v=XvM20KSFYo0&amp;t=2028s Cette interview rec\u00e8le beaucoup de sujets politiques qui m&#8217;ont paru masqu\u00e9s dans l&#8217;interview&hellip; <\/p><\/div>\n\n\n<hr class=\"wp-block-separator has-css-opacity\" \/>\n\n<\/li><li class=\"wp-block-post post-122 post type-post status-publish format-standard hentry category-note\">\n<h2 class=\"wp-block-post-title\"><a href=\"https:\/\/lig-membres.imag.fr\/girard15\/la-politisation-de-la-sobriete-numerique-sous-le-prisme-de-lacteur-reseau\/\" target=\"_self\" >La politisation de la sobri\u00e9t\u00e9 num\u00e9rique sous le prisme de l\u2019acteur-r\u00e9seau<\/a><\/h2>\n\n<div class=\"wp-block-post-date\"><time datetime=\"2025-02-28T13:17:55+00:00\">28\/02\/2025<\/time><\/div>\n\n<div class=\"wp-block-post-excerpt\"><p class=\"wp-block-post-excerpt__excerpt\">Analyse d\u2019une observation participante masqu\u00e9e Fin 2024, j\u2019ai eu l\u2019occasion de prendre part au dispositif de participation citoyenne pour la sobri\u00e9t\u00e9 num\u00e9rique \u00e0 Grenoble. Du point de vue de mes recherches sur les moyens d\u2019enclencher une redirection \u00e9cologique num\u00e9rique, cette exp\u00e9rience \u00e9tait une opportunit\u00e9 int\u00e9ressante. J\u2019ai donc d\u00e9cid\u00e9 de vivre l\u2019exp\u00e9rience en tant qu\u2019observateur-participant. Ce&hellip; <\/p><\/div>\n\n\n<hr class=\"wp-block-separator has-css-opacity\" \/>\n\n<\/li><li class=\"wp-block-post post-78 post type-post status-publish format-standard hentry category-note\">\n<h2 class=\"wp-block-post-title\"><a href=\"https:\/\/lig-membres.imag.fr\/girard15\/numerisation-comme-modificateur-societal-du-rapport-au-temps\/\" target=\"_self\" >Num\u00e9risation comme modificateur soci\u00e9tal du rapport au temps<\/a><\/h2>\n\n<div class=\"wp-block-post-date\"><time datetime=\"2024-10-09T15:50:40+00:00\">09\/10\/2024<\/time><\/div>\n\n<div class=\"wp-block-post-excerpt\"><p class=\"wp-block-post-excerpt__excerpt\">Quand politiser le num\u00e9rique prend trop de temps\u2026\u00a0\u00a0\u00a0\u00a0\u00a0\u00a0\u00a0\u00a0\u00a0\u00a0 Lors de mes travaux de th\u00e8se, je me suis mis \u00e0 la recherche de publics sur lesquels je pourrais enqu\u00eater et exp\u00e9rimenter. Le but \u00e9tait de passer du temps en observation ethnographique au sein de plusieurs organisations, pour comprendre leurs attachements aux outils et pratiques num\u00e9riques auxquels&hellip; <\/p><\/div>\n\n\n<hr class=\"wp-block-separator has-css-opacity\" \/>\n\n<\/li><\/ul><\/div>\n","protected":false},"excerpt":{"rendered":"","protected":false},"author":947,"featured_media":0,"parent":0,"menu_order":0,"comment_status":"closed","ping_status":"closed","template":"","meta":{"footnotes":""},"class_list":["post-21","page","type-page","status-publish","hentry"],"_links":{"self":[{"href":"https:\/\/lig-membres.imag.fr\/girard15\/wp-json\/wp\/v2\/pages\/21","targetHints":{"allow":["GET"]}}],"collection":[{"href":"https:\/\/lig-membres.imag.fr\/girard15\/wp-json\/wp\/v2\/pages"}],"about":[{"href":"https:\/\/lig-membres.imag.fr\/girard15\/wp-json\/wp\/v2\/types\/page"}],"author":[{"embeddable":true,"href":"https:\/\/lig-membres.imag.fr\/girard15\/wp-json\/wp\/v2\/users\/947"}],"replies":[{"embeddable":true,"href":"https:\/\/lig-membres.imag.fr\/girard15\/wp-json\/wp\/v2\/comments?post=21"}],"version-history":[{"count":9,"href":"https:\/\/lig-membres.imag.fr\/girard15\/wp-json\/wp\/v2\/pages\/21\/revisions"}],"predecessor-version":[{"id":132,"href":"https:\/\/lig-membres.imag.fr\/girard15\/wp-json\/wp\/v2\/pages\/21\/revisions\/132"}],"wp:attachment":[{"href":"https:\/\/lig-membres.imag.fr\/girard15\/wp-json\/wp\/v2\/media?parent=21"}],"curies":[{"name":"wp","href":"https:\/\/api.w.org\/{rel}","templated":true}]}}