{"id":23,"date":"2025-02-20T16:30:56","date_gmt":"2025-02-20T16:30:56","guid":{"rendered":"https:\/\/lig-membres.imag.fr\/girard15\/?page_id=23"},"modified":"2025-02-25T14:24:19","modified_gmt":"2025-02-25T14:24:19","slug":"ressources","status":"publish","type":"page","link":"https:\/\/lig-membres.imag.fr\/girard15\/ressources\/","title":{"rendered":"Ressources"},"content":{"rendered":"\n<div class=\"wp-block-query is-layout-flow wp-block-query-is-layout-flow\"><ul class=\"wp-block-post-template is-layout-flow wp-block-post-template-is-layout-flow\"><li class=\"wp-block-post post-198 post type-post status-publish format-standard has-post-thumbnail hentry category-ressource\">\n\n<div class=\"wp-block-columns is-layout-flex wp-container-core-columns-is-layout-28f84493 wp-block-columns-is-layout-flex\">\n<div class=\"wp-block-column is-layout-flow wp-block-column-is-layout-flow\" style=\"flex-basis:50%\"><h2 class=\"wp-block-post-title\"><a href=\"https:\/\/lig-membres.imag.fr\/girard15\/proposition-dun-nouvel-indicateur-deffet-rebond\/\" target=\"_self\" >Proposition d&#8217;une grille d&#8217;analyse des effets syst\u00e9miques de la num\u00e9risation<\/a><\/h2>\n\n<div class=\"wp-block-post-date\"><time datetime=\"2026-03-17T09:00:37+00:00\">17\/03\/2026<\/time><\/div><\/div>\n\n\n\n<div class=\"wp-block-column is-layout-flow wp-block-column-is-layout-flow\" style=\"flex-basis:50%\"><figure class=\"alignwide wp-block-post-featured-image\"><a href=\"https:\/\/lig-membres.imag.fr\/girard15\/proposition-dun-nouvel-indicateur-deffet-rebond\/\" target=\"_self\"  ><img loading=\"lazy\" decoding=\"async\" width=\"1040\" height=\"780\" src=\"https:\/\/lig-membres.imag.fr\/girard15\/wp-content\/uploads\/sites\/290\/2025\/06\/dither_it_photo-atelier.png\" class=\"attachment-post-thumbnail size-post-thumbnail wp-post-image\" alt=\"Proposition d&#8217;une grille d&#8217;analyse des effets syst\u00e9miques de la num\u00e9risation\" style=\"object-fit:cover;\" srcset=\"https:\/\/lig-membres.imag.fr\/girard15\/wp-content\/uploads\/sites\/290\/2025\/06\/dither_it_photo-atelier.png 1040w, https:\/\/lig-membres.imag.fr\/girard15\/wp-content\/uploads\/sites\/290\/2025\/06\/dither_it_photo-atelier-300x225.png 300w, https:\/\/lig-membres.imag.fr\/girard15\/wp-content\/uploads\/sites\/290\/2025\/06\/dither_it_photo-atelier-1024x768.png 1024w, https:\/\/lig-membres.imag.fr\/girard15\/wp-content\/uploads\/sites\/290\/2025\/06\/dither_it_photo-atelier-768x576.png 768w\" sizes=\"auto, (max-width: 1040px) 100vw, 1040px\" \/><\/a><\/figure><\/div>\n<\/div>\n\n\n<div class=\"wp-block-post-excerpt\"><p class=\"wp-block-post-excerpt__excerpt\">V3 de la grille \u00e0 retrouver en cliquant sur le pictogramme Lors d&#8217;un travail d&#8217;enqu\u00eate aupr\u00e8s d&#8217;une organisation, dont le but \u00e9tait de cartographier ses attachements au num\u00e9rique, la question suivante s&#8217;est pos\u00e9e : quel indicateur environnemental choisir pour &#8220;\u00e9valuer&#8221; ces outils num\u00e9riques ? La solution d&#8217;un indicateur quantitatif issu d&#8217;une analyse de cycle de&hellip; <\/p><\/div>\n\n\n<hr class=\"wp-block-separator has-css-opacity\" \/>\n\n<\/li><li class=\"wp-block-post post-219 post type-post status-publish format-standard hentry category-ressource\">\n\n<div class=\"wp-block-columns is-layout-flex wp-container-core-columns-is-layout-28f84493 wp-block-columns-is-layout-flex\">\n<div class=\"wp-block-column is-layout-flow wp-block-column-is-layout-flow\" style=\"flex-basis:50%\"><h2 class=\"wp-block-post-title\"><a href=\"https:\/\/lig-membres.imag.fr\/girard15\/posters-academiques-quelles-methodologies-pour-rediriger-le-numerique\/\" target=\"_self\" >Posters acad\u00e9miques : Quelles m\u00e9thodologies pour rediriger le num\u00e9rique ?<\/a><\/h2>\n\n<div class=\"wp-block-post-date\"><time datetime=\"2025-07-01T15:23:44+00:00\">01\/07\/2025<\/time><\/div><\/div>\n\n\n\n<div class=\"wp-block-column is-layout-flow wp-block-column-is-layout-flow\" style=\"flex-basis:50%\"><\/div>\n<\/div>\n\n\n<div class=\"wp-block-post-excerpt\"><p class=\"wp-block-post-excerpt__excerpt\">Ce post pr\u00e9sente deux posters cr\u00e9\u00e9s en 2025 traitant du sujet de la redirection \u00e9cologique de pratiques num\u00e9riques : &nbsp; Le premier a \u00e9t\u00e9 design\u00e9 \u00e0 l&#8217;occasion du s\u00e9minaire annuel du laboratoire G-SCOP, et a permis de d\u00e9crire l&#8217;\u00e9tat d&#8217;avancement de mes travaux de th\u00e8se. La version pdf est \u00e0 retrouver sur ce lien. Le&hellip; <\/p><\/div>\n\n\n<hr class=\"wp-block-separator has-css-opacity\" \/>\n\n<\/li><li class=\"wp-block-post post-92 post type-post status-publish format-standard has-post-thumbnail hentry category-ressource\">\n\n<div class=\"wp-block-columns is-layout-flex wp-container-core-columns-is-layout-28f84493 wp-block-columns-is-layout-flex\">\n<div class=\"wp-block-column is-layout-flow wp-block-column-is-layout-flow\" style=\"flex-basis:50%\"><h2 class=\"wp-block-post-title\"><a href=\"https:\/\/lig-membres.imag.fr\/girard15\/une-conception-numerique-sans-croissance-des-usages-presentation\/\" target=\"_self\" >Une conception num\u00e9rique sans croissance des usages &#8211; pr\u00e9sentation<\/a><\/h2>\n\n<div class=\"wp-block-post-date\"><time datetime=\"2025-01-14T15:09:08+00:00\">14\/01\/2025<\/time><\/div><\/div>\n\n\n\n<div class=\"wp-block-column is-layout-flow wp-block-column-is-layout-flow\" style=\"flex-basis:50%\"><figure class=\"alignwide wp-block-post-featured-image\"><a href=\"https:\/\/lig-membres.imag.fr\/girard15\/une-conception-numerique-sans-croissance-des-usages-presentation\/\" target=\"_self\"  ><img loading=\"lazy\" decoding=\"async\" width=\"2920\" height=\"1645\" src=\"https:\/\/lig-membres.imag.fr\/girard15\/wp-content\/uploads\/sites\/290\/2025\/02\/Capture-decran-2025-02-24-161021.png\" class=\"attachment-post-thumbnail size-post-thumbnail wp-post-image\" alt=\"Une conception num\u00e9rique sans croissance des usages &#8211; pr\u00e9sentation\" style=\"object-fit:cover;\" srcset=\"https:\/\/lig-membres.imag.fr\/girard15\/wp-content\/uploads\/sites\/290\/2025\/02\/Capture-decran-2025-02-24-161021.png 2920w, https:\/\/lig-membres.imag.fr\/girard15\/wp-content\/uploads\/sites\/290\/2025\/02\/Capture-decran-2025-02-24-161021-300x169.png 300w, https:\/\/lig-membres.imag.fr\/girard15\/wp-content\/uploads\/sites\/290\/2025\/02\/Capture-decran-2025-02-24-161021-1024x577.png 1024w, https:\/\/lig-membres.imag.fr\/girard15\/wp-content\/uploads\/sites\/290\/2025\/02\/Capture-decran-2025-02-24-161021-768x433.png 768w, https:\/\/lig-membres.imag.fr\/girard15\/wp-content\/uploads\/sites\/290\/2025\/02\/Capture-decran-2025-02-24-161021-1536x865.png 1536w, https:\/\/lig-membres.imag.fr\/girard15\/wp-content\/uploads\/sites\/290\/2025\/02\/Capture-decran-2025-02-24-161021-2048x1154.png 2048w\" sizes=\"auto, (max-width: 2920px) 100vw, 2920px\" \/><\/a><\/figure><\/div>\n<\/div>\n\n\n<div class=\"wp-block-post-excerpt\"><p class=\"wp-block-post-excerpt__excerpt\">La pr\u00e9sentation est \u00e0 retrouver au format pdf sur le lien suivant : Cours \u00e9co-conception num\u00e9rique Cette pr\u00e9sentation sous forme de diaporama aborde la question de la conception num\u00e9rique par le prisme de la redirection \u00e9cologique. Elle a \u00e9t\u00e9 con\u00e7ue sp\u00e9cialement pour \u00eatre lisible et compr\u00e9hensible sans pr\u00e9sentateur-ice. Il aborde les th\u00e9matiques suivantes : Pr\u00e9sentation&hellip; <\/p><\/div>\n\n\n<hr class=\"wp-block-separator has-css-opacity\" \/>\n\n<\/li><li class=\"wp-block-post post-99 post type-post status-publish format-standard has-post-thumbnail hentry category-ressource\">\n\n<div class=\"wp-block-columns is-layout-flex wp-container-core-columns-is-layout-28f84493 wp-block-columns-is-layout-flex\">\n<div class=\"wp-block-column is-layout-flow wp-block-column-is-layout-flow\" style=\"flex-basis:50%\"><h2 class=\"wp-block-post-title\"><a href=\"https:\/\/lig-membres.imag.fr\/girard15\/outil-pour-evaluer-les-outils-numeriques-de-basculement\/\" target=\"_self\" >Outil pour \u00e9valuer les outils num\u00e9riques de basculement<\/a><\/h2>\n\n<div class=\"wp-block-post-date\"><time datetime=\"2024-07-02T15:53:07+00:00\">02\/07\/2024<\/time><\/div><\/div>\n\n\n\n<div class=\"wp-block-column is-layout-flow wp-block-column-is-layout-flow\" style=\"flex-basis:50%\"><figure class=\"alignwide wp-block-post-featured-image\"><a href=\"https:\/\/lig-membres.imag.fr\/girard15\/outil-pour-evaluer-les-outils-numeriques-de-basculement\/\" target=\"_self\"  ><img loading=\"lazy\" decoding=\"async\" width=\"1820\" height=\"1205\" src=\"https:\/\/lig-membres.imag.fr\/girard15\/wp-content\/uploads\/sites\/290\/2025\/02\/fig3.png\" class=\"attachment-post-thumbnail size-post-thumbnail wp-post-image\" alt=\"Outil pour \u00e9valuer les outils num\u00e9riques de basculement\" style=\"object-fit:cover;\" srcset=\"https:\/\/lig-membres.imag.fr\/girard15\/wp-content\/uploads\/sites\/290\/2025\/02\/fig3.png 1820w, https:\/\/lig-membres.imag.fr\/girard15\/wp-content\/uploads\/sites\/290\/2025\/02\/fig3-300x199.png 300w, https:\/\/lig-membres.imag.fr\/girard15\/wp-content\/uploads\/sites\/290\/2025\/02\/fig3-1024x678.png 1024w, https:\/\/lig-membres.imag.fr\/girard15\/wp-content\/uploads\/sites\/290\/2025\/02\/fig3-768x508.png 768w, https:\/\/lig-membres.imag.fr\/girard15\/wp-content\/uploads\/sites\/290\/2025\/02\/fig3-1536x1017.png 1536w\" sizes=\"auto, (max-width: 1820px) 100vw, 1820px\" \/><\/a><\/figure><\/div>\n<\/div>\n\n\n<div class=\"wp-block-post-excerpt\"><p class=\"wp-block-post-excerpt__excerpt\">La redirection \u00e9cologique Le concept de redirection \u00e9cologique est un cadre de pens\u00e9e qui prend acte de l\u2019\u00e9chec du technosolutionnisme, et propose de se poser la question de l\u2019Anthropoc\u00e8ne en termes de direction politique plut\u00f4t qu\u2019en termes de moyens techniques. Mais m\u00eame dans une perspective de redirection vers une soci\u00e9t\u00e9 d\u00e9croissante, les individus h\u00e9ritent d&#8217;un&hellip; <\/p><\/div>\n\n\n<hr class=\"wp-block-separator has-css-opacity\" \/>\n\n<\/li><li class=\"wp-block-post post-86 post type-post status-publish format-standard hentry category-ressource\">\n\n<div class=\"wp-block-columns is-layout-flex wp-container-core-columns-is-layout-28f84493 wp-block-columns-is-layout-flex\">\n<div class=\"wp-block-column is-layout-flow wp-block-column-is-layout-flow\" style=\"flex-basis:50%\"><h2 class=\"wp-block-post-title\"><a href=\"https:\/\/lig-membres.imag.fr\/girard15\/les-impacts-du-numerique-poster\/\" target=\"_self\" >Les impacts du num\u00e9rique &#8211; poster<\/a><\/h2>\n\n<div class=\"wp-block-post-date\"><time datetime=\"2023-11-15T15:01:10+00:00\">15\/11\/2023<\/time><\/div><\/div>\n\n\n\n<div class=\"wp-block-column is-layout-flow wp-block-column-is-layout-flow\" style=\"flex-basis:50%\"><\/div>\n<\/div>\n\n\n<div class=\"wp-block-post-excerpt\"><p class=\"wp-block-post-excerpt__excerpt\">Voici un poster r\u00e9alis\u00e9 fin 2023, qui s&#8217;inspire de mes quelques premi\u00e8res lectures de th\u00e8se. Il pr\u00e9sente une cartographie non exhaustive des impacts environnementaux et soci(\u00e9t)aux du secteur num\u00e9rique. Vous trouverez la version pdf ici : poster-impacts <\/p><\/div>\n\n\n<hr class=\"wp-block-separator has-css-opacity\" \/>\n\n<\/li><li class=\"wp-block-post post-50 post type-post status-publish format-standard has-post-thumbnail hentry category-ressource\">\n\n<div class=\"wp-block-columns is-layout-flex wp-container-core-columns-is-layout-28f84493 wp-block-columns-is-layout-flex\">\n<div class=\"wp-block-column is-layout-flow wp-block-column-is-layout-flow\" style=\"flex-basis:50%\"><h2 class=\"wp-block-post-title\"><a href=\"https:\/\/lig-membres.imag.fr\/girard15\/low-tech-num\/\" target=\"_self\" >Projet &#8220;Low-tech num\u00e9rique&#8221;<\/a><\/h2>\n\n<div class=\"wp-block-post-date\"><time datetime=\"2023-02-01T14:32:02+00:00\">01\/02\/2023<\/time><\/div><\/div>\n\n\n\n<div class=\"wp-block-column is-layout-flow wp-block-column-is-layout-flow\" style=\"flex-basis:50%\"><figure class=\"alignwide wp-block-post-featured-image\"><a href=\"https:\/\/lig-membres.imag.fr\/girard15\/low-tech-num\/\" target=\"_self\"  ><img loading=\"lazy\" decoding=\"async\" width=\"500\" height=\"375\" src=\"https:\/\/lig-membres.imag.fr\/girard15\/wp-content\/uploads\/sites\/290\/2023\/02\/Dominik.png\" class=\"attachment-post-thumbnail size-post-thumbnail wp-post-image\" alt=\"Projet &#8220;Low-tech num\u00e9rique&#8221;\" style=\"object-fit:cover;\" srcset=\"https:\/\/lig-membres.imag.fr\/girard15\/wp-content\/uploads\/sites\/290\/2023\/02\/Dominik.png 500w, https:\/\/lig-membres.imag.fr\/girard15\/wp-content\/uploads\/sites\/290\/2023\/02\/Dominik-300x225.png 300w\" sizes=\"auto, (max-width: 500px) 100vw, 500px\" \/><\/a><\/figure><\/div>\n<\/div>\n\n\n<div class=\"wp-block-post-excerpt\"><p class=\"wp-block-post-excerpt__excerpt\">Un projet \u00e9tudiant original Lors de ma derni\u00e8re ann\u00e9e d&#8217;\u00e9cole d&#8217;ing\u00e9nieur, j&#8217;ai eu la chance de particip\u00e9 au projet &#8220;Low-tech num\u00e9rique&#8221; encadr\u00e9 par Romain Couillet, et en collaboration avec 4 coll\u00e8gues de mon \u00e9cole. Le but : explorer les liens possibles entre les concepts de num\u00e9rique et de low-tech, deux jours par semaine, pendant 4&hellip; <\/p><\/div>\n\n\n<hr class=\"wp-block-separator has-css-opacity\" \/>\n\n<\/li><\/ul><\/div>\n","protected":false},"excerpt":{"rendered":"","protected":false},"author":947,"featured_media":0,"parent":0,"menu_order":0,"comment_status":"closed","ping_status":"closed","template":"","meta":{"footnotes":""},"class_list":["post-23","page","type-page","status-publish","hentry"],"_links":{"self":[{"href":"https:\/\/lig-membres.imag.fr\/girard15\/wp-json\/wp\/v2\/pages\/23","targetHints":{"allow":["GET"]}}],"collection":[{"href":"https:\/\/lig-membres.imag.fr\/girard15\/wp-json\/wp\/v2\/pages"}],"about":[{"href":"https:\/\/lig-membres.imag.fr\/girard15\/wp-json\/wp\/v2\/types\/page"}],"author":[{"embeddable":true,"href":"https:\/\/lig-membres.imag.fr\/girard15\/wp-json\/wp\/v2\/users\/947"}],"replies":[{"embeddable":true,"href":"https:\/\/lig-membres.imag.fr\/girard15\/wp-json\/wp\/v2\/comments?post=23"}],"version-history":[{"count":5,"href":"https:\/\/lig-membres.imag.fr\/girard15\/wp-json\/wp\/v2\/pages\/23\/revisions"}],"predecessor-version":[{"id":110,"href":"https:\/\/lig-membres.imag.fr\/girard15\/wp-json\/wp\/v2\/pages\/23\/revisions\/110"}],"wp:attachment":[{"href":"https:\/\/lig-membres.imag.fr\/girard15\/wp-json\/wp\/v2\/media?parent=23"}],"curies":[{"name":"wp","href":"https:\/\/api.w.org\/{rel}","templated":true}]}}