{"id":7,"date":"2025-02-20T14:31:38","date_gmt":"2025-02-20T14:31:38","guid":{"rendered":"https:\/\/lig-membres.imag.fr\/girard15\/?page_id=7"},"modified":"2025-07-07T13:38:51","modified_gmt":"2025-07-07T13:38:51","slug":"accueil","status":"publish","type":"page","link":"https:\/\/lig-membres.imag.fr\/girard15\/","title":{"rendered":"Rediriger le num\u00e9rique vers une soci\u00e9t\u00e9 post-croissante"},"content":{"rendered":"<p>Dans un monde o\u00f9 les limites plan\u00e9taires sont d\u00e9j\u00e0 d\u00e9pass\u00e9es, o\u00f9 la plupart des points de non-retour ont d\u00e9j\u00e0 \u00e9t\u00e9 franchis, o\u00f9 la 6\u00e8me extinction de masse a d\u00e9j\u00e0 trop tu\u00e9 de vivant-es, et o\u00f9 les id\u00e9ologies s\u00e9curitaires, militaristes, racistes et expansionnistes r\u00e9\u00e9mergent violemment, o\u00f9 pouvons-nous atterrir ? Comment atterrir ?<\/p>\n<p>Dans mes recherches de th\u00e8se, je m&#8217;int\u00e9resse \u00e0 la question de la <strong>d\u00e9sescalade num\u00e9rique<\/strong>. Il s&#8217;agit pour moi de chercher \u00e0 comprendre en quoi la num\u00e9risation des soci\u00e9t\u00e9s augmente leur instabilit\u00e9, quels sont les m\u00e9canismes syst\u00e9miques qui emp\u00eachent la d\u00e9sescalade num\u00e9rique, et quelles m\u00e9thodes peuvent permettre aux organisations de d\u00e9passer ces verrous pour enclencher des politiques de d\u00e9num\u00e9risation.<\/p>\n<p>Pour cela, je me base sur une analyse transdisciplinaire de la litt\u00e9rature, j&#8217;utilise des m\u00e9thodes de sociologie et de design, et je m&#8217;appuie sur des cadres conceptuels tels que la redirection \u00e9cologique [1], la d\u00e9croissance [2], ou encore l&#8217;innovation par le retrait [3]. J&#8217;adopte une posture de recherche-action r\u00e9flexive, et je suis soutenu par <a href=\"https:\/\/polaris.imag.fr\/romain.couillet\/index.html\">Romain Couillet<\/a> (LIG) et <a href=\"https:\/\/pagesperso.g-scop.grenoble-inp.fr\/maudrio\/\">Maud Rio<\/a> (G-SCOP) qui co-encadrent mes travaux.<\/p>\n<p>Ce site internet vous propose diff\u00e9rents articles, notes et ressources que je produis lors de mes travaux de recherche. L&#8217;int\u00e9gralit\u00e9 du contenu du site est en acc\u00e8s libre sous licence <a href=\"https:\/\/creativecommons.org\/licenses\/by-sa\/4.0\/deed.fr\"><span class=\"alt-titles\"><span class=\"tool-identifier\">CC BY-SA 4.0<\/span><\/span><\/a>.<\/p>\n<p>[1] Voir : E. Bonnet, D. Landivar, et A. Monnin, <i>H\u00e9ritage et fermeture: une \u00e9cologie du d\u00e9mant\u00e8lement<\/i>. Paris: \u00e9ditions divergences, 2021.<\/p>\n<p>[2] Voir : Parrique Timoth\u00e9e, <i>Ralentir ou p\u00e9rir: l\u2019\u00e9conomie de la d\u00e9croissance<\/i>. Paris: \u00c9ditions du Seuil, 2022.<\/p>\n<p>[3] Voir : F. Goulet et D. Vinck, <i>Faire sans, faire avec moins: les nouveaux horizons de l\u2019innovation<\/i>. in Sciences sociales. Paris: Mines ParisTech-PSL, 2022.<\/p>\n<h2>D&#8217;o\u00f9 je parle<\/h2>\n<table style=\"border-collapse: collapse;width: 100%\">\n<tbody>\n<tr>\n<td style=\"width: 26.2846%\"><img loading=\"lazy\" decoding=\"async\" class=\"alignnone size-medium wp-image-32\" src=\"http:\/\/lig-membres.imag.fr\/girard15\/wp-content\/uploads\/sites\/290\/2025\/02\/dither_it_138947302_1309013459457047_8257531746796730736_n1-223x300.png\" alt=\"\" width=\"223\" height=\"300\" srcset=\"https:\/\/lig-membres.imag.fr\/girard15\/wp-content\/uploads\/sites\/290\/2025\/02\/dither_it_138947302_1309013459457047_8257531746796730736_n1-223x300.png 223w, https:\/\/lig-membres.imag.fr\/girard15\/wp-content\/uploads\/sites\/290\/2025\/02\/dither_it_138947302_1309013459457047_8257531746796730736_n1.png 487w\" sizes=\"auto, (max-width: 223px) 100vw, 223px\" \/><\/td>\n<td style=\"width: 2.76679%\"><\/td>\n<td style=\"width: 70.9486%\">Je suis Valentin Girard, j&#8217;ai 25 ans, et je suis actuellement doctorant au Laboratoire d&#8217;Informatique de Grenoble sur le th\u00e8me <em>Penser le num\u00e9rique dans une soci\u00e9t\u00e9 de post-croissance<\/em>. Je viens de Franche-Comt\u00e9, et j&#8217;ai grandi dans une famille de classe moyenne sup\u00e9rieure. Mes parents m&#8217;ont toujours transmis leurs valeurs sociales et \u00e9cologiques, et m&#8217;ont beaucoup emmen\u00e9 en montagne et dans la nature. D&#8217;autres personnalit\u00e9s ont marqu\u00e9 mon existence, comme mon ancien voisin, un professeur de physique et montagnard aguerri, qui m&#8217;a transmis ses passions. J&#8217;ai suivi un parcours en classe pr\u00e9paratoire (physiques et sciences de l&#8217;ing\u00e9nieur), puis j&#8217;ai int\u00e9gr\u00e9 l\u2019\u00c9cole Nationale Sup\u00e9rieure de l\u2019\u00c9nergie de l&#8217;Eau et de l&#8217;Environnement (ENSE3). J&#8217;ai notamment pu suivre le parcours Pour une Ing\u00e9nierie Sobre Techno et Eco-responsable (PISTE), lors duquel j&#8217;ai approfondi mes connaissances en \u00e9cologie politique et en critique des techniques. Aujourd&#8217;hui, je passe la plupart de mon temps \u00e0 approfondir mes recherches, \u00e0 faire du sport de montagne, \u00e0 militer, \u00e0 lire, ou \u00e0 partir en aventures.<\/td>\n<\/tr>\n<\/tbody>\n<\/table>\n<h2>Contexte de recherche<\/h2>\n<p>Le secteur num\u00e9rique n\u2019existe aujourd\u2019hui que gr\u00e2ce aux d\u00e9g\u00e2ts sociaux et environnementaux qu\u2019il g\u00e9n\u00e8re. Les nombreuses cons\u00e9quences d\u00e9vastatrices de son industrie (n\u00e9o-esclavagisme minier, accaparement de l\u2019eau, destruction d\u2019habitats naturels, addiction aux \u00e9crans, manipulations de masse, etc) nous sont souvent pr\u00e9sent\u00e9es comme des externalit\u00e9s n\u00e9gatives \u00e0 r\u00e9duire. Or, les derni\u00e8res recherches sur l\u2019emprise de la num\u00e9risation sur notre soci\u00e9t\u00e9, que nous avons agr\u00e9g\u00e9es de mani\u00e8re syst\u00e9mique, nous montrent qu\u2019il s\u2019agit en r\u00e9alit\u00e9 de conditions d\u2019existence du secteur. En d\u2019autres termes, une industrie du num\u00e9rique sans d\u00e9t\u00e9rioration significative des conditions d\u2019habitabilit\u00e9 de la plan\u00e8te n\u2019est pas possible. Ce constat remet ainsi en cause la notion de \u00ab\u00a0durabilit\u00e9\u00a0\u00bb du secteur. De plus, les b\u00e9n\u00e9fices associ\u00e9s \u00e0 la num\u00e9risation de la soci\u00e9t\u00e9 industrielle sont distribu\u00e9s de fa\u00e7on tr\u00e8s in\u00e9galitaire, avec notamment une forte disparit\u00e9 entre le Nord et le Sud global.<\/p>\n<p>Malgr\u00e9 ces constats, les imaginaires autour de la \u2018twin transition\u2019 (transition \u00e9cologique et num\u00e9rique) restent porteurs d\u2019un faux espoir\u00a0: celui d\u2019un d\u00e9couplage entre num\u00e9risation et externalit\u00e9s n\u00e9gatives, entre croissance et impacts socio-environnementaux. Ces imaginaires de la transition sont, depuis 2022 notamment, accompagn\u00e9s d\u2019une vision s\u00e9curitaire et militariste des enjeux de la transition. Ces r\u00e9cits et imaginaires permettent aujourd\u2019hui de justifier de nombreux projets industriels ou militaires ayant pour cons\u00e9quence une expansion de l\u2019emprise num\u00e9rique, cr\u00e9ant ainsi des d\u00e9pendances syst\u00e9miques \u00e0 ces technologies, et faisant augmenter de fa\u00e7on exponentielle les impacts associ\u00e9s \u00e0 son industrie.<\/p>\n<p>Les recherches que nous menons actuellement portent donc sur les moyens possibles d\u2019enclencher une d\u00e9sescalade num\u00e9rique, c\u2019est-\u00e0-dire un mouvement s\u2019opposant \u00e0 l&#8217;escalade num\u00e9rique, visant \u00e0 ralentir, stabiliser, voire diminuer la num\u00e9risation de notre soci\u00e9t\u00e9. Cette nouvelle approche s\u2019int\u00e9resse non seulement \u00e0 la r\u00e9duction de la production mat\u00e9rielle, mais aussi aux processus de d\u00e9tachement collectif vis-\u00e0-vis de ces technologies. Ces d\u00e9tachements doivent \u00eatres outill\u00e9s. En cela, des processus de renoncements aux technologies d\u00e9j\u00e0 obsol\u00e8tes \u00e0 l\u2019aune de la soutenabilit\u00e9 sont en cours de d\u00e9veloppement. Ils doivent \u00eatre r\u00e9alis\u00e9s dans un but de cessation de nuire \u00e0 l\u2019habitabilit\u00e9 de la plan\u00e8te, \u00eatre men\u00e9s de mani\u00e8re d\u00e9mocratique, dans un esprit de justice sociale et dans le souci du bien-\u00eatre.<\/p>\n<p>&nbsp;<\/p>\n","protected":false},"excerpt":{"rendered":"<p>Dans un monde o\u00f9 les limites plan\u00e9taires sont d\u00e9j\u00e0 d\u00e9pass\u00e9es, o\u00f9 la plupart des points de non-retour ont d\u00e9j\u00e0 \u00e9t\u00e9 franchis, o\u00f9 la 6\u00e8me extinction de masse a d\u00e9j\u00e0 trop tu\u00e9 de vivant-es, et o\u00f9 les id\u00e9ologies s\u00e9curitaires, militaristes, racistes et expansionnistes r\u00e9\u00e9mergent violemment, o\u00f9 pouvons-nous atterrir ? Comment atterrir ? Dans mes recherches de [&hellip;]<\/p>\n","protected":false},"author":947,"featured_media":0,"parent":0,"menu_order":0,"comment_status":"closed","ping_status":"closed","template":"","meta":{"footnotes":""},"class_list":["post-7","page","type-page","status-publish","hentry"],"_links":{"self":[{"href":"https:\/\/lig-membres.imag.fr\/girard15\/wp-json\/wp\/v2\/pages\/7","targetHints":{"allow":["GET"]}}],"collection":[{"href":"https:\/\/lig-membres.imag.fr\/girard15\/wp-json\/wp\/v2\/pages"}],"about":[{"href":"https:\/\/lig-membres.imag.fr\/girard15\/wp-json\/wp\/v2\/types\/page"}],"author":[{"embeddable":true,"href":"https:\/\/lig-membres.imag.fr\/girard15\/wp-json\/wp\/v2\/users\/947"}],"replies":[{"embeddable":true,"href":"https:\/\/lig-membres.imag.fr\/girard15\/wp-json\/wp\/v2\/comments?post=7"}],"version-history":[{"count":9,"href":"https:\/\/lig-membres.imag.fr\/girard15\/wp-json\/wp\/v2\/pages\/7\/revisions"}],"predecessor-version":[{"id":233,"href":"https:\/\/lig-membres.imag.fr\/girard15\/wp-json\/wp\/v2\/pages\/7\/revisions\/233"}],"wp:attachment":[{"href":"https:\/\/lig-membres.imag.fr\/girard15\/wp-json\/wp\/v2\/media?parent=7"}],"curies":[{"name":"wp","href":"https:\/\/api.w.org\/{rel}","templated":true}]}}