{"id":9,"date":"2014-09-11T12:57:53","date_gmt":"2014-09-11T11:57:53","guid":{"rendered":"http:\/\/lig-membres.imag.fr\/ibrahimn\/?page_id=9"},"modified":"2014-09-23T14:19:43","modified_gmt":"2014-09-23T13:19:43","slug":"publication","status":"publish","type":"page","link":"https:\/\/lig-membres.imag.fr\/ibrahimn\/publication\/","title":{"rendered":"<!--:en-->publications<!--:-->"},"content":{"rendered":"<p><!--:en-->2014<\/p>\n<ul>\n<li>Sihem Amer-Yahia, Noha Ibrahim, Christiane Kamdem Kengne, Federico Ulliana, Marie-Christine Rousset SOCLE: Towards a Framework for Data Preparation in Social Applications. Networking and Information Systems, 2014.<\/li>\n<\/ul>\n<p>2013<\/p>\n<ul>\n<li>Christiane Kamdem Kengne, Noha Ibrahim, Marie-Christine Rousset, Maurice Tchuente Distance-based Trace Diagnosis for Multimedia Applications: Help me TED! Seventh IEEE International Conference on Semantic Computing (acceptance rate ~30%) , 2013.<\/li>\n<li>Christiane Kamdem Kengne, L\u00e9on C. Fopa, Alexandre Termier, Noha Ibrahim, Marie-Christine Rousset, Takashi Washio, Miguel Santana Efficiently Rewriting Large Multimedia Application Execution Traces with few Event Sequences. KDD-Industrial track , 2013.<\/li>\n<\/ul>\n<p>2012<\/p>\n<ul>\n<li>Christiane Kamdem Kengne, L\u00e9on C. Fopa, Noha Ibrahim, Alexandre Termier, Marie-Christine Rousset, Takashi Washio: Enhancing the Analysis of Large Multimedia Applications Execution Traces with FrameMiner. ICDM Workshop on Practical Theories for Data Mining (PTDM),<\/li>\n<\/ul>\n<p>Before 2011<\/p>\n<ul>\n<li>Genoveva Vargas-Solar, Noha Ibrahim, Christine Collet, Michel Adiba, Jean-Marc Petit, Thierry Delot Querying Issues in Pervasive Environments,Pervasive Computing and Communications Design and Deployment: Technologies, Trends, and Applications, IGI Global Publication (21 pages, single column) (To appear)<\/li>\n<li>Noha Ibrahim, Fr\u00e9d\u00e9ric Le Mou\u00ebl, St\u00e9phane Fr\u00e9not Semantic Service Substitution in Pervasive Environments, International Journal of Services, Economics and Management (IJSEM), Special Issue on \u00ab Service-Oriented Engineering \u00bb Journal Paper (25 pages, single column) (to appear)<\/li>\n<li>Victor Cuevas-Vicenttin, Genoveva Vargas-Solar, Christine Collet, Noha Ibrahim, Christophe Bobineau Coordinating services for accessing and processing data in dynamic environments, 18th International Conference on Cooperative Information Systems (CoopIS 2010), Crete, Greece, 27-29 october 2010 (to appear) (19,6%)<\/li>\n<li>Victor Cuevas-Vicenttin, Genoveva Vargas-Solar, Christine Collet, Noha Ibrahim HYPATIA: Flexible Processing of Hybrid Queries Using Service Coordination, 26\u00e8mes journ\u00e9es Bases de donn\u00e9es avanc\u00e9es (BDA 2010), Toulouse, France, 19-22 october 2010 (to appear)<\/li>\n<li>Noha Ibrahim, Genoveva Vargas-Solar Optimacs: Service Composition Based Framework for Optimizing Queries, 6ieme Journ\u00e9es Francophone Mobilit\u00e9 et Ubiquit\u00e9 (UBIMOB 2010), Lyon, France, 7-9 juin 2010 (conference without proceedings)<\/li>\n<li>Noha Ibrahim, St\u00e9phane Fr\u00e9not, Fr\u00e9d\u00e9ric Le Mou\u00ebl, User-Excentric Service Composition in Pervasive Environments, The 24th IEEE International Conference on Advanced Information Networking and Applications (AINA), april 2010, Perth, Australia (8 pages, double column) (25%)<\/li>\n<li>St\u00e9phane Fr\u00e9not, Noha Ibrahim, Fr\u00e9d\u00e9ric Le Mou\u00ebl, Amira Ben-Hamida, Julien Ponge, Mathieu Chantrel, Denis Beras ROCS : a Remotely Provisioned OSGi Framework for Ambient Devices, The 12th IEEE\/IFIP Operations &amp; Management Symposium (NOMS), april 2010, Osaka, Japan \u00a0(8 pages, double column) (26.9%)<\/li>\n<li>Noha Ibrahim, Fr\u00e9d\u00e9ric Le Mou\u00ebl, St\u00e9phane Fr\u00e9not Middleware technologies for ubiquitous computing, Next Generation Mobile Networks and Ubiquitous Computing, IGI Global Publication, Samuel Pierre (Ed), Chapter(12 pages, single column)<\/li>\n<li>Noha Ibrahim, Fr\u00e9d\u00e9ric Le Mou\u00ebl A Survey on Service Composition Middleware in Pervasive Environments, International Journal of Computer Science Issues (IJCSI), Special Issue on \u00ab Pervasive Computing Systems and Technologies \u00bb Vol 1, issue 1, August 2009. (11 pages, double column) (31.6%)<\/li>\n<li>Noha Ibrahim Orthogonal Classification of Middleware Technologies, The Third International Conference on Mobile Ubiquitous Computing, Systems, Services and Technologies (UBICOMM), october 2009, Sliema, Malta. Long Paper (6 pages, double column) (32%)<\/li>\n<li>Noha Ibrahim, Fr\u00e9d\u00e9ric Le Mou\u00ebl, St\u00e9phane Fr\u00e9not MySIM: A Spontaneous Service Integration Middleware for Pervasive Environments, ACM International Conference on Pervasive Services (ICPS), july 2009, London, England. Long Paper (10 pages, double column) (TBD%)<\/li>\n<li>Noha Ibrahim, Fr\u00e9d\u00e9ric Le Mou\u00ebl, St\u00e9phane Fr\u00e9not C-ANIS: a Contextual, Automatic and Dynamic Service-Oriented Integration Framework, International Symposium on Ubiquitous Computing Systems (UCS), november 2007, Tokyo, Japan. Long Paper.pdf (16 pages, single column) (25%) (16% for Long Paper)<\/li>\n<li>Noha Ibrahim, Fr\u00e9d\u00e9ric Le Mou\u00ebl, St\u00e9phane Fr\u00e9not Automatic Service-Integration Framework for Ubiquitous Environments, International Conference on Mobile Ubiquitous Computing, Systems, Services and Technologies (UBICOMM), november 2007, Papeete, Tahiti. (6 pages, double column) (27%)<\/li>\n<li>Wilfried Jouve, Noha Ibrahim, Laurent R\u00e9veill\u00e8re, Fr\u00e9d\u00e9ric Le Mou\u00ebl, Charles Consel Building Home Monitoring Applications: From Design to Implementation into The Amigo Middleware, Second International Conference on Pervasive Computing and Applications (ICPCA07), July 26-27, 2007, Birmingham, England. \u00a0(6 pages, double column) (TBD%)<\/li>\n<li>Noha Ibrahim, Fr\u00e9d\u00e9ric Le Mou\u00ebl Context-aware Specialization of Semantic Rules for choosing Services in Pervasive Environments, 2nd IEEE International Workshop on Services Integration in Pervasive Environments July 15-20, 2007, Istanbul, Turkey. (6 pages, double column)<\/li>\n<li>Noha Ibrahim, Fr\u00e9d\u00e9ric Le Mou\u00ebl ANIS: A Negotiated Integration of Services in Distributed Environments, 8th International Symposium on Distributed Objects and Applications (DOA), october, 2006, Montpellier, France. (18 pages, single column)(30%)<\/li>\n<li>Noha Ibrahim, Fr\u00e9d\u00e9ric Le Mou\u00ebl, St\u00e9phane Fr\u00e9not Int\u00e9gration n\u00e9goci\u00e9e de services dans les syst\u00e8mes distribu\u00e9s Journ\u00e9es Composants JC&#8217;06, Perpignan, France, october 2006 (12 pages, single column)<\/li>\n<li>Pierre Parrend, Yvan Royon and Noha Ibrahim Service-Oriented Distributed Communities in Residential Environments, 1st IEEE International Workshop on Services Integration in Pervasive Environments June 29, 2006, Lyon, France. Long Paper (6 pages, double column)<\/li>\n<li>Noha Ibrahim, Fr\u00e9d\u00e9ric Le Mou\u00ebl, St\u00e9phane Fr\u00e9not Techniques d&#8217;int\u00e9gration de service dans les environnements distribu\u00e9s 5\u00e8me atelier sur les Objets, Composants et Mod\u00e8les dans l&#8217;ing\u00e9nierie des Syst\u00e8mes d&#8217;Information (OCM-SI) \u00e0 INFORSID 2006 , Hammamet, Tunisia, june 2006. (12 pages, single column)<\/li>\n<li>Frederic Le Mou\u00ebl, Noha Ibrahim, Yvan Royon and Stephane Frenot Semantic Deployment of Services in Pervasive Environments RSPSI workshop at Pervasive 2006, 7-10 may, dublin. \u00a0(8 pages, single column)<\/li>\n<li>Fr\u00e9d\u00e9ric Le Mou\u00ebl, Noha Ibrahim, St\u00e9phane Fr\u00e9not Interface Matching and Combining Techniques for Services Integration 3er Congreso Nacional de Ciencias de la Computacion (CNCC&#8217;2005), FCC-BUAP, Puebla, Mexico, november 2005.<\/li>\n<li>Noha Ibrahim, Fr\u00e9d\u00e9ric Le Mou\u00ebl, St\u00e9phane Fr\u00e9not Automatic Negotiated Integration of Services in Pervasive Environments Proceedings of the Middleware for Web Services Workshop (MWS&#8217;2005), in conjunction with the 9th International IEEE Entreprise Distributed Object Computing Conference (EDOC&#8217;2005), Enschede, The Netherlands, september 19th 2005. Long Paper.pdf (7 pages, double column) &#8220;Most Promising Research&#8221; Award, NICTA.<\/li>\n<\/ul>\n<p><!--:--><\/p>\n","protected":false},"excerpt":{"rendered":"<p>2014 Sihem Amer-Yahia, Noha Ibrahim, Christiane Kamdem Kengne, Federico Ulliana, Marie-Christine Rousset SOCLE: Towards a Framework for Data Preparation in Social Applications. Networking and Information Systems, 2014. 2013 Christiane Kamdem Kengne, Noha Ibrahim, Marie-Christine Rousset, Maurice Tchuente Distance-based Trace Diagnosis &hellip;<\/p>\n<p class=\"read-more\"> <a class=\"more-link\" href=\"https:\/\/lig-membres.imag.fr\/ibrahimn\/publication\/\"> <span class=\"screen-reader-text\"><!--:en-->publications<!--:--><\/span> En lire plus &raquo;<\/a><\/p>\n","protected":false},"author":161,"featured_media":0,"parent":0,"menu_order":0,"comment_status":"open","ping_status":"open","template":"template-full.php","meta":{"footnotes":""},"class_list":["post-9","page","type-page","status-publish","hentry"],"_links":{"self":[{"href":"https:\/\/lig-membres.imag.fr\/ibrahimn\/wp-json\/wp\/v2\/pages\/9","targetHints":{"allow":["GET"]}}],"collection":[{"href":"https:\/\/lig-membres.imag.fr\/ibrahimn\/wp-json\/wp\/v2\/pages"}],"about":[{"href":"https:\/\/lig-membres.imag.fr\/ibrahimn\/wp-json\/wp\/v2\/types\/page"}],"author":[{"embeddable":true,"href":"https:\/\/lig-membres.imag.fr\/ibrahimn\/wp-json\/wp\/v2\/users\/161"}],"replies":[{"embeddable":true,"href":"https:\/\/lig-membres.imag.fr\/ibrahimn\/wp-json\/wp\/v2\/comments?post=9"}],"version-history":[{"count":3,"href":"https:\/\/lig-membres.imag.fr\/ibrahimn\/wp-json\/wp\/v2\/pages\/9\/revisions"}],"predecessor-version":[{"id":17,"href":"https:\/\/lig-membres.imag.fr\/ibrahimn\/wp-json\/wp\/v2\/pages\/9\/revisions\/17"}],"wp:attachment":[{"href":"https:\/\/lig-membres.imag.fr\/ibrahimn\/wp-json\/wp\/v2\/media?parent=9"}],"curies":[{"name":"wp","href":"https:\/\/api.w.org\/{rel}","templated":true}]}}