{"id":18,"date":"2014-02-21T15:09:11","date_gmt":"2014-02-21T14:09:11","guid":{"rendered":"http:\/\/lig-membres.imag.fr\/leroyv\/?page_id=18"},"modified":"2025-03-14T11:55:15","modified_gmt":"2025-03-14T10:55:15","slug":"publications","status":"publish","type":"page","link":"https:\/\/lig-membres.imag.fr\/leroyv\/publications\/","title":{"rendered":"Publications"},"content":{"rendered":"<p><span style=\"font-size: large;\">Journals<\/span><br \/>\n<a href=\"https:\/\/www.computer.org\/web\/tkde\" target=\"_blank\" rel=\"noopener\">Personalized and Diverse Task Composition in Crowdsourcing<\/a><br \/>\n<em>Maha Alsayasneh, Sihem Amer-Yahia, Eric Gaussier, Vincent Leroy, Julien Pilourdault, Ria Mae Borromeo, Motomichi Toyama and Jean-Michel Renders<\/em><br \/>\nTransactions on Knowledge and Data Engineering (TKDE), January 2018<\/p>\n<p><a href=\"http:\/\/www.sciencedirect.com\/science\/article\/pii\/S030643791730385X\" target=\"_blank\" rel=\"noopener\">Deployment strategies for crowdsourcing text creation<\/a><br \/>\n<em>Ria Mae Borromeo, Thomas Laurent, Motomichi Toyama, Maha Alsayasneh, Sihem Amer-Yahia and Vincent Leroy<\/em><br \/>\nInformation Systems (IS), November 2017<\/p>\n<p><a href=\"http:\/\/www.springer.com\/-\/2\/AVxwFUPslsZN9k3Li74d\" target=\"_blank\" rel=\"noopener\">Colloquial Region Discovery for Retail Products: Discovery and Application<\/a><br \/>\n<em>Shashwat Mishra, Vincent Leroy and Sihem Amer-Yahia<\/em><br \/>\nInternational Journal of Data Science and Analytics (JDSA), August 2017<\/p>\n<p><a href=\"https:\/\/hal.archives-ouvertes.fr\/hal-01474234\" target=\"_blank\" rel=\"noopener\">Efficient and versatile FPGA acceleration of support counting for stream mining of sequences and frequent itemsets<\/a><br \/>\n<em>Adrien Prost-Boucle, Fre\u0301de\u0301ric Pe\u0301trot, Vincent Leroy and Hande Alemdar<\/em><br \/>\nTransactions on Reconfigurable Technology and Systems (TRETS), July 2017<\/p>\n<p><a href=\"https:\/\/hal.archives-ouvertes.fr\/hal-01479067\" target=\"_blank\" rel=\"noopener\">TopPI: An efficient algorithm for item-centric mining<\/a><br \/>\n<em>Vincent Leroy, Martin Kirchgessner, Alexandre Termier and Sihem Amer-Yahia<\/em><br \/>\nInformation Systems (IS), March 2017<\/p>\n<p><a href=\"http:\/\/dl.acm.org\/citation.cfm?id=2043659\" target=\"_blank\" rel=\"noopener\">Collaborative personalized top-k processing<\/a><br \/>\n<em>Xiao Bai, Rachid Guerraoui, Anne-Marie Kermarrec and Vincent Leroy<\/em><br \/>\nACM Transactions on Database Systems (TODS)\u00a036(4), pages 26:1-26:38,\u00a02011<\/p>\n<p>&nbsp;<\/p>\n<p><span style=\"font-size: large;\">International Conferences<\/span><\/p>\n<p><a href=\"https:\/\/hal.archives-ouvertes.fr\/hal-01563763\/\" target=\"_blank\" rel=\"noopener\">Scalable High-Performance Architecture for Convolutional Ternary Neural Networks on FPGA<\/a><br \/>\n<em>Adrien Prost-Boucle, Alban Bourge, Fr\u00e9d\u00e9ric P\u00e9trot, Hande Alemdar, Nicholas Caldwell and Vincent Leroy <\/em><br \/>\nIn proceedings of the 27th international conference on field-programmable logic and applications (FPL),\u00a02017<\/p>\n<p><a href=\"https:\/\/hal.archives-ouvertes.fr\/hal-01481478\" target=\"_blank\" rel=\"noopener\">Ternary Neural Networks for Resource-Efficient AI Applications<\/a><br \/>\n<em>Hande Alemdar, Vincent Leroy, Adrien Prost-Boucle and Frederic Petrot<\/em><br \/>\nIn proceedings of the 30th International Joint Conference on Neural Networks (IJCNN),\u00a02017<\/p>\n<p><a href=\"https:\/\/openproceedings.org\/2017\/conf\/edbt\/paper-275.pdf\" target=\"_blank\" rel=\"noopener\">Crowdsourcing Strategies for Text Creation Tasks<\/a> (short paper)<br \/>\n<em>Ria Mae Borromeo, Maha Alsayasneh, Sihem Amer-Yahia and Vincent Leroy<\/em><br \/>\nIn proceedings of the 20th International Conference on Extending Database Technology (EDBT),\u00a02017<\/p>\n<p><a href=\"https:\/\/hal.inria.fr\/hal-01533401\" target=\"_blank\" rel=\"noopener\">Debugging of Concurrent Systems using Counterexample Analysis<\/a><br \/>\n<em>Gianluca Barbon, Vincent Leroy and Gwen Sala\u00fcn<\/em><br \/>\nIn Proceedings of the 7th IPM International Conference on Fundamentals of Software Engineering (FSEN), 2017<\/p>\n<p><a href=\"https:\/\/hal.archives-ouvertes.fr\/hal-01407457\" target=\"_blank\" rel=\"noopener\">Locality-Aware Routing in Stateful Streaming Applications<\/a><br \/>\n<em>Matthieu Caneill, Ahmed El Rheddane, Vincent Leroy and Noel De Palma<\/em><br \/>\nIn Proceedings of the 16th International Middleware Conference (Middleware), 2016<\/p>\n<p><a href=\"https:\/\/hal.archives-ouvertes.fr\/hal-01407787\" target=\"_blank\" rel=\"noopener\">Testing Interestingness Measures in Practice: A Large-Scale Analysis of Buying Patterns<\/a><br \/>\n<em>Martin Kirchgessner, Vincent Leroy, Sihem Amer-Yahia, Shashwat Mishra and Intermarch\u00e9 Alimentaire International Stime<\/em><br \/>\nIn Proceedings of the International Conference on Data Science and Advanced Analytics (DSAA), 2016<\/p>\n<p><a href=\"https:\/\/hal.archives-ouvertes.fr\/hal-01407780\" target=\"_blank\" rel=\"noopener\">Task Composition in Crowdsourcing<\/a><br \/>\n<em>Sihem Amer-Yahia, Ria Borromeo, Eric Gaussier, Vincent Leroy, Julien Pilourdault and Motomichi Toyama<\/em><br \/>\nIn Proceedings of the International Conference on Data Science and Advanced Analytics (DSAA), 2016<\/p>\n<p><a href=\"https:\/\/hal.archives-ouvertes.fr\/hal-01354713\" target=\"_blank\" rel=\"noopener\">TopPI: An Efficient Algorithm for Item-Centric Mining<\/a><br \/>\n<em>Martin Kirchgessner, Vincent Leroy, Alexandre Termier, Sihem Amer-Yahia and Marie-Christine Rousset<\/em><br \/>\nIn Proceedings of the International Conference on Big Data Analytics and Knowledge Discovery (DaWaK), 2016<\/p>\n<p><a href=\"https:\/\/hal.archives-ouvertes.fr\/hal-01266188\" target=\"_blank\" rel=\"noopener\">Distributed Evaluation of Top-k Temporal Joins<\/a><br \/>\n<em>Julien Pilourdault, Vincent Leroy and Sihem Amer-Yahia<\/em><br \/>\nIn Proceedings of the ACM International Conference on Management of Data (SIGMOD), 2016<\/p>\n<p><a href=\"http:\/\/hal.archives-ouvertes.fr\/hal-01190980\" target=\"_blank\" rel=\"noopener\">Discovering Characterizing Regions For Consumer Products<\/a><br \/>\n<em>Shashwat Mishra, Vincent Leroy and Sihem Amer-Yahia<\/em><br \/>\nIn Proceedings of the International Conference on Data Science and Advanced Analytics (DSAA),\u00a02015<\/p>\n<p><a href=\"http:\/\/hal.archives-ouvertes.fr\/hal-01180167\" target=\"_blank\" rel=\"noopener\">Building Representative Composite Items<\/a><br \/>\n<em>Vincent Leroy, Sihem Amer-Yahia, Eric Gaussier and Hamid Mirisaee<\/em><br \/>\nIn Proceedings of the 24th ACM Conference on Information and Knowledge Management (CIKM),\u00a02015<br \/>\nerratum: m\u22641 for maximization and m\u22651 for minimization<\/p>\n<p><a href=\"https:\/\/hal.archives-ouvertes.fr\/hal-01178782\" target=\"_blank\" rel=\"noopener\">Data Mining Approach to Temporal Debugging of Embedded Streaming Applications<\/a><br \/>\n<em>Oleg Iegorov, Alexandre Termier, Vincent Leroy, Jean-Fran\u00e7ois Mehaut and Miguel Santana<\/em><br \/>\nIn Proceedings of the International Conference on Embedded Software (EMSOFT),\u00a02015<\/p>\n<p><a href=\"http:\/\/hal.archives-ouvertes.fr\/hal-00932468\" target=\"_blank\" rel=\"noopener\">DynaSoRe: Efficient In-Memory Store for Social Applications<\/a><br \/>\n<em>Xiao Bai, Arnaud J\u00e9gou, Flavio P. Junqueira and Vincent Leroy<\/em><br \/>\nIn Proceedings of the 14th International Middleware Conference (Middleware),\u00a0pages 425-444,\u00a02013<\/p>\n<p><a href=\"http:\/\/hal.archives-ouvertes.fr\/hal-00923545\" target=\"_blank\" rel=\"noopener\">Piggybacking on social networks<\/a><br \/>\n<em>Aristides Gionis, Flavio P. Junqueira, Vincent Leroy, Marco Serafini and Ingmar Weber<\/em><br \/>\nProceedings of the 39th International Conference on Very Large Databases (VLDB),\u00a0pages 409-420,\u00a02013<\/p>\n<p><a href=\"http:\/\/dl.acm.org\/citation.cfm?id=2348394\" target=\"_blank\" rel=\"noopener\">Reactive index replication for distributed search engines<\/a><br \/>\n<em>Flavio P. Junqueira, Vincent Leroy and Matthieu Morel<\/em><br \/>\nIn Proceedings of the 35th ACM SIGIR Conference on Research and Development in Information Retrieval (SIGIR),\u00a0pages 831-840,\u00a02012<\/p>\n<p><a href=\"http:\/\/www.dc.fi.udc.es\/~roi\/publications\/cikm2011d.pdf\" target=\"_blank\" rel=\"noopener\">Assigning documents to master sites in distributed search<\/a><br \/>\n<em>Roi Blanco, B. Barla Cambazoglu, Flavio P. Junqueira, Ivan Kelly and Vincent Leroy<\/em><br \/>\nIn Proceedings of the 20th ACM Conference on Information and Knowledge Management (CIKM),\u00a0pages 67-76,\u00a02011<\/p>\n<p><a href=\"http:\/\/dl.acm.org\/citation.cfm?id=2063751\" target=\"_blank\" rel=\"noopener\">Distributed social graph embedding<\/a><br \/>\n<em>Anne-Marie Kermarrec, Vincent Leroy and Gilles Tr\u00e9dan<\/em><br \/>\nIn Proceedings of the 20th ACM Conference on Information and Knowledge Management (CIKM),\u00a0pages 1209-1214,\u00a02011<\/p>\n<p><a href=\"http:\/\/dl.acm.org\/citation.cfm?id=1963033\" target=\"_blank\" rel=\"noopener\">Converging quickly to independent uniform random topologies<\/a><br \/>\n<em>Anne-Marie Kermarrec, Vincent Leroy and Christopher Thraves<\/em><br \/>\nIn Proceedings of the 19th Euromicro International Conference on Parallel, Distributed and Network-Based Computing (PDP),\u00a0pages 159-166,\u00a02011<\/p>\n<p><a href=\"http:\/\/hal.inria.fr\/inria-00515693\/PDF\/gossple.pdf\" target=\"_blank\" rel=\"noopener\">The Gossple anonymous social network<\/a><br \/>\n<em>Marin Bertier, Davide Frey, Rachid Guerraoui, Anne-Marie Kermarrec and Vincent Leroy<\/em><br \/>\nIn Proceedings of the 11th International Middleware Conference (Middleware),\u00a0pages 191-211,\u00a02010<\/p>\n<p><a href=\"http:\/\/francescobonchi.com\/kdd2010.pdf\" target=\"_blank\" rel=\"noopener\">Cold start link prediction<\/a><br \/>\n<em>Vincent Leroy, B. Barla Cambazoglu and Francesco Bonchi<\/em><br \/>\nIn Proceedings of the 16th ACM SIGKDD International Conference on Knowledge Discovery and Data Mining (KDD),\u00a0pages 393-402,\u00a02010<\/p>\n<p><a href=\"http:\/\/hal.inria.fr\/inria-00455643\/PDF\/paper.pdf\" target=\"_blank\" rel=\"noopener\">Gossiping personalized queries<\/a><br \/>\n<em>Xiao Bai, Marin Bertier, Rachid Guerraoui, Anne-Marie Kermarrec and Vincent Leroy<\/em><br \/>\nIn proceedings of the 13th International Conference on Extending Database Technology (EDBT),\u00a0pages 87-98,\u00a02010<\/p>\n<p><a href=\"http:\/\/hal.inria.fr\/inria-00520214\/PDF\/opodis10_HAL.pdf\" target=\"_blank\" rel=\"noopener\">Application of random walks to decentralized recommender systems<\/a><br \/>\n<em>Anne-Marie Kermarrec, Vincent Leroy, Afshin Moin and Christopher Thraves<\/em><br \/>\nIn Proceedings of the 14th International Conference On Principles Of Distributed Systems (OPODIS),\u00a0pages 48-63,\u00a02010<\/p>\n<p><a href=\"http:\/\/hal.inria.fr\/inria-00459944\/PDF\/D2HT_preprint.pdf\" target=\"_blank\" rel=\"noopener\">D2HT: the best of both worlds, integrating RPS and DHT<\/a><br \/>\n<em>Marin Bertier, Fran\u00e7ois Bonnet, Anne-Marie Kermarrec, Vincent Leroy, Sathya Peri and Michel Raynal<\/em><br \/>\nIn Proceedings of the European Dependable Computing Conference (EDCC),\u00a0pages 135-144,\u00a02010<\/p>\n<p>&nbsp;<\/p>\n<p><span style=\"font-size: large;\">National Conferences<\/span><\/p>\n<p><a href=\"http:\/\/hal.inria.fr\/inria-00331824\/PDF\/cfse08_vleroy_v3.pdf\" target=\"_blank\" rel=\"noopener\">Vers un desktop-grid pair-\u00e0-pair<\/a><br \/>\n<em>Marin Bertier, Anne-Marie Kermarrec and Vincent Leroy<\/em><br \/>\nIn Proceedings of Conf\u00e9rence Fran\u00e7aise en Syst\u00e8mes d&#8217;Exploitation (CFSE),\u00a02008<\/p>\n<p>&nbsp;<\/p>\n<p><span style=\"font-size: large;\">International Workshops<\/span><\/p>\n<p><a href=\"http:\/\/dl.acm.org\/citation.cfm?id=2181183\" target=\"_blank\" rel=\"noopener\">Shepherding Social Feed Generation with Sheep<\/a><br \/>\n<em>Flavio P. Junqueira, Vincent Leroy, Marco Serafini and Adam Silberstein<\/em><br \/>\nIn Proceedings of Social Network Systems (SNS),\u00a02012<\/p>\n<p><a href=\"http:\/\/dl.acm.org\/citation.cfm?id=2181184\" target=\"_blank\" rel=\"noopener\">Social Piggybacking: Leveraging Common Friends to Generate Event-Streams<\/a><br \/>\n<em>Aristides Gionis, Flavio Junqueira, Vincent Leroy, Marco Serafini and Ingmar Weber<\/em><br \/>\nIn Proceedings of Social Network Systems (SNS),\u00a02012<\/p>\n<p><a href=\"http:\/\/hal.inria.fr\/inria-00368168\/PDF\/sns09New_4.pdf\" target=\"_blank\" rel=\"noopener\">Toward personalized query expansion<\/a><br \/>\n<em>Marin Bertier, Rachid Guerraoui, Anne-Marie Kermarrec and Vincent Leroy<\/em><br \/>\nIn Proceedings of Social Network Systems (SNS),\u00a02009<\/p>\n<p>&nbsp;<\/p>\n<p><span style=\"font-size: large;\">Habilitation Thesis<\/span><\/p>\n<p><a href=\"https:\/\/hal.archives-ouvertes.fr\/tel-01628568\" target=\"_blank\" rel=\"noopener\">Data Analysis at Scale: Systems, Algorithms and Information<\/a><br \/>\n<em>Vincent Leroy<\/em>, 2017<\/p>\n<p><span style=\"font-size: large;\">Ph.D. Thesis<\/span><\/p>\n<p><a href=\"http:\/\/tel.archives-ouvertes.fr\/tel-00545639\" target=\"_blank\" rel=\"noopener\">Distributing social applications<\/a><br \/>\n<em>Vincent Leroy<\/em>, 2010<\/p>\n<div id=\"ir-ext-ui\" style=\"color: #000000; font-size: 16px; line-height: 16px; background-color: #f7f7f7; border: 1px solid #999999; border-radius: 1px; top: 1px; left: 1px;\">\n<div class=\"ir-ext-dimensions\"><span class=\"ir-ext-rendered\" title=\"Rendered image dimensions (after any scaling\/resizing has been applied)\"> x <\/span> <span class=\"ir-ext-natural\" title=\"Natural image dimensions (without applying any scaling\/resizing)\"> (x) <\/span><\/div>\n<div class=\"ir-ext-filesize\"><\/div>\n<\/div>\n","protected":false},"excerpt":{"rendered":"<p>Journals Personalized and Diverse Task Composition in Crowdsourcing Maha Alsayasneh, Sihem Amer-Yahia, Eric Gaussier, Vincent Leroy, Julien Pilourdault, Ria Mae Borromeo, Motomichi Toyama and Jean-Michel Renders Transactions on Knowledge and Data Engineering (TKDE), January 2018 Deployment strategies for crowdsourcing text &hellip;<\/p>\n<p class=\"read-more\"> <a class=\"more-link\" href=\"https:\/\/lig-membres.imag.fr\/leroyv\/publications\/\"> <span class=\"screen-reader-text\">Publications<\/span> Read More &raquo;<\/a><\/p>\n","protected":false},"author":126,"featured_media":0,"parent":0,"menu_order":0,"comment_status":"closed","ping_status":"closed","template":"","meta":{"footnotes":""},"class_list":["post-18","page","type-page","status-publish","hentry"],"_links":{"self":[{"href":"https:\/\/lig-membres.imag.fr\/leroyv\/wp-json\/wp\/v2\/pages\/18","targetHints":{"allow":["GET"]}}],"collection":[{"href":"https:\/\/lig-membres.imag.fr\/leroyv\/wp-json\/wp\/v2\/pages"}],"about":[{"href":"https:\/\/lig-membres.imag.fr\/leroyv\/wp-json\/wp\/v2\/types\/page"}],"author":[{"embeddable":true,"href":"https:\/\/lig-membres.imag.fr\/leroyv\/wp-json\/wp\/v2\/users\/126"}],"replies":[{"embeddable":true,"href":"https:\/\/lig-membres.imag.fr\/leroyv\/wp-json\/wp\/v2\/comments?post=18"}],"version-history":[{"count":49,"href":"https:\/\/lig-membres.imag.fr\/leroyv\/wp-json\/wp\/v2\/pages\/18\/revisions"}],"predecessor-version":[{"id":354,"href":"https:\/\/lig-membres.imag.fr\/leroyv\/wp-json\/wp\/v2\/pages\/18\/revisions\/354"}],"wp:attachment":[{"href":"https:\/\/lig-membres.imag.fr\/leroyv\/wp-json\/wp\/v2\/media?parent=18"}],"curies":[{"name":"wp","href":"https:\/\/api.w.org\/{rel}","templated":true}]}}