{"id":18,"date":"2014-10-22T14:52:46","date_gmt":"2014-10-22T13:52:46","guid":{"rendered":"http:\/\/lig-membres.imag.fr\/lestidea\/?page_id=18"},"modified":"2025-02-08T16:27:24","modified_gmt":"2025-02-08T15:27:24","slug":"accueil","status":"publish","type":"page","link":"https:\/\/lig-membres.imag.fr\/lestidea\/","title":{"rendered":"Accueil"},"content":{"rendered":"<p>Vincent Lestideau<\/p>\n<p>Ma\u00eetre de conf\u00e9rences<br \/>\nIUT 1 de Grenoble<br \/>\nUniversit\u00e9 Grenoble Alpes<\/p>\n<p>Laboratoire LIG<\/p>\n<p>Mail : vincent.lestideau[at]univ-grenoble-alpes.fr<\/p>\n<div id=\"ir-ext-ui\" style=\"color: #000000; font-size: 16px; line-height: 16px; background-color: #f7f7f7; border: 1px solid #999999; border-radius: 1px; top: 1px; left: 1px;\">\n<div class=\"ir-ext-dimensions\"><span class=\"ir-ext-rendered\" title=\"Rendered image dimensions (after any scaling\/resizing has been applied)\"> x <\/span> <span class=\"ir-ext-natural\" title=\"Natural image dimensions (without applying any scaling\/resizing)\"> (x) <\/span><\/div>\n<div class=\"ir-ext-filesize\"><\/div>\n<\/div>\n","protected":false},"excerpt":{"rendered":"<p>Vincent Lestideau Ma\u00eetre de conf\u00e9rences IUT 1 de Grenoble Universit\u00e9 Grenoble Alpes Laboratoire LIG Mail : vincent.lestideau[at]univ-grenoble-alpes.fr x (x)<\/p>\n","protected":false},"author":104,"featured_media":0,"parent":0,"menu_order":0,"comment_status":"closed","ping_status":"closed","template":"","meta":{"footnotes":""},"class_list":["post-18","page","type-page","status-publish","hentry"],"_links":{"self":[{"href":"https:\/\/lig-membres.imag.fr\/lestidea\/wp-json\/wp\/v2\/pages\/18","targetHints":{"allow":["GET"]}}],"collection":[{"href":"https:\/\/lig-membres.imag.fr\/lestidea\/wp-json\/wp\/v2\/pages"}],"about":[{"href":"https:\/\/lig-membres.imag.fr\/lestidea\/wp-json\/wp\/v2\/types\/page"}],"author":[{"embeddable":true,"href":"https:\/\/lig-membres.imag.fr\/lestidea\/wp-json\/wp\/v2\/users\/104"}],"replies":[{"embeddable":true,"href":"https:\/\/lig-membres.imag.fr\/lestidea\/wp-json\/wp\/v2\/comments?post=18"}],"version-history":[{"count":5,"href":"https:\/\/lig-membres.imag.fr\/lestidea\/wp-json\/wp\/v2\/pages\/18\/revisions"}],"predecessor-version":[{"id":53,"href":"https:\/\/lig-membres.imag.fr\/lestidea\/wp-json\/wp\/v2\/pages\/18\/revisions\/53"}],"wp:attachment":[{"href":"https:\/\/lig-membres.imag.fr\/lestidea\/wp-json\/wp\/v2\/media?parent=18"}],"curies":[{"name":"wp","href":"https:\/\/api.w.org\/{rel}","templated":true}]}}