{"id":40,"date":"2014-10-22T15:07:45","date_gmt":"2014-10-22T14:07:45","guid":{"rendered":"http:\/\/lig-membres.imag.fr\/lestidea\/?page_id=40"},"modified":"2025-10-16T13:12:56","modified_gmt":"2025-10-16T12:12:56","slug":"publications","status":"publish","type":"page","link":"https:\/\/lig-membres.imag.fr\/lestidea\/publications\/","title":{"rendered":"Publications"},"content":{"rendered":"<div id=\"wphal-content\"><div id=\"meta\">\n        <div class=\"display\" id=\"wphal-contact\" style=\"display: none\">\n            <h3 class=\"wphal-titre\">Contact<\/h3>\n\n            <ul id=\"wphal-cont\" style=\"list-style-type: none\"><div class=\"wphal-infocontact\" id=\"wphal-infocontact0\"><li class=\"wphal-fullname\"><span>Nom : <\/span><span>Vincent Lestideau<\/span><\/li><li class=\"wphal-idhal\"><span>IdHAL : <\/span><span>vincent-lestideau<\/span><\/li><li class=\"wphal-\"><span>IdRef : <\/span><span><a href=\"https:\/\/www.idref.fr\/076429598\" target=\"_blank\">076429598<\/a> ,<\/span><\/li><\/div><\/ul>\n        <\/div>\n        <div class=\"display\" id=\"wphal-disciplines\" style=\"display: none\">\n            <h3 class=\"wphal-titre\">Disciplines<\/h3><\/div>\n        <div class=\"display\" id=\"wphal-keywords\" style=\"display: none\">\n            <h3 class=\"wphal-titre\">Mots-clefs<\/h3><\/div>\n        <div class=\"display\" id=\"wphal-auteurs\" style=\"display: none\">\n            <h3 class=\"wphal-titre\">Auteurs<\/h3><\/div>\n        <div class=\"display\" id=\"wphal-affiliated\" style=\"display: none\">\n            <h3 class=\"wphal-titre\">Auteurs de la structure<\/h3><\/div>\n        <div class=\"display\" id=\"wphal-revues\" style=\"display: none\">\n            <h3 class=\"wphal-titre\">Revues<\/h3><\/div>\n        <div class=\"display\" id=\"wphal-annees\" style=\"display: none\">\n            <h3 class=\"wphal-titre\">Ann\u00e9e de production<\/h3><\/div>\n        <div class=\"display\" id=\"wphal-insts\" style=\"display: none\">\n            <h3 class=\"wphal-titre\">Institutions<\/h3><\/div>\n       <div class=\"display\" id=\"wphal-labs\" style=\"display: none\">\n            <h3 class=\"wphal-titre\">Laboratoires<\/h3><\/div>\n       <div class=\"display\" id=\"wphal-depts\" style=\"display: none\">\n            <h3 class=\"wphal-titre\">D\u00e9partements<\/h3><\/div>\n       <div class=\"display\" id=\"wphal-equipes\" style=\"display: none\">\n            <h3 class=\"wphal-titre\">\u00c9quipes de recherche<\/h3><\/div>\n    <div class=\"display\" id=\"publications\"><div class=\"counter-doc\"><span class=\"wphal-nbtot\">16 <\/span>documents<\/div><br><div class=\"grp-div\"><h3 class=\"wphal-titre-groupe\">Articles dans une revue<span class=\"wphal-nbmetadata\" style=\"margin-left:10px\">1 document<\/span><\/h3><div class=\"grp-content\"><ul><li>St\u00e9phanie Chollet, Vincent Lestideau, Denis Morand, Yoann Maurel, Philippe Lalanda. Auto-r\u00e9paration et auto-optimisation des applications pervasives - Un gestionnaire de s\u00e9lection de d\u00e9pendances de services bas\u00e9 sur l'Analyse de Concepts Formels. <i>TSI Informatique autonomique<\/i>, 2014, 33 (1-2), pp.7-30. <a target=\"_blank\" href=\"https:\/\/hal.science\/hal-00839103v1\">&#x27E8;hal-00839103&#x27E9;<\/a><\/li><\/ul><\/div><\/div><br><div class=\"grp-div\"><h3 class=\"wphal-titre-groupe\">Communications dans un congr\u00e8s<span class=\"wphal-nbmetadata\" style=\"margin-left:10px\">14 document<\/span><\/h3><div class=\"grp-content\"><ul><li>Catherine Hamon, Vincent Lestideau, German Vega, Philippe Lalanda. Device installation in smart homes. <i>2017 IEEE International Conference on Pervasive Computing and Communications Workshops (PerCom Workshops)<\/i>, Mar 2017, Kona, France. pp.74-75. <a target=\"_blank\" href=\"https:\/\/hal.science\/hal-02014699v1\">&#x27E8;hal-02014699&#x27E9;<\/a><\/li><li>Philippe Lalanda, St\u00e9phanie Chollet, Catherine Hamon, Vincent Lestideau. Architectural Models to Simplify Administration of Service-Oriented Applications. <i>IEEE International Conference on Services Computing, SCC 2016<\/i>, Jun 2016, San Francisco, United States. <a target=\"_blank\" href=\"https:\/\/hal.science\/hal-01898599v1\">&#x27E8;hal-01898599&#x27E9;<\/a><\/li><li>Ozan Gunalp, Levent Gurgen, Vincent Lestideau, Philippe Lalanda. Autonomic Pervasive Applications Driven by Abstract Specifications. <i>Self-IoT 2012 - international workshop on Self-aware Internet of Things<\/i>, Sep 2012, San Jose, CA, United States. pp.19-24, <a target=\"_blank\" href=\"https:\/\/dx.doi.org\/10.1145\/2378023.2378028\">&#x27E8;10.1145\/2378023.2378028&#x27E9;<\/a>. <a target=\"_blank\" href=\"https:\/\/hal.science\/hal-00745393v1\">&#x27E8;hal-00745393&#x27E9;<\/a><\/li><li>Yoann Maurel, St\u00e9phanie Chollet, Vincent Lestideau, Jonathan Bardin, Philippe Lalanda, et al.. fANFARE: Autonomic Framework for Service-based Pervasive Environment. <i>SCC 2012 - International Conference on Service Computing<\/i>, Jun 2012, Honolulu, HI, United States. pp.65-72, <a target=\"_blank\" href=\"https:\/\/dx.doi.org\/10.1109\/SCC.2012.7\">&#x27E8;10.1109\/SCC.2012.7&#x27E9;<\/a>. <a target=\"_blank\" href=\"https:\/\/hal.science\/hal-00693315v1\">&#x27E8;hal-00693315&#x27E9;<\/a><\/li><li>St\u00e9phanie Chollet, Vincent Lestideau, Yoann Maurel, Etienne Gandrille, Philippe Lalanda, et al.. Practical Use of Formal Concept Analysis in Service-Oriented Computing. <i>ICFCA 2012 - International Conference on Formal Concept Analysis<\/i>, May 2012, Leuven, Belgium. pp.61-76, <a target=\"_blank\" href=\"https:\/\/dx.doi.org\/10.1007\/978-3-642-29892-9_11\">&#x27E8;10.1007\/978-3-642-29892-9_11&#x27E9;<\/a>. <a target=\"_blank\" href=\"https:\/\/hal.science\/hal-00693312v1\">&#x27E8;hal-00693312&#x27E9;<\/a><\/li><li>St\u00e9phanie Chollet, Vincent Lestideau, Philippe Lalanda, Yoann Maurel, Pierre Colomb, et al.. Building FCA-Based Decision Trees for the Selection of Heterogeneous Services. <i>SCC 2011 - 8th International Conference on Services Computing<\/i>, Jul 2011, Washington DC, United States. pp.616-623, <a target=\"_blank\" href=\"https:\/\/dx.doi.org\/10.1109\/SCC.2011.35\">&#x27E8;10.1109\/SCC.2011.35&#x27E9;<\/a>. <a target=\"_blank\" href=\"https:\/\/hal.science\/hal-00746043v1\">&#x27E8;hal-00746043&#x27E9;<\/a><\/li><li>St\u00e9phanie Chollet, Vincent Lestideau, Philippe Lalanda, Pierre Colomb, Diana Moreno. Heterogeneous Service Selection Based on Formal Concept Analysis. <i>Service 2010 - 6th World Congress on Services<\/i>, Jul 2010, Miami, Florida, United States. pp.367-374, <a target=\"_blank\" href=\"https:\/\/dx.doi.org\/10.1109\/SERVICES.2010.35\">&#x27E8;10.1109\/SERVICES.2010.35&#x27E9;<\/a>. <a target=\"_blank\" href=\"https:\/\/hal.science\/hal-00756126v1\">&#x27E8;hal-00756126&#x27E9;<\/a><\/li><li>Fran\u00e7oise Baude, Virginie Legrand, Vincent Lestideau. Large-Scale Service Deployment--Application to OSGi. <i>Third International Conference on Autonomic and Autonomous Systems<\/i>, Jun 2007, Athens, Greece. pp.19, <a target=\"_blank\" href=\"https:\/\/dx.doi.org\/10.1109\/CONIELECOMP.2007.81\">&#x27E8;10.1109\/CONIELECOMP.2007.81&#x27E9;<\/a>. <a target=\"_blank\" href=\"https:\/\/hal.science\/hal-00756264v1\">&#x27E8;hal-00756264&#x27E9;<\/a><\/li><li>Philippe Lalanda, Antonin Chazalet, Vincent Lestideau. Deployment of software services in the power distribution context. <i>2006 IEEE International Conference on Industrial Informatics<\/i>, Aug 2006, Singapore, Singapore. pp.599-604, <a target=\"_blank\" href=\"https:\/\/dx.doi.org\/10.1109\/INDIN.2006.275629\">&#x27E8;10.1109\/INDIN.2006.275629&#x27E9;<\/a>. <a target=\"_blank\" href=\"https:\/\/hal.science\/hal-00785256v1\">&#x27E8;hal-00785256&#x27E9;<\/a><\/li><li>Fran\u00e7oise Baude, Andr\u00e9 Bottaro, Jean-Michel Brun, Antonin Chazalet, Arnaud Constancin, et al.. Extension de passerelles OSGi pour les domaines de la distribution \u00e9lectrique: Mod\u00e8les et outils. <i>Atelier de travail OSGi 2006<\/i>, 2006, Paris, France. <a target=\"_blank\" href=\"https:\/\/hal.science\/hal-00097266v1\">&#x27E8;hal-00097266&#x27E9;<\/a><\/li><li>Pierre-Yves Cunin, Vincent Lestideau, No\u00eblle Merle. ORYA: A Strategy Oriented Deployment Framework. <i>3rd International Working Conference of Component Deployment<\/i>, 2005, Grenoble, France. pp.177-180, <a target=\"_blank\" href=\"https:\/\/dx.doi.org\/10.1007\/11590712_14\">&#x27E8;10.1007\/11590712_14&#x27E9;<\/a>. <a target=\"_blank\" href=\"https:\/\/hal.science\/hal-00785265v1\">&#x27E8;hal-00785265&#x27E9;<\/a><\/li><li>Vincent Lestideau, Nourredine Belkatir. Providing Highly Automated and Generic Means for Software Deployment Process. <i>9th European Workshop, EWSPT 2003<\/i>, Sep 2003, Helsinki, Finland. pp.128-142, <a target=\"_blank\" href=\"https:\/\/dx.doi.org\/10.1007\/978-3-540-45189-1_10\">&#x27E8;10.1007\/978-3-540-45189-1_10&#x27E9;<\/a>. <a target=\"_blank\" href=\"https:\/\/hal.science\/hal-00785271v1\">&#x27E8;hal-00785271&#x27E9;<\/a><\/li><li>Vincent Lestideau, Noureddine Belkhatir, Pierre-Yves Cunin. Towards automated software component configuration and deployment. <i>3rd International Workshop on Process support for Distributed Team-based Software Development<\/i>, 2002, Orlando, United States. <a target=\"_blank\" href=\"https:\/\/hal.science\/hal-00785280v1\">&#x27E8;hal-00785280&#x27E9;<\/a><\/li><li>Nourredine Belkatir, Pierre-Yves Cunin, Vincent Lestideau, Hacene Sali. An OO Framework for Configuration of Deployable Large Component based Software Products. <i>Workshop on Engineering Complex Object-Oriented Systems for Evolution<\/i>, 2001, France. <a target=\"_blank\" href=\"https:\/\/hal.science\/hal-00785287v1\">&#x27E8;hal-00785287&#x27E9;<\/a><\/li><\/ul><\/div><\/div><br><div class=\"grp-div\"><h3 class=\"wphal-titre-groupe\">Th\u00e8ses<span class=\"wphal-nbmetadata\" style=\"margin-left:10px\">1 document<\/span><\/h3><div class=\"grp-content\"><ul><li>Vincent Lestideau. Mod\u00e8les et environnement pour configurer et d\u00e9ployer des syst\u00e8mes logiciels. G\u00e9nie logiciel [cs.SE]. Universit\u00e9 de Savoie, 2003. Fran\u00e7ais. <a target=\"_blank\" href=\"https:\/\/www.theses.fr\/\">&#x27E8;NNT : &#x27E9;<\/a>. <a target=\"_blank\" href=\"https:\/\/theses.hal.science\/tel-00005525v1\">&#x27E8;tel-00005525&#x27E9;<\/a><\/li><\/ul><\/div><\/div><br><\/div>\n    <\/div>\n<\/div><div class=\"wphal-footer\"><p style=\"color:#B3B2B0\">Documents r\u00e9cup\u00e9r\u00e9s de l'archive ouverte HAL&nbsp;<a href=\"https:\/\/hal.science\/\" target=\"_blank\"><img decoding=\"async\" alt=\"logo\" src=\"https:\/\/lig-membres.imag.fr\/lestidea\/wp-content\/plugins\/hal\/img\/logo-hal.png\" style=\"width:90px\"><\/a><\/p><\/div>\n","protected":false},"excerpt":{"rendered":"","protected":false},"author":104,"featured_media":0,"parent":0,"menu_order":0,"comment_status":"closed","ping_status":"closed","template":"","meta":{"footnotes":""},"class_list":["post-40","page","type-page","status-publish","hentry"],"_links":{"self":[{"href":"https:\/\/lig-membres.imag.fr\/lestidea\/wp-json\/wp\/v2\/pages\/40","targetHints":{"allow":["GET"]}}],"collection":[{"href":"https:\/\/lig-membres.imag.fr\/lestidea\/wp-json\/wp\/v2\/pages"}],"about":[{"href":"https:\/\/lig-membres.imag.fr\/lestidea\/wp-json\/wp\/v2\/types\/page"}],"author":[{"embeddable":true,"href":"https:\/\/lig-membres.imag.fr\/lestidea\/wp-json\/wp\/v2\/users\/104"}],"replies":[{"embeddable":true,"href":"https:\/\/lig-membres.imag.fr\/lestidea\/wp-json\/wp\/v2\/comments?post=40"}],"version-history":[{"count":6,"href":"https:\/\/lig-membres.imag.fr\/lestidea\/wp-json\/wp\/v2\/pages\/40\/revisions"}],"predecessor-version":[{"id":63,"href":"https:\/\/lig-membres.imag.fr\/lestidea\/wp-json\/wp\/v2\/pages\/40\/revisions\/63"}],"wp:attachment":[{"href":"https:\/\/lig-membres.imag.fr\/lestidea\/wp-json\/wp\/v2\/media?parent=40"}],"curies":[{"name":"wp","href":"https:\/\/api.w.org\/{rel}","templated":true}]}}