{"id":115,"date":"2019-04-02T14:29:34","date_gmt":"2019-04-02T13:29:34","guid":{"rendered":"http:\/\/lig-membres.imag.fr\/modele\/?page_id=115"},"modified":"2019-04-02T14:29:34","modified_gmt":"2019-04-02T13:29:34","slug":"son-oeuvre","status":"publish","type":"page","link":"https:\/\/lig-membres.imag.fr\/modele\/son-oeuvre\/","title":{"rendered":"Son oeuvre"},"content":{"rendered":"<div>\n<ul>\n<li>1928\u00a0: (<abbr title=\"Langue\u00a0: anglais\">en<\/abbr>) <i>Coming of Age in Samoa. a Psychological Study of Primitive Youth For Western Civilisation<\/i>. Partiellement traduit dans (<abbr title=\"Langue\u00a0: fran\u00e7ais\">fr<\/abbr>) <i>M\u0153urs et sexualit\u00e9 en Oc\u00e9anie<\/i>, Terre Humaine, <a href=\"http:\/\/fr.wikipedia.org\/wiki\/Sp%C3%A9cial:Ouvrages_de_r%C3%A9f%C3%A9rence\/2266112309\">ISBN 2-266-11230-9<\/a>.<\/li>\n<li>1935\u00a0: (<abbr title=\"Langue\u00a0: anglais\">en<\/abbr>) <i>Sex and temperament in three primitive societies<\/i> William Morrow and co. R\u00e9\u00e9dition: perennial, 2001, <a href=\"http:\/\/fr.wikipedia.org\/wiki\/Sp%C3%A9cial:Ouvrages_de_r%C3%A9f%C3%A9rence\/0060934956\">ISBN 0-06-093495-6<\/a><\/li>\n<li>1942 \u00a0: (<abbr title=\"Langue\u00a0: anglais\">en<\/abbr>) <i>And Keep Your Powder Dry\u00a0: An Anthropologist Looks At America<\/i>. Traduit sous le titre (<abbr title=\"Langue\u00a0: fran\u00e7ais\">fr<\/abbr>) <i>Et gardez votre poudre au sec\u00a0: un anthropologue regarde l\u2019Am\u00e9rique<\/i><\/li>\n<li>1949\u00a0: (<abbr title=\"Langue\u00a0: anglais\">en<\/abbr>) <i>Male and Female. A Study of Sexes in a Changing World<\/i>. Traduction en 1966 sous le titre (<abbr title=\"Langue\u00a0: fran\u00e7ais\">fr<\/abbr>) <i>L&#8217;un et l&#8217;autre sexe. Les r\u00f4les d&#8217;homme et de femme dans la soci\u00e9t\u00e9<\/i>, Paris, Deno\u00ebl-Gonthier.<\/li>\n<li>1951\u00a0: (<abbr title=\"Langue\u00a0: anglais\">en<\/abbr>) <i>The School in American Culture<\/i>. Traduction sous le titre (<abbr title=\"Langue\u00a0: fran\u00e7ais\">fr<\/abbr>) <i>L\u2019\u00e9cole dans la culture am\u00e9ricaine<\/i>.<\/li>\n<li>1972\u00a0: (<abbr title=\"Langue\u00a0: anglais\">en<\/abbr>) <i>Cultural Patterns and technical change. A manual prepared by the Word federation for mental health<\/i>, publi\u00e9 par Margaret Mead, United Nations (UNESCO), 1953<\/li>\n<li>1954\u00a0: (<abbr title=\"Langue\u00a0: fran\u00e7ais\">fr<\/abbr>) <i>Th\u00e8mes de \u00ab\u00a0culture\u00a0\u00bb de la France<\/i>, avec Rhoda M\u00e9traux<\/li>\n<li>1956\u00a0: (<abbr title=\"Langue\u00a0: anglais\">en<\/abbr>) <i>New lives for old\u00a0: cultural transformation \u2014 Manus, 1928-1953<\/i>. Traduit sous le titre (<abbr title=\"Langue\u00a0: fran\u00e7ais\">fr<\/abbr>) <i>Changer de vie ou la transformation culturelle\u00a0: Manus, 1928-1953<\/i>.<\/li>\n<li>1971\u00a0: (<abbr title=\"Langue\u00a0: fran\u00e7ais\">fr<\/abbr>) <i>L&#8217;Anthropologie comme science humaine<\/i>, Payot<\/li>\n<li>1971\u00a0: (<abbr title=\"Langue\u00a0: fran\u00e7ais\">fr<\/abbr>) <i>A rap on race<\/i>, Michael Joseph, traduction (<abbr title=\"Langue\u00a0: fran\u00e7ais\">fr<\/abbr>) sous le titre <i>Le racisme en question<\/i>, Pr\u00e9face de <a title=\"Roger Bastide\" href=\"http:\/\/fr.wikipedia.org\/wiki\/Roger_Bastide\">Roger Bastide<\/a>, Paris, Calman-L\u00e9vy<\/li>\n<li>1972\u00a0: (<abbr title=\"Langue\u00a0: anglais\">en<\/abbr>) <i>Blackberry Winter\u00a0: My Earlier Years<\/i>. Traduit en 1977, sous le titre (<abbr title=\"Langue\u00a0: fran\u00e7ais\">fr<\/abbr>) <i>Du givre sur les ronces<\/i><\/li>\n<li>1972\u00a0: (<abbr title=\"Langue\u00a0: fran\u00e7ais\">fr<\/abbr>) <i>Adolescence \u00e0 Samoa<\/i>, Paris, Plon. R\u00e9\u00e9dition d&#8217;une version de 1928<\/li>\n<li>1973\u00a0: (<abbr title=\"Langue\u00a0: fran\u00e7ais\">fr<\/abbr>) <i>Une \u00e9ducation en Nouvelle-Guin\u00e9e<\/i>. Paris, Payot. R\u00e9\u00e9diton d&#8217;une version de 1931<\/li>\n<li>1972\u00a0: (<abbr title=\"Langue\u00a0: fran\u00e7ais\">fr<\/abbr>) <i>Le Foss\u00e9 des g\u00e9n\u00e9rations<\/i>, traduit de l&#8217;am\u00e9ricain par Jean Clairevoye, Paris, Deno\u00ebl-Gonthier<\/li>\n<li>1980\u00a0: (<abbr title=\"Langue\u00a0: fran\u00e7ais\">fr<\/abbr>) <i>\u00e9crits sur le vif. Lettres 1925-1975<\/i>, Paris, Deno\u00ebl-Gonthier<\/li>\n<\/ul>\n<\/div>\n<p><!--:--><!--:en--><\/p>\n<div>\n<ul>\n<li>1Selected\u00a0 Works By Margaret Mead1928a\u00a0\u00a0\u00a0 <i>Coming of Age in Samoa: A Psychological Study of Primitive Youth for Western Civilization.\u00a0 <\/i>New York:\u00a0 William Morrow1935\u00a0 <i>Sex and Temperament in Three Primitive Societies.<\/i>\u00a0\u00a0 New York:\u00a0 William Morrow.1972\u00a0 <i>Blackberry Winter:\u00a0 My Earlier years.\u00a0 <\/i>New York:\u00a0 William Morrow.\n<p>1978\u00a0 <i>Letters from the Field, 1925-1975.\u00a0 <\/i>New York:\u00a0\u00a0 Harper &amp; Rowe.<\/li>\n<\/ul>\n<\/div>\n","protected":false},"excerpt":{"rendered":"<p>1928\u00a0: (en) Coming of Age in Samoa. a Psychological Study of Primitive Youth For Western Civilisation. Partiellement traduit dans (fr) [&hellip;]<\/p>\n","protected":false},"author":874,"featured_media":0,"parent":0,"menu_order":0,"comment_status":"closed","ping_status":"open","template":"","meta":{"site-sidebar-layout":"default","site-content-layout":"","ast-site-content-layout":"","site-content-style":"default","site-sidebar-style":"default","ast-global-header-display":"","ast-banner-title-visibility":"","ast-main-header-display":"","ast-hfb-above-header-display":"","ast-hfb-below-header-display":"","ast-hfb-mobile-header-display":"","site-post-title":"","ast-breadcrumbs-content":"","ast-featured-img":"","footer-sml-layout":"","theme-transparent-header-meta":"","adv-header-id-meta":"","stick-header-meta":"","header-above-stick-meta":"","header-main-stick-meta":"","header-below-stick-meta":"","astra-migrate-meta-layouts":"default","ast-page-background-enabled":"default","ast-page-background-meta":{"desktop":{"background-color":"var(--ast-global-color-5)","background-image":"","background-repeat":"repeat","background-position":"center center","background-size":"auto","background-attachment":"scroll","background-type":"","background-media":"","overlay-type":"","overlay-color":"","overlay-opacity":"","overlay-gradient":""},"tablet":{"background-color":"","background-image":"","background-repeat":"repeat","background-position":"center center","background-size":"auto","background-attachment":"scroll","background-type":"","background-media":"","overlay-type":"","overlay-color":"","overlay-opacity":"","overlay-gradient":""},"mobile":{"background-color":"","background-image":"","background-repeat":"repeat","background-position":"center center","background-size":"auto","background-attachment":"scroll","background-type":"","background-media":"","overlay-type":"","overlay-color":"","overlay-opacity":"","overlay-gradient":""}},"ast-content-background-meta":{"desktop":{"background-color":"var(--ast-global-color-4)","background-image":"","background-repeat":"repeat","background-position":"center center","background-size":"auto","background-attachment":"scroll","background-type":"","background-media":"","overlay-type":"","overlay-color":"","overlay-opacity":"","overlay-gradient":""},"tablet":{"background-color":"var(--ast-global-color-4)","background-image":"","background-repeat":"repeat","background-position":"center center","background-size":"auto","background-attachment":"scroll","background-type":"","background-media":"","overlay-type":"","overlay-color":"","overlay-opacity":"","overlay-gradient":""},"mobile":{"background-color":"var(--ast-global-color-4)","background-image":"","background-repeat":"repeat","background-position":"center center","background-size":"auto","background-attachment":"scroll","background-type":"","background-media":"","overlay-type":"","overlay-color":"","overlay-opacity":"","overlay-gradient":""}},"footnotes":""},"class_list":["post-115","page","type-page","status-publish","hentry"],"_links":{"self":[{"href":"https:\/\/lig-membres.imag.fr\/modele\/wp-json\/wp\/v2\/pages\/115","targetHints":{"allow":["GET"]}}],"collection":[{"href":"https:\/\/lig-membres.imag.fr\/modele\/wp-json\/wp\/v2\/pages"}],"about":[{"href":"https:\/\/lig-membres.imag.fr\/modele\/wp-json\/wp\/v2\/types\/page"}],"author":[{"embeddable":true,"href":"https:\/\/lig-membres.imag.fr\/modele\/wp-json\/wp\/v2\/users\/874"}],"replies":[{"embeddable":true,"href":"https:\/\/lig-membres.imag.fr\/modele\/wp-json\/wp\/v2\/comments?post=115"}],"version-history":[{"count":1,"href":"https:\/\/lig-membres.imag.fr\/modele\/wp-json\/wp\/v2\/pages\/115\/revisions"}],"predecessor-version":[{"id":116,"href":"https:\/\/lig-membres.imag.fr\/modele\/wp-json\/wp\/v2\/pages\/115\/revisions\/116"}],"wp:attachment":[{"href":"https:\/\/lig-membres.imag.fr\/modele\/wp-json\/wp\/v2\/media?parent=115"}],"curies":[{"name":"wp","href":"https:\/\/api.w.org\/{rel}","templated":true}]}}