{"id":25,"date":"2014-01-25T22:50:10","date_gmt":"2014-01-25T21:50:10","guid":{"rendered":"http:\/\/lig-membres.imag.fr\/pdavoine\/?page_id=25"},"modified":"2019-10-31T17:25:44","modified_gmt":"2019-10-31T16:25:44","slug":"encadrement-scientifique","status":"publish","type":"page","link":"https:\/\/lig-membres.imag.fr\/pdavoine\/encadrement-scientifique\/","title":{"rendered":"<!--:fr-->Encadrements scientifiques<!--:-->"},"content":{"rendered":"<p><span style=\"font-size: medium\"><b>Co-directions de th\u00e8se en cours<\/b><\/span><\/p>\n<ul>\n<li><span style=\"font-size: small\"><b>Clement Chagnaud<\/b>, <em>&#8220;G\u00e9ovisualisation et analyse spatiale exploratoire de donn\u00e9es cartographiques anciennes : application \u00e0 l\u2019Atlas Linguistique de la France&#8221;<\/em>, Th\u00e8se en g\u00e9omatique de l\u2019Universit\u00e9 de Grenoble-Alpes, Ecole Doctorale Ing\u00e9nierie pour la Sant\u00e9, la Cognition et l\u2019Environnement, d\u00e9but\u00e9e en janvier 2017. Co-direction Philippe Garat, LJK, Elisabetta Carpitelli Laboratoire GIPSA-Lab. Financement ANR ECLATS.<\/span><\/li>\n<li><span style=\"font-size: small\"><b>Aline Menin<\/b>, <em>&#8220;Analyse g\u00e9ovisuelle de donn\u00e9es spatio-temporelles de mobilit\u00e9&#8221;<\/em>, Th\u00e8se en g\u00e9omatique de l\u2019Universit\u00e9 de Grenoble-Alpes, Ecole Doctorale Ing\u00e9nierie pour la Sant\u00e9, la Cognition et l\u2019Environnement, d\u00e9but\u00e9e en janvier 2017. Co-direction Sonia Chardonnel UMR Pacte, Luciana Nedel, Universit\u00e9 de Porto All\u00e8gre. Financement R\u00e9gion Auvergne-Rh\u00f4ne-Alpes.<\/span><\/li>\n<li><span style=\"font-size: small\"><b>Camille Cavali\u00e8re<\/b>, <em>&#8220;Traitement et G\u00e9ovisualisation de tweets pour l\u2019identification de configurations spatiales&#8221;<\/em>. Th\u00e8se en g\u00e9omatique de l\u2019Universit\u00e9 de Grenoble-Alpes, Ecole Doctorale Ing\u00e9nierie pour la Sant\u00e9, la Cognition et l\u2019Environnement, Co-direction C\u00e9line Lutoff, Laboratoire PACTE, financement EDISCE<b>.<\/b><\/span><\/li>\n<\/ul>\n<\/li>\n<\/ul>\n<p><span style=\"font-size: medium\"><b>Co-directions de th\u00e8se pass\u00e9es<\/b><\/span><\/p>\n<li><span style=\"font-size: small\"><b>Jacques Gautier<\/b>, <em>&#8220;Graphist : une approche d&#8217;analyse exploratoire pour l&#8217;identification des dynamiques des ph\u00e9nom\u00e8nes spatio-temporels&#8221;<\/em>. Th\u00e8se en g\u00e9omatique de Universit\u00e9 Grenoble-Alpes, Ecole Doctorale Ing\u00e9nierie pour la Sant\u00e9, la Cognition et l\u2019Environnement, soutenue en octobre 2017. Financement R\u00e9gion Rh\u00f4ne-Alpes ARC3, Co-direction avec Claire Cunty, UMR EVS, Universit\u00e9 de Lyon II<\/span><\/li>\n<li><span style=\"font-size: small\"><b>C\u00e9cile Saint-Marc<\/b>, <em>&#8220;Repr\u00e9sentations cartographiques et g\u00e9ovisualisation des dynamiques spatio-temporelles des risques naturels : applications aux risques d&#8217;inondation impactant le r\u00e9seau ferroviaire fran\u00e7ais&#8221;.<\/em> Th\u00e8se en g\u00e9omatique de l&#8217;Universit\u00e9 Grenoble-Alpes, soutenue en juin 2017, Financement CIFRE-ANRT en partenariat avec la SNCF; co-encadrement avec Marl\u00e8ne Villanova-Oliver, LIG STeamer<b>.<\/b><\/span><\/li>\n<li><span style=\"font-size: small\"><b>Mouna Snoussi<\/b>, <em>&#8220;Mod\u00e8les et visualisation pour l&#8217;information spatio-temporelle imparfaite : application aux risques naturels&#8221;<\/em>, Th\u00e8se de l&#8217;Universit\u00e9 de l&#8217;Universit\u00e9 Grenoble-Alpes, en co-direction avec J\u00e9r\u00f4me Gensel, Laboratoire d&#8217;Informatique de Grenoble, \u00e9quipe STEAMER, Financement Cluster Environnement R\u00e9gion Rh\u00f4ne-Alpes .<\/span><\/li>\n<li><span style=\"font-size: small\"><b>Raffaella Balzarini<\/b>, <em>&#8220;Approche cognitive pour l&#8217;apprentissage des SIG en G\u00e9osciences: mod\u00e9lisation et \u00e9valuation&#8221;<\/em>, Th\u00e8se de l&#8217;Universit\u00e9 de Grenoble, soutenue en novembre 2013, co direction avec Muriel Ney du Laboratoire d&#8217;Informatique de Grenoble, \u00e9quipe Metha, financement CIFRE Soci\u00e9t\u00e9 ESRI.<\/span><\/li>\n<li><span style=\"font-size: small\"><b>Aur\u00e9lie Arnaud<\/b>, <em>&#8220;Valorisation de l&#8217;information d\u00e9di\u00e9e aux \u00e9v\u00e8nement issus de risques naturels&#8221;<\/em>, Th\u00e8se de l&#8217;Universit\u00e9 Joseph Fourier, mention G\u00e9ographie, soutenue en juillet 2009, financ\u00e9e par la R\u00e9gion Rh\u00f4ne-Alpes. Co-direction Herv\u00e9 Gumuchian, UMR PACTE-Territoires. <\/span><span style=\"font-size: small\"><\/span><\/li>\n<\/ul>\n","protected":false},"excerpt":{"rendered":"<p>Co-directions de th\u00e8se en cours Clement Chagnaud, &#8220;G\u00e9ovisualisation et analyse spatiale exploratoire de donn\u00e9es cartographiques anciennes : application \u00e0 l\u2019Atlas Linguistique de la France&#8221;, Th\u00e8se en g\u00e9omatique de l\u2019Universit\u00e9 de Grenoble-Alpes, Ecole Doctorale Ing\u00e9nierie pour la Sant\u00e9, la Cognition et l\u2019Environnement, d\u00e9but\u00e9e en janvier 2017. Co-direction Philippe Garat, LJK, Elisabetta Carpitelli Laboratoire GIPSA-Lab. Financement ANR [&hellip;]<\/p>\n","protected":false},"author":82,"featured_media":0,"parent":0,"menu_order":1,"comment_status":"closed","ping_status":"open","template":"","meta":{"footnotes":""},"class_list":["post-25","page","type-page","status-publish","hentry"],"_links":{"self":[{"href":"https:\/\/lig-membres.imag.fr\/pdavoine\/wp-json\/wp\/v2\/pages\/25","targetHints":{"allow":["GET"]}}],"collection":[{"href":"https:\/\/lig-membres.imag.fr\/pdavoine\/wp-json\/wp\/v2\/pages"}],"about":[{"href":"https:\/\/lig-membres.imag.fr\/pdavoine\/wp-json\/wp\/v2\/types\/page"}],"author":[{"embeddable":true,"href":"https:\/\/lig-membres.imag.fr\/pdavoine\/wp-json\/wp\/v2\/users\/82"}],"replies":[{"embeddable":true,"href":"https:\/\/lig-membres.imag.fr\/pdavoine\/wp-json\/wp\/v2\/comments?post=25"}],"version-history":[{"count":26,"href":"https:\/\/lig-membres.imag.fr\/pdavoine\/wp-json\/wp\/v2\/pages\/25\/revisions"}],"predecessor-version":[{"id":224,"href":"https:\/\/lig-membres.imag.fr\/pdavoine\/wp-json\/wp\/v2\/pages\/25\/revisions\/224"}],"wp:attachment":[{"href":"https:\/\/lig-membres.imag.fr\/pdavoine\/wp-json\/wp\/v2\/media?parent=25"}],"curies":[{"name":"wp","href":"https:\/\/api.w.org\/{rel}","templated":true}]}}