{"id":27,"date":"2014-01-25T22:52:41","date_gmt":"2014-01-25T21:52:41","guid":{"rendered":"http:\/\/lig-membres.imag.fr\/pdavoine\/?page_id=27"},"modified":"2019-10-31T20:48:52","modified_gmt":"2019-10-31T19:48:52","slug":"projets-de-recherche","status":"publish","type":"page","link":"https:\/\/lig-membres.imag.fr\/pdavoine\/second_page\/projets-de-recherche\/","title":{"rendered":"<!--:fr-->Projets de recherche<!--:-->"},"content":{"rendered":"<div>\n<div dir=\"ltr\">\n<p><b>PROJETS EN COURS<\/b><\/p>\n<ul>\n<li><span style=\"font-size: small\"><b><a href=\"http:\/\/choucas.ign.fr\/\">ANR CHOUCAS (2017-2021)<\/a><\/b>: Int\u00e9gration de donn\u00e9es h\u00e9t\u00e9rog\u00e8nes et raisonnement spatial pour l\u2019aide \u00e0 la localisation des victimes en montagne, en partenariat avec le Laboratoire en Sciences et Technologies de l&#8217;Information G\u00e9ographique (LaSTIG), \u00e9quipe COGIT, Laboratoire d\u2019Informatique Universit\u00e9 de Pau et des Pays de l\u2019Adour, PGHM Grenoble.Responsable scientifique du WP4. <\/span><\/li>\n<li><span style=\"font-size: small\"><b>Projet ANR Eclats (2016-2020)<\/b>\u00a0: Extraction de Contenus G\u00e9olinguistiques et Analyse Spatiale : Application \u00e0 la dialectologie, en partenariat avec les laboratoires GIPSA-lab, LIRIS, Lyon et L3i La Rochelle.Responsable scientifique du projet et du WP 4. <\/span><\/li>\n<\/ul>\n<p><b>PROJETS PASS\u00c9S<\/b><\/p>\n<li><span style=\"font-size: small\"><b><a href=\"http:\/\/www.google.fr\/url?sa=t&amp;source=web&amp;cd=6&amp;ved=0CC8QFjAF&amp;url=http%3A%2F%2Fwww-lgit.obs.ujf-grenoble.fr%2F%7Epgueg%2FURBASIS%2FAccueil.html&amp;ei=up5pTPOZL8OB8gbvhtmyBA&amp;usg=AFQjCNFapai234Xn_ydZ56Ouisz95bR8Dw&amp;sig2=ZlYEXdwGwR-1ecItslxy8A\">ANR-URBASIS<\/a><\/b> ((2010 \u2013 2014) : Responsable du WP5, Infrastructure de donn\u00e9es spatiales pour \u00e9valuation spatio-temporelle de la vuln\u00e9rabilit\u00e9 et des dommages sismiques en milieu urbain.<\/span><\/li>\n<li><span style=\"font-size: small\"><b>ANR-BIBLINDEX (2010-2015)<\/b> :responsable du WP 4, Analyse spatio-temporelle des r\u00e9f\u00e9rences bibliques dans la litt\u00e9rature patristiques.<\/span><\/li>\n<ul>\n<\/ul>\n<li><span style=\"font-size: small\"><b>ALEA-Volcanique<\/b> : Evaluation de l\u2019al\u00e9a volcanique \u00e0 l\u2019\u00cele de la R\u00e9union.<\/span><\/li>\n<li><span style=\"font-size: small\"><b>Carto_Dialect (2013)<\/b> : Extraction d\u2019informations s\u00e9mantiques et g\u00e9ographiques \u00e0 partir de cartes g\u00e9olinguisitques : le cas de l\u2019Atlas Linguistiques de France.<\/span><\/li>\n<li><span style=\"font-size: small\"><b>GeoDialect\u00a0(2013) <\/b>: Exploration des outils de g\u00e9omatique pour l\u2019analyse de donn\u00e9es g\u00e9olinguistiques,<\/li>\n<li><span style=\"font-size: small\"><span style=\"font-size: small\"><b>PUCA (2013) <\/b>: Etat des lieux des repr\u00e9sentations dynamiques des temporalit\u00e9s des territoires.<\/span><\/li>\n<li><span style=\"font-size: small\"><b>ECL<\/b>, ESPON Cartographic Language, (2013) Cartographie innovante et g\u00e9ovisualisation pour l\u2019Observatoire en R\u00e9seau de l\u2019Am\u00e9nagement du Territoire Europ\u00e9en (ORATE).<\/span><\/li>\n<li><span style=\"font-size: small\"><b>EPRI\/BDHI <\/b>: Base de donn\u00e9es historiques sur les inondations (dans le cadre de la Directive Europ\u00e9enne sur les inondation)<span style=\"font-size: xx-small\">r<\/span><\/li>\n<li><span style=\"font-size: small\"><b>VOLCANISTE<\/b>: G\u00e9ovisualisation interactive pour l&#8217;analyse de donn\u00e9es spatio-temporelles mutli-sources : application aux donn\u00e9es volcanologiques de l&#8217;Observatoire du Piton de la Fournaise.<\/span><\/li>\n<li><span style=\"font-size: small\"><b>PERCURISK<\/b> : PERCeption visUelle de cartes anim\u00e9es d\u00e9di\u00e9es aux RISques naturels.<\/span><\/li>\n<li><span style=\"font-size: small\"><b><a href=\"http:\/\/traces.ligforge.imag.fr\/\" rel=\"nofollow\">TRACES<\/a><\/b> : M\u00e9ta-\u00e9valuation des m\u00e9thodologies pour l\u2019analyse des modes et patterns de mobilit\u00e9 des individus : analyse des d\u00e9placements dans un contexte de risques naturels.<\/span><\/li>\n<li><span style=\"font-size: small\"><b><a href=\"http:\/\/www.obs.ujf-grenoble.fr\/risknat\/pages\/programme_dep\/projets\/divers\/beck_2008-resume.html\" rel=\"nofollow\">MOVISS<\/a> (2008-2009) <\/b>: M\u00e9thodes et Outils pour l&#8217;\u00e9valuation saptio-temporelle de la Vuln\u00e9rabilit\u00e9 Sociale face aux S\u00e9ismes : application \u00e0 la ville de Grenoble.<\/span><\/li>\n<li><span style=\"font-size: small\"><b><a href=\"http:\/\/www.google.fr\/url?sa=t&amp;source=web&amp;cd=3&amp;ved=0CCYQFjAC&amp;url=http%3A%2F%2Fwww.rdtrisques.org%2Fprogramme%2Ffolder.2010-06-02.5222375084%2Ffolder.2010-06-02.6057424384%2Ffolder.2010-06-02.1747700742%2FCartier_resume_F.pdf&amp;ei=5qJpTNTUJIL58Aa1y8WyBA&amp;usg=AFQjCNGmDuOTBWCyFiyW6YGhQxTXJVjY2A&amp;sig2=fwsxo_B0POvUvGmBgqd5Rw\">SIRSEG<\/a> (2007-2009)<\/b> : Simulation du Risque Sismique et de ses enjeux pour la Ville de Grenoble.<\/span><\/li>\n<li><span style=\"font-size: small\"><b>MOBIQUOT (2007-2009)<\/b> : Prototypage d&#8217;un syst\u00e8me d&#8217;information pour l&#8217;exploration et la visualisation des formes complexes de mobilit\u00e9s quotidiennes.<\/span><\/li>\n<li><span style=\"font-size: small\"><b>MARSIG (2007-2008)<\/b> : Un outil de visualisation et d&#8217;exploration de donn\u00e9es spatio-temporelles pour la plan\u00e9tologie.<\/span><\/li>\n<li><span style=\"font-size: small\"><b>SIHREN (2003-2006) <\/b>: Environnement informatique pour la conception de Syst\u00e8me d\u2019Information Historique d\u00e9di\u00e9 aux Risques Naturels, responsable scientifique. <\/span><\/li>\n<li><span style=\"font-size: small\"><b>SESAM (2002-2005)<\/b>: Syst\u00e8me d\u2019information bas\u00e9 sur le Web pour l\u2019\u00e9tude des syst\u00e8mes spatiaux complexes, responsable scientifique<\/span><\/li>\n<li><span style=\"font-size: small\"><b> SIDIRA\u00a0(2002-2005)<\/b> Syst\u00e8me d&#8217;Information pour la Diffusion via le Web de l\u2019information sur les risques avalancheux : application \u00e0 la commune de Vallorcine (74), responsable scientifique<\/span><\/li>\n<li><span style=\"font-size: small\"><b>VULNERALP (2003-2006)<\/b>:<b> <\/b>Evaluation de la vuln\u00e9rabilit\u00e9 sismique \u00e0 l\u2019\u00e9chelle d\u2019une ville de la r\u00e9gion Rh\u00f4ne-Alpes : Application \u00e0 Grenoble. Conception et d\u00e9veloppement d\u2019un SIG Risques-Sismiques pour l\u2019analyse du risque sismique.<\/span><\/li>\n<li><span style=\"font-size: small\"><b>G-EAU (2001-2004<\/b> : Aide \u00e0 la d\u00e9cision et simulation spatio-temporelle de la demande en eau urbaine\u00a0: application \u00e0 la ville de Grenoble<\/span><\/li>\n<li><span style=\"font-size: small\"><b>SPHERE (2000-2003)<\/b>: M\u00e9thodes et d\u2019outils pour am\u00e9liorer la pr\u00e9vention\u00a0 des risques d\u2019inondation. D\u00e9finition d\u2019un syst\u00e8me d\u2019information pour la valorisation des donn\u00e9es historiques li\u00e9es aux inondations dans la vall\u00e9e de l\u2019Is\u00e8re, projet europ\u00e9en.<\/span><\/li>\n<\/ul>\n","protected":false},"excerpt":{"rendered":"<p>PROJETS EN COURS ANR CHOUCAS (2017-2021): Int\u00e9gration de donn\u00e9es h\u00e9t\u00e9rog\u00e8nes et raisonnement spatial pour l\u2019aide \u00e0 la localisation des victimes en montagne, en partenariat avec le Laboratoire en Sciences et Technologies de l&#8217;Information G\u00e9ographique (LaSTIG), \u00e9quipe COGIT, Laboratoire d\u2019Informatique Universit\u00e9 de Pau et des Pays de l\u2019Adour, PGHM Grenoble.Responsable scientifique du WP4. Projet ANR Eclats [&hellip;]<\/p>\n","protected":false},"author":82,"featured_media":0,"parent":3,"menu_order":0,"comment_status":"closed","ping_status":"open","template":"","meta":{"footnotes":""},"class_list":["post-27","page","type-page","status-publish","hentry"],"_links":{"self":[{"href":"https:\/\/lig-membres.imag.fr\/pdavoine\/wp-json\/wp\/v2\/pages\/27","targetHints":{"allow":["GET"]}}],"collection":[{"href":"https:\/\/lig-membres.imag.fr\/pdavoine\/wp-json\/wp\/v2\/pages"}],"about":[{"href":"https:\/\/lig-membres.imag.fr\/pdavoine\/wp-json\/wp\/v2\/types\/page"}],"author":[{"embeddable":true,"href":"https:\/\/lig-membres.imag.fr\/pdavoine\/wp-json\/wp\/v2\/users\/82"}],"replies":[{"embeddable":true,"href":"https:\/\/lig-membres.imag.fr\/pdavoine\/wp-json\/wp\/v2\/comments?post=27"}],"version-history":[{"count":21,"href":"https:\/\/lig-membres.imag.fr\/pdavoine\/wp-json\/wp\/v2\/pages\/27\/revisions"}],"predecessor-version":[{"id":118,"href":"https:\/\/lig-membres.imag.fr\/pdavoine\/wp-json\/wp\/v2\/pages\/27\/revisions\/118"}],"up":[{"embeddable":true,"href":"https:\/\/lig-membres.imag.fr\/pdavoine\/wp-json\/wp\/v2\/pages\/3"}],"wp:attachment":[{"href":"https:\/\/lig-membres.imag.fr\/pdavoine\/wp-json\/wp\/v2\/media?parent=27"}],"curies":[{"name":"wp","href":"https:\/\/api.w.org\/{rel}","templated":true}]}}