{"id":3,"date":"2014-01-25T16:22:15","date_gmt":"2014-01-25T16:22:15","guid":{"rendered":"\/?page_id=3"},"modified":"2019-10-31T18:10:17","modified_gmt":"2019-10-31T17:10:17","slug":"second_page","status":"publish","type":"page","link":"https:\/\/lig-membres.imag.fr\/pdavoine\/second_page\/","title":{"rendered":"Recherche"},"content":{"rendered":"<p><span style=\"font-size: small\">Au sein de l&#8217;\u00e9quipe STeamer, mes recherches se focalisent sur le traitement, la repr\u00e9sentation et la visualisation de l\u2019information g\u00e9ographique multidimensionnelle et h\u00e9t\u00e9rog\u00e8ne, afin de contribuer \u00e0 une meilleure connaissance des dynamiques des territoires et des ph\u00e9nom\u00e8nes qui s&#8217;y d\u00e9roulent, et accompagner la prise de d\u00e9cision. Cet objet d\u2019\u00e9tude est abord\u00e9 selon les dimensions \u00ab syst\u00e8me, mod\u00e8le et outils \u00bb.Diff\u00e9rents axes ont \u00e9t\u00e9 explor\u00e9s : <\/span><\/p>\n<li><span style=\"font-size: small\"><em>L\u2019int\u00e9gration de la dimension spatiale et temporelle dans les syst\u00e8mes d\u2019information g\u00e9ographique;<\/em><\/li>\n<p><\/span><\/p>\n<li><span style=\"font-size: small\"><em>La d\u00e9finition de formalismes de mod\u00e9lisation des donn\u00e9es spatio-temporelles semi structur\u00e9es et imparfaites;<\/em><\/li>\n<p><\/span><\/p>\n<li><span style=\"font-size: small\"><em>la d\u00e9finition de modes de g\u00e9ovisualisation des donn\u00e9es multidimensionnelles, h\u00e9t\u00e9rog\u00e8nes, \u00e9volutives et imparfaites et de cartographies innovantes;<\/em><\/li>\n<p><\/span><\/p>\n<li><span style=\"font-size: small\"><em>la sp\u00e9cification et le d\u00e9veloppement de syst\u00e8mes d\u2019information spatio-temporelle et d\u2019environnements de g\u00e9ovisualisation innovants.<\/em><\/li>\n<p><\/span><\/p>\n<p><span style=\"font-size: small\">Aujourd\u2019hui, la g\u00e9ovisualisation est au coeur de mes th\u00e9matiques scientifiques. Elle est abord\u00e9e \u00e0 travers plusieurs objectifs :<\/p>\n<li><span style=\"font-size: small\">La g\u00e9ovisualisation pour repr\u00e9senter les donn\u00e9es spatio-temporelles : l\u2019objectif est de d\u00e9velopper des cadres conceptuels et m\u00e9thodologiques permettant de rendre compte visuellement et de fa\u00e7on efficace des dynamiques territoriales \u00e0 partir de sources de donn\u00e9es multiples et h\u00e9t\u00e9rog\u00e8nes et pr\u00e9tendre \u00e0 des interpr\u00e9tations socio-spatiales valides scientifiquement. Ceci implique de s\u2019interroger sur les temporalit\u00e9s et les dynamiques \u00e0 consid\u00e9rer et de les mod\u00e9liser, de sp\u00e9cifier des modes de visualisation innovants, hautement interactifs int\u00e9grant des algorithmes de traitement de donn\u00e9es et de d\u00e9finir des protocoles d\u2019\u00e9valuation adapt\u00e9s. Cette th\u00e9matique a fait l\u2019objet de plusieurs projets de recherche se concr\u00e9tisant par des prototypes. Elle s\u2019inscrit aussi en partie dans le cadre de l\u2019ANR ECLATS (2016-2020) sur l\u2019analyse exploratoire de donn\u00e9es g\u00e9olinguistiques.<\/span>\n<li><span style=\"font-size: small\">La g\u00e9ovisualisation pour la prise de d\u00e9cision. Dans le cadre du projet ANR Choucas (2017-2021), je m\u2019int\u00e9resse \u00e0 la d\u00e9finition de cadres conceptuels et m\u00e9thodologiques permettant de formaliser un raisonnement g\u00e9ovisuel dans un contexte de prise de d\u00e9cision. Comment la g\u00e9ovisualisation peut-elle constituer un support au raisonnement spatial ? Quelle analyse g\u00e9ovisuelle peut-on mod\u00e9liser pour accompagner les acteurs lors d\u2019un processus de d\u00e9cision dans un contexte d\u2019incertitude (en l\u2019occurrence ici l\u2019aide \u00e0 la localisation des victimes en montagne). Ceci implique de s\u2019interroger \u00e0 la fois sur la fa\u00e7on dont les donn\u00e9es et les connaissances doivent \u00eatre repr\u00e9sent\u00e9es visuellement en fonction des diff\u00e9rents types d\u2019imperfections et du contexte dans lequel elles se produisent, ainsi que sur la fa\u00e7on dont les acteurs doivent interagir avec ses visualisations afin de repr\u00e9senter les processus cognitifs qui sous-tendent la prise de d\u00e9cision.<\/span>\n<li><span style=\"font-size: small\">La g\u00e9ovisualisation pour l\u2019analyse de traces num\u00e9riques du territoire. L\u2019objectif est d\u2019identifier de nouvelles formes d\u2019organisation sociale et territoriale \u00e0 partir de l\u2019exploration des donn\u00e9es issues des r\u00e9seaux sociaux, des plateformes communautaires du Web et des pratiques de crowdsourcing ou de l\u2019information g\u00e9ographique volontaire (VGI). Ceci implique \u00e0 la fois de renouveler les approches d\u2019analyse exploratoire de donn\u00e9es spatiales, d\u2019explorer des algorithmes de recherche d\u2019information, de data mining et de deep learning permettant le traitement et l\u2019enrichissement s\u00e9mantiques de ces donn\u00e9es massives. Cette probl\u00e9matique fait l\u2019objet d\u2019une th\u00e8se et s\u2019inscrit dans le projet IDEX DataInstitut@Grenoble. Je travaille actuellement sur le d\u00e9veloppement de m\u00e9thodes pour l\u2019exploration de contenus laiss\u00e9s par les pratiquants de la montagne sur les sites communautaires afin de caract\u00e9riser les nouvelles pratiques r\u00e9cr\u00e9atives et leurs impacts socio-environnementaux.<\/span>\n<li><span style=\"font-size: small\">Un autre aspect de la recherche concerne les processus de production collaboratifs ou de co-production de l\u2019information territoriale. Cette question a \u00e9t\u00e9 abord\u00e9e \u00e0 travers une probl\u00e9matique de collecte collaborative de donn\u00e9es urbaines dans un contexte de gestion du risque sismique (projet ANR Urbasis). Dans le cadre du projet ANR ECLATS (2016-2020), je m\u2019int\u00e9resse \u00e0 la production collaborative d\u2019information g\u00e9ographique \u00e0 partir de documents cartographiques anciens (Atlas Linguistiques de la France), et \u00e0 son enrichissement s\u00e9mantique par une communaut\u00e9 d\u2019acteurs. <\/span><br \/>\n<\/span><\/p>\n","protected":false},"excerpt":{"rendered":"<p>Au sein de l&#8217;\u00e9quipe STeamer, mes recherches se focalisent sur le traitement, la repr\u00e9sentation et la visualisation de l\u2019information g\u00e9ographique multidimensionnelle et h\u00e9t\u00e9rog\u00e8ne, afin de contribuer \u00e0 une meilleure connaissance des dynamiques des territoires et des ph\u00e9nom\u00e8nes qui s&#8217;y d\u00e9roulent, et accompagner la prise de d\u00e9cision. Cet objet d\u2019\u00e9tude est abord\u00e9 selon les dimensions \u00ab [&hellip;]<\/p>\n","protected":false},"author":82,"featured_media":0,"parent":0,"menu_order":0,"comment_status":"closed","ping_status":"open","template":"","meta":{"footnotes":""},"class_list":["post-3","page","type-page","status-publish","hentry"],"_links":{"self":[{"href":"https:\/\/lig-membres.imag.fr\/pdavoine\/wp-json\/wp\/v2\/pages\/3","targetHints":{"allow":["GET"]}}],"collection":[{"href":"https:\/\/lig-membres.imag.fr\/pdavoine\/wp-json\/wp\/v2\/pages"}],"about":[{"href":"https:\/\/lig-membres.imag.fr\/pdavoine\/wp-json\/wp\/v2\/types\/page"}],"author":[{"embeddable":true,"href":"https:\/\/lig-membres.imag.fr\/pdavoine\/wp-json\/wp\/v2\/users\/82"}],"replies":[{"embeddable":true,"href":"https:\/\/lig-membres.imag.fr\/pdavoine\/wp-json\/wp\/v2\/comments?post=3"}],"version-history":[{"count":12,"href":"https:\/\/lig-membres.imag.fr\/pdavoine\/wp-json\/wp\/v2\/pages\/3\/revisions"}],"predecessor-version":[{"id":6,"href":"https:\/\/lig-membres.imag.fr\/pdavoine\/wp-json\/wp\/v2\/pages\/3\/revisions\/6"}],"wp:attachment":[{"href":"https:\/\/lig-membres.imag.fr\/pdavoine\/wp-json\/wp\/v2\/media?parent=3"}],"curies":[{"name":"wp","href":"https:\/\/api.w.org\/{rel}","templated":true}]}}