{"id":34,"date":"2014-01-25T22:57:34","date_gmt":"2014-01-25T21:57:34","guid":{"rendered":"http:\/\/lig-membres.imag.fr\/pdavoine\/?page_id=34"},"modified":"2019-10-31T17:22:51","modified_gmt":"2019-10-31T16:22:51","slug":"formation-et-parcours-professionnel","status":"publish","type":"page","link":"https:\/\/lig-membres.imag.fr\/pdavoine\/formation-et-parcours-professionnel\/","title":{"rendered":"Parcours"},"content":{"rendered":"<div>\n<div dir=\"ltr\">\n<div>\n<p><strong>D\u00e9roulement de carri\u00e8re<\/strong><\/p>\n<ul>\n<li><span style=\"font-size: small\">Depuis septembre 2017, Professeure de l&#8217;Universit\u00e9 Grenoble Alpes, Institut d&#8217;Urbanisme et de G\u00e9ographie Alpine, chercheure au Laboratoire Pacte et chercheure associ\u00e9e au LIG, \u00e9quipe Steamer.<br \/>\n<\/span><\/li>\n<li><span style=\"font-size: small\">2000 &#8211; 2017 : Ma\u00eetre de conf\u00e9rences \u00e0 l&#8217;Institut National Polytechnique de Grenoble, Grenoble-INP, chercheure au Laboratoire d&#8217;Informatique de Grenoble, \u00e9quipe STeamer.<\/span><\/li>\n<li><span style=\"font-size: small\">1997 &#8211; 2000:\u00a0 Ma\u00eetre de Conf\u00e9rences, Universit\u00e9 de Nice Sophia Antipolis, chercheure \u00e0 l&#8217;UMR ESPACE.<\/span><\/li>\n<li><span style=\"font-size: small\">1995 &#8211; 1996 : Attach\u00e9 d&#8217;Enseignement et de Recherche, Universit\u00e9 Pierre Mend\u00e8s France. <\/span><\/li>\n<li><span style=\"font-size: small\">1993 &#8211; 1994 : Attach\u00e9 d&#8217;Enseignement et de Recherche, Universit\u00e9 Joseph Fourier, Grenoble I.<\/span><\/li>\n<li><span style=\"font-size: small\">1990 &#8211; 1992 : Monitrice de l&#8217;Enseignement Sup\u00e9rieur, UFR de G\u00e9ographie, Universit\u00e9 de Savoie.<\/span><\/li>\n<\/ul>\n<\/div>\n<\/div>\n<div dir=\"ltr\">\n<div>\n<div>\n<span style=\"font-size: strong\"><b>Formation universitaire pluri-disciplinaire<\/b><\/span><\/p>\n<ul>\n<span style=\"font-size: small\"><em><b>En g\u00e9ographie am\u00e9nagement<\/strong><\/b><\/em><\/span><\/p>\n<ul>\n<li><span style=\"font-size: small\">Doctorat de l\u2019Universit\u00e9 Joseph Fourier, sp\u00e9cialit\u00e9 g\u00e9ographie, Grenoble,&#8221;Contribution \u00e0 l\u2019\u00e9tude d\u2019un syst\u00e8me d\u2019aide \u00e0 la valorisation des ressources touristiques \u00bbmention tr\u00e8s honorable avec f\u00e9licitations du jury \u00e0 l\u2019unanimit\u00e9, Th\u00e8se dirig\u00e9e par Maryvonne Leberre, financ\u00e9e par la R\u00e9gion Rh\u00f4ne Alpes et men\u00e9e en partenariat avec la soci\u00e9t\u00e9 SITALP de Grenoble, Grenoble, 1994.<\/span><\/li>\n<li><span style=\"font-size: small\">Ma\u00eetrise de Sciences et Techniques en Am\u00e9nagement et Gestion du Territoire, Universit\u00e9 Joseph Fourier, Grenoble, 1987.<\/span><\/li>\n<li><span style=\"font-size: small\">DEUG de G\u00e9ographie, Universit\u00e9 Joseph Fourier, Grenoble, 1985.<\/span><\/li>\n<\/ul>\n<p><span style=\"font-size: small\"><em><b>En informatique<\/b><\/em><\/span><\/li>\n<ul>\n<li><span style=\"font-size: small\">DEA en Informatique Appliqu\u00e9e aux Sciences Sociales, Universit\u00e9 Pierre Mend\u00e8s France, sous la direction de Ren\u00e9 ARRUS (Laboratoire CRISS) et Bruno Fallet (CEMAGREF) &#8220;Syst\u00e8me expert pour l&#8217;aide au diagnostic des communes de montagne&#8221;, Grenoble, 1989.<\/span><\/li>\n<li><span style=\"font-size: small\">DESS Informatique Double Comp\u00e9tence, Universit\u00e9 Joseph Fourier, UFR Informatique et Math\u00e9matiques Appliqu\u00e9es, Grenoble, 1988.<\/span><\/li>\n<li><span style=\"font-size: small\">DEUG de Math\u00e9matiques Appliqu\u00e9es en Sciences Sociales, Universit\u00e9 Pierre Mend\u00e8s France, Grenoble, 1985.<\/span><\/li>\n<\/ul>\n<\/div>\n<\/div>\n<div><\/div>\n<div><\/div>\n<div><\/div>\n<\/div>\n<\/div>\n<div>\n<div dir=\"ltr\"><\/div>\n<\/div>\n<p><!--:--><\/p>\n","protected":false},"excerpt":{"rendered":"<p>D\u00e9roulement de carri\u00e8re Depuis septembre 2017, Professeure de l&#8217;Universit\u00e9 Grenoble Alpes, Institut d&#8217;Urbanisme et de G\u00e9ographie Alpine, chercheure au Laboratoire Pacte et chercheure associ\u00e9e au LIG, \u00e9quipe Steamer. 2000 &#8211; 2017 : Ma\u00eetre de conf\u00e9rences \u00e0 l&#8217;Institut National Polytechnique de Grenoble, Grenoble-INP, chercheure au Laboratoire d&#8217;Informatique de Grenoble, \u00e9quipe STeamer. 1997 &#8211; 2000:\u00a0 Ma\u00eetre de [&hellip;]<\/p>\n","protected":false},"author":82,"featured_media":0,"parent":0,"menu_order":4,"comment_status":"closed","ping_status":"closed","template":"","meta":{"footnotes":""},"class_list":["post-34","page","type-page","status-publish","hentry"],"_links":{"self":[{"href":"https:\/\/lig-membres.imag.fr\/pdavoine\/wp-json\/wp\/v2\/pages\/34","targetHints":{"allow":["GET"]}}],"collection":[{"href":"https:\/\/lig-membres.imag.fr\/pdavoine\/wp-json\/wp\/v2\/pages"}],"about":[{"href":"https:\/\/lig-membres.imag.fr\/pdavoine\/wp-json\/wp\/v2\/types\/page"}],"author":[{"embeddable":true,"href":"https:\/\/lig-membres.imag.fr\/pdavoine\/wp-json\/wp\/v2\/users\/82"}],"replies":[{"embeddable":true,"href":"https:\/\/lig-membres.imag.fr\/pdavoine\/wp-json\/wp\/v2\/comments?post=34"}],"version-history":[{"count":21,"href":"https:\/\/lig-membres.imag.fr\/pdavoine\/wp-json\/wp\/v2\/pages\/34\/revisions"}],"predecessor-version":[{"id":222,"href":"https:\/\/lig-membres.imag.fr\/pdavoine\/wp-json\/wp\/v2\/pages\/34\/revisions\/222"}],"wp:attachment":[{"href":"https:\/\/lig-membres.imag.fr\/pdavoine\/wp-json\/wp\/v2\/media?parent=34"}],"curies":[{"name":"wp","href":"https:\/\/api.w.org\/{rel}","templated":true}]}}