{"id":2,"date":"2014-09-17T12:52:45","date_gmt":"2014-09-17T12:52:45","guid":{"rendered":"http:\/\/lig-membres.imag.fr\/quenot\/?page_id=2"},"modified":"2019-10-31T11:23:26","modified_gmt":"2019-10-31T10:23:26","slug":"home","status":"publish","type":"page","link":"https:\/\/lig-membres.imag.fr\/quenot\/fr\/home\/","title":{"rendered":"Accueil"},"content":{"rendered":"<p>Georges Qu\u00e9not.<br \/>\n<img decoding=\"async\" src=\"http:\/\/mrim.imag.fr\/georges.quenot\/images\/Georges.Quenot.jpg\" alt=\"\" align=\"RIGHT\" \/><\/p>\n<address><a href=\"http:\/\/www.liglab.fr\/\">Laboratoire d&#8217;Informatique de Grenoble<\/a><br \/>\n<a href=\"http:\/\/lig-mrim.imag.fr\/\">\u00c9quipe Mod\u00e9lisation et Recherche d&#8217;Information Multim\u00e9dia<\/a><br \/>\nBureau 349<br \/>\nB\u00e2timent IMAG<br \/>\n700 avenue Centrale<br \/>\nCS 40700, 38058 Grenoble Cedex 9<br \/>\nFrance<\/address>\n<p>Directeur de recherche au CNRS, chef de l&#8217;\u00e9quipe MRIM.<br \/>\nT\u00e9l : (33) 4 57 42 15 48<br \/>\ne-mail : Georges.Quenot@imag.fr<\/p>\n","protected":false},"excerpt":{"rendered":"<p>Georges Qu\u00e9not. Laboratoire d&#8217;Informatique de Grenoble \u00c9quipe Mod\u00e9lisation et Recherche d&#8217;Information Multim\u00e9dia Bureau 349 B\u00e2timent IMAG 700 avenue Centrale CS 40700, 38058 Grenoble Cedex 9 France Directeur de recherche au CNRS, chef de l&#8217;\u00e9quipe MRIM. T\u00e9l : (33) 4 57 42 15 48 e-mail : Georges.Quenot@imag.fr<\/p>\n","protected":false},"author":163,"featured_media":0,"parent":0,"menu_order":0,"comment_status":"open","ping_status":"open","template":"","meta":{"footnotes":""},"class_list":["post-2","page","type-page","status-publish","hentry"],"_links":{"self":[{"href":"https:\/\/lig-membres.imag.fr\/quenot\/wp-json\/wp\/v2\/pages\/2","targetHints":{"allow":["GET"]}}],"collection":[{"href":"https:\/\/lig-membres.imag.fr\/quenot\/wp-json\/wp\/v2\/pages"}],"about":[{"href":"https:\/\/lig-membres.imag.fr\/quenot\/wp-json\/wp\/v2\/types\/page"}],"author":[{"embeddable":true,"href":"https:\/\/lig-membres.imag.fr\/quenot\/wp-json\/wp\/v2\/users\/163"}],"replies":[{"embeddable":true,"href":"https:\/\/lig-membres.imag.fr\/quenot\/wp-json\/wp\/v2\/comments?post=2"}],"version-history":[{"count":16,"href":"https:\/\/lig-membres.imag.fr\/quenot\/wp-json\/wp\/v2\/pages\/2\/revisions"}],"predecessor-version":[{"id":162,"href":"https:\/\/lig-membres.imag.fr\/quenot\/wp-json\/wp\/v2\/pages\/2\/revisions\/162"}],"wp:attachment":[{"href":"https:\/\/lig-membres.imag.fr\/quenot\/wp-json\/wp\/v2\/media?parent=2"}],"curies":[{"name":"wp","href":"https:\/\/api.w.org\/{rel}","templated":true}]}}