{"id":67,"date":"2015-03-12T09:30:33","date_gmt":"2015-03-12T08:30:33","guid":{"rendered":"http:\/\/lig-membres.imag.fr\/quenot\/?page_id=67"},"modified":"2015-03-12T11:32:59","modified_gmt":"2015-03-12T10:32:59","slug":"students","status":"publish","type":"page","link":"https:\/\/lig-membres.imag.fr\/quenot\/students\/","title":{"rendered":"<!--:fr-->\u00c9tudiants<!--:--><!--:en-->Students<!--:-->"},"content":{"rendered":"<p><!--:fr-->Georges Qu\u00e9not.<\/p>\n<h3>Th\u00e8se en cours :<\/h3>\n<ul>\n<li>Mateusz Budnik: Collaborative annotation of multi-modal, multi-lingual and multi-media documents.<\/li>\n<\/ul>\n<h3>Th\u00e8ses r\u00e9cemment soutenues :<\/h3>\n<ul>\n<li>Abdelkader Hamadi : Using context for concept indexing in multimedia documents, <A HREF=\"http:\/\/mi2s.imag.fr\/utilisation-du-contexte-pour-lindexation-semantique-des-images-et-videos\">Soutenance<\/A>.<\/li>\n<li>Nadia Derbas : Contributions \u00e0 la d\u00e9tection de concepts et d&#8217;\u00e9v\u00e9nements dans les documents vid\u00e9os, <A HREF=\"http:\/\/mi2s.imag.fr\/contributions-a-la-detection-de-concepts-et-devenements-dans-les-documents-videos\">Soutenance<\/A>.<\/li>\n<li>Johann Poignant : Identification non-supervis\u00e9e de personnes dans les flux t\u00e9l\u00e9vis\u00e9s, <A HREF=\"http:\/\/mi2s.imag.fr\/identification-non-supervisee-de-personnes-dans-les-flux-televises\">Soutenance<\/A>, <A HREF=\"https:\/\/hal.archives-ouvertes.fr\/tel-00958774\">manuscrit<\/A>.<\/li>\n<li>Bahjat Safadi, 17 Sep. 2012 : Indexation s\u00e9mantique des images et des vid\u00e9os par apprentissage actif, <A HREF=\"https:\/\/hal.archives-ouvertes.fr\/tel-00766904\">manuscrit<\/A>.<\/li>\n<\/ul>\n<p><!--:--><!--:en-->Georges Qu\u00e9not.<\/p>\n<h3>Current PhD student:<\/h3>\n<ul>\n<li>Mateusz Budnik: Collaborative annotation of multi-modal, multi-lingual and multi-media documents.<\/li>\n<\/ul>\n<h3>Recent PhD students:<\/h3>\n<ul>\n<li>Abdelkader Hamadi, 23 Oct 2014: Using context for concept indexing in multimedia documents, <A HREF=\"http:\/\/mi2s.imag.fr\/utilisation-du-contexte-pour-lindexation-semantique-des-images-et-videos\">Defense<\/A>.<\/li>\n<li>Nadia Derbas, 30 Sep. 2014: Contributions to concept and event detection in video documents, <A HREF=\"http:\/\/mi2s.imag.fr\/contributions-a-la-detection-de-concepts-et-devenements-dans-les-documents-videos\">Defense<\/A>.<\/li>\n<li>Johann Poignant, 18 Oct. 2013: Unsupervised person identification in TV streams, <A HREF=\"http:\/\/mi2s.imag.fr\/identification-non-supervisee-de-personnes-dans-les-flux-televises\">Defense<\/A>, <A HREF=\"https:\/\/hal.archives-ouvertes.fr\/tel-00958774\">manuscript<\/A>.<\/li>\n<li>Bahjat Safadi, 17 Sep. 2012: Semantic indexing of image and video documents using active learning, <A HREF=\"https:\/\/hal.archives-ouvertes.fr\/tel-00766904\">manuscript<\/A>.<\/li>\n<\/ul>\n<p><!--:--><\/p>\n","protected":false},"excerpt":{"rendered":"<p>Georges Qu\u00e9not. Th\u00e8se en cours : Mateusz Budnik: Collaborative annotation of multi-modal, multi-lingual and multi-media documents. Th\u00e8ses r\u00e9cemment soutenues : Abdelkader Hamadi : Using context for concept indexing in multimedia documents, Soutenance. Nadia Derbas : Contributions \u00e0 la d\u00e9tection de concepts et d&#8217;\u00e9v\u00e9nements dans les documents vid\u00e9os, Soutenance. Johann Poignant : Identification non-supervis\u00e9e de personnes [&hellip;]<\/p>\n","protected":false},"author":163,"featured_media":0,"parent":0,"menu_order":0,"comment_status":"closed","ping_status":"open","template":"","meta":{"footnotes":""},"class_list":["post-67","page","type-page","status-publish","hentry"],"_links":{"self":[{"href":"https:\/\/lig-membres.imag.fr\/quenot\/wp-json\/wp\/v2\/pages\/67","targetHints":{"allow":["GET"]}}],"collection":[{"href":"https:\/\/lig-membres.imag.fr\/quenot\/wp-json\/wp\/v2\/pages"}],"about":[{"href":"https:\/\/lig-membres.imag.fr\/quenot\/wp-json\/wp\/v2\/types\/page"}],"author":[{"embeddable":true,"href":"https:\/\/lig-membres.imag.fr\/quenot\/wp-json\/wp\/v2\/users\/163"}],"replies":[{"embeddable":true,"href":"https:\/\/lig-membres.imag.fr\/quenot\/wp-json\/wp\/v2\/comments?post=67"}],"version-history":[{"count":8,"href":"https:\/\/lig-membres.imag.fr\/quenot\/wp-json\/wp\/v2\/pages\/67\/revisions"}],"predecessor-version":[{"id":117,"href":"https:\/\/lig-membres.imag.fr\/quenot\/wp-json\/wp\/v2\/pages\/67\/revisions\/117"}],"wp:attachment":[{"href":"https:\/\/lig-membres.imag.fr\/quenot\/wp-json\/wp\/v2\/media?parent=67"}],"curies":[{"name":"wp","href":"https:\/\/api.w.org\/{rel}","templated":true}]}}