{"id":86,"date":"2015-03-12T10:21:57","date_gmt":"2015-03-12T09:21:57","guid":{"rendered":"http:\/\/lig-membres.imag.fr\/quenot\/?page_id=86"},"modified":"2015-03-12T11:33:13","modified_gmt":"2015-03-12T10:33:13","slug":"projects","status":"publish","type":"page","link":"https:\/\/lig-membres.imag.fr\/quenot\/projects\/","title":{"rendered":"<!--:fr-->Projets<!--:--><!--:en-->Projects<!--:-->"},"content":{"rendered":"<p><!--:fr-->Georges Qu\u00e9not.<\/p>\n<h3>Projets en cours<\/h3>\n<ul>\n<li><a href=\"http:\/\/camomile.limsi.fr\/\">Camomile<\/a> : Collaborative Annotation of multi-MOdal, multI-Lingual and multi-mEdia documents, CHIST-ERA project, 2012-2016.<\/li>\n<li><a href=\"http:\/\/mrim.imag.fr\/irim\/\">IRIM<\/a> : Indexation et Recherche d&#8217;Information Multim\u00e9dia, action du GDR <a href=\"http:\/\/gdr-isis.fr\/\">ISIS<\/a>, 2008-2015.<\/li>\n<\/ul>\n<h3>Projets r\u00e9cents<\/h3>\n<ul>\n<li><a href=\"http:\/\/www.agence-nationale-recherche.fr\/suivi-bilan\/sciences-et-technologies-de-l-information-et-de-la-communication\/contenus-numeriques-et-interactions\/fiche-projet-contint\/?tx_lwmsuivibilan_pi2[CODE]=ANR-10-CORD-0103\">QCompere<\/a> : Quaero Consortium for Multimodal Person Recognition, ANR Repere project, 2010-2013.<\/li>\n<li><a href=\"http:\/\/www.videosense.org\/\">VideoSense<\/a> : automatic video tagging by high level concepts, ANR Contint project, 2010-2013.<\/li>\n<li><a href=\"http:\/\/www.quaero.org\/\">QUAERO<\/a> : La recherche et la reconnaissance de contenus num\u00e9riques, 2007-2013.<\/li>\n<\/ul>\n<h3>Projets anciens<\/h3>\n<ul>\n<li><a href=\"http:\/\/mrim.imag.fr\/projets\/theoreme.html\">THEOREME<\/a> : Th\u00e9matisation par Reconnaissance vocale des M\u00e9dias, Projet RNRT-1999-97, D\u00e9cembre 1999-Mars 2003.<\/li>\n<li><a href=\"http:\/\/mrim.imag.fr\/projets\/U11.html\">U11<\/a> : Indexation par contenu de documents fran\u00e7ais en vue de recherche automatis\u00e9e sur Internet, Coop\u00e9ration France-Qu\u00e9bec, Janvier 2001-D\u00e9cembre 2002.<\/li>\n<li><a href=\"http:\/\/www.irit.fr\/recherches\/SAMOVA\/MEMBERS\/JOLY\/PIDOT\/accueil.html\">PIDOT<\/a> : Plateforme d&#8217;Indexation Distribu\u00e9e Ouverte Transm\u00e9dia. EMPL CNRS, Janvier 2003-D\u00e9cembre 2004.<\/li>\n<li><b>BQR Vid\u00e9o<\/b> : Indexation de Vid\u00e9os par Concepts par fusion de caract\u00e9ristiques Image, Audio et Texte, BQR INPG, 2003-2004.<\/li>\n<li><b>PRISM<\/b> : Going torward Semantic and Multilingual Information Retrieval, projet IMAG.<\/li>\n<li><b>CNRT\/2004\/063<\/b> : D\u00e9veloppement de m\u00e9thodes de traitements avanc\u00e9es adapt\u00e9es \u00e0 la r\u00e9alisation de mesure PIV grand champ Projet CNRT Recherche en A\u00e9rodynamique et A\u00e9roacoustique.<\/li>\n<li>PENG : PErsonalised News content programminG, Projet europ\u00e9en STREP, Septembre 2004-Ao\u00fbt 2005.<\/li>\n<li><a href=\"http:\/\/www.mica.edu.vn\/Isere\/\">ISERE<\/a> : Inter-media Semantic Extraction and REasoning, Projet STIC-Asie, Janvier 2004-Janvier 2006.<\/li>\n<li><a href=\"http:\/\/www.irit.fr\/recherches\/SAMOVA\/MEMBERS\/JOLY\/argos\/\">ARGOS<\/a> : Campagne d&#8217;\u00e9valuation d&#8217;outils de surveillance de contenuse vid\u00e9os, Projet TechnoVision, Janvier 2005-Mai 2007.<\/li>\n<li><a href=\"http:\/\/ipal.imag.fr\/Projects\/Mosaic\/index.html\">MoSAIC<\/a> : Mobile Search and Annotation using Images in Context, projet ICT ASIA (Minist\u00e8re des Affaires Etrang\u00e8res &#8211; MAE, France), 2006-2008.<\/li>\n<li><a href=\"http:\/\/aveir.lip6.fr\/\">AVEIR<\/a> : Annotation automatique et extraction de concepts visuels pour la recherche d&#8217;images, Projet <a href=\"http:\/\/www.agence-nationale-recherche.fr\/\">ANR<\/a> Masse de Donn\u00e9es et Connaissances Ambiantes (<a href=\"http:\/\/www-anr-ci.cea.fr\/scripts\/home\/publigen\/content\/templates\/show.asp?P=129&amp;L=FR&amp;ITEMID=11\">MDCA<\/a>),<br \/>\n2007-2009.<\/li>\n<li><a href=\"http:\/\/liris.cnrs.fr\/lima\/\">LIMA<\/a> : Loisirs et IMAges, projet du Cluster de recherche Rh\u00f4ne-Alpes ISLE (Informatique, Signal, Logiciel Embarqu\u00e9), 2007-2010.<\/li>\n<li><b>APIMS<\/b> : Apprentissage Parall\u00e8le pour l&#8217;Indexation Multim\u00e9dia S\u00e9mantique, projet du p\u00f4le MSTIC de l&#8217;Universit\u00e9 Joseph Fourier, 2009-2010.<\/li>\n<\/ul>\n<p><!--:--><!--:en-->Georges Qu\u00e9not.<\/p>\n<h3>Current projects<\/h3>\n<ul>\n<li><a href=\"http:\/\/camomile.limsi.fr\/\">Camomile<\/a>: Collaborative Annotation of multi-MOdal, multI-Lingual and multi-mEdia documents, CHIST-ERA project, 2012-2016.<\/li>\n<li><a href=\"http:\/\/mrim.imag.fr\/irim\/\">IRIM<\/a>: Indexation et Recherche d&#8217;Information Multim\u00e9dia, action du GDR <a href=\"http:\/\/gdr-isis.fr\/\">ISIS<\/a>, 2008-2015.<\/li>\n<\/ul>\n<h3>Recent projects<\/h3>\n<ul>\n<li><a href=\"http:\/\/www.agence-nationale-recherche.fr\/suivi-bilan\/sciences-et-technologies-de-l-information-et-de-la-communication\/contenus-numeriques-et-interactions\/fiche-projet-contint\/?tx_lwmsuivibilan_pi2[CODE]=ANR-10-CORD-0103\">QCompere<\/a>: Quaero Consortium for Multimodal Person Recognition, ANR Repere project, 2010-2013.<\/li>\n<li><a href=\"http:\/\/www.videosense.org\/\">VideoSense<\/a>: automatic video tagging by high level concepts, ANR Contint project, 2010-2013.<\/li>\n<li><a href=\"http:\/\/www.quaero.org\/\">QUAERO<\/a>: La recherche et la reconnaissance de contenus num\u00e9riques, 2007-2013.<\/li>\n<\/ul>\n<h3>Older project<\/h3>\n<ul>\n<li><a href=\"http:\/mrim.imag.fr\/projets\/theoreme.html\">THEOREME<\/a>: Th\u00e9matisation par Reconnaissance vocale des M\u00e9dias, Projet RNRT-1999-97, D\u00e9cembre 1999-Mars 2003.<\/li>\n<li><a href=\"http:\/\/mrim.imag.fr\/projets\/U11.html\">U11<\/a>: Indexation par contenu de documents fran\u00e7ais en vue de recherche automatis\u00e9e sur Internet, Coop\u00e9ration France-Qu\u00e9bec, Janvier 2001-D\u00e9cembre 2002.<\/li>\n<li><a href=\"http:\/\/www.irit.fr\/recherches\/SAMOVA\/MEMBERS\/JOLY\/PIDOT\/accueil.html\">PIDOT<\/a>: Plateforme d&#8217;Indexation Distribu\u00e9e Ouverte Transm\u00e9dia. EMPL CNRS, Janvier 2003-D\u00e9cembre 2004.<\/li>\n<li><b>BQR Vid\u00e9o<\/b>: Indexation de Vid\u00e9os par Concepts par fusion de caract\u00e9ristiques Image, Audio et Texte, BQR INPG, 2003-2004.<\/li>\n<li><b>PRISM<\/b>: Going torward Semantic and Multilingual Information Retrieval, projet IMAG.<\/li>\n<li><b>CNRT\/2004\/063<\/b>: D\u00e9veloppement de m\u00e9thodes de traitements avanc\u00e9es adapt\u00e9es \u00e0 la r\u00e9alisation de mesure PIV grand champ Projet CNRT Recherche en A\u00e9rodynamique et A\u00e9roacoustique.<\/li>\n<li>PENG: PErsonalised News content programminG, Projet europ\u00e9en STREP, Septembre 2004-Ao\u00fbt 2005.<\/li>\n<li><a href=\"http:\/\/www.mica.edu.vn\/Isere\/\">ISERE<\/a>: Inter-media Semantic Extraction and REasoning, Projet STIC-Asie, Janvier 2004-Janvier 2006.<\/li>\n<li><a href=\"http:\/\/www.irit.fr\/recherches\/SAMOVA\/MEMBERS\/JOLY\/argos\/\">ARGOS<\/a>: Campagne d&#8217;\u00e9valuation d&#8217;outils de surveillance de contenuse vid\u00e9os, Projet TechnoVision, Janvier 2005-Mai 2007.<\/li>\n<li><a href=\"http:\/\/ipal.imag.fr\/Projects\/Mosaic\/index.html\">MoSAIC<\/a>: Mobile Search and Annotation using Images in Context, projet ICT ASIA (Minist\u00e8re des Affaires Etrang\u00e8res &#8211; MAE, France), 2006-2008.<\/li>\n<li><a href=\"http:\/\/aveir.lip6.fr\/\">AVEIR<\/a>: Annotation automatique et extraction de concepts visuels pour la recherche d&#8217;images, Projet <a href=\"http:\/\/www.agence-nationale-recherche.fr\/\">ANR<\/a> Masse de Donn\u00e9es et Connaissances Ambiantes (<a href=\"http:\/\/www-anr-ci.cea.fr\/scripts\/home\/publigen\/content\/templates\/show.asp?P=129&amp;L=FR&amp;ITEMID=11\">MDCA<\/a>),<br \/>\n2007-2009.<\/li>\n<li><a href=\"http:\/\/liris.cnrs.fr\/lima\/\">LIMA<\/a>: Loisirs et IMAges, projet du Cluster de recherche Rh\u00f4ne-Alpes ISLE (Informatique, Signal, Logiciel Embarqu\u00e9), 2007-2010.<\/li>\n<li><b>APIMS<\/b>: Apprentissage Parall\u00e8le pour l&#8217;Indexation Multim\u00e9dia S\u00e9mantique, projet du p\u00f4le MSTIC de l&#8217;Universit\u00e9 Joseph Fourier, 2009-2010.<\/li>\n<\/ul>\n<p><!--:--><\/p>\n","protected":false},"excerpt":{"rendered":"<p>Georges Qu\u00e9not. Projets en cours Camomile : Collaborative Annotation of multi-MOdal, multI-Lingual and multi-mEdia documents, CHIST-ERA project, 2012-2016. IRIM : Indexation et Recherche d&#8217;Information Multim\u00e9dia, action du GDR ISIS, 2008-2015. Projets r\u00e9cents QCompere : Quaero Consortium for Multimodal Person Recognition, ANR Repere project, 2010-2013. VideoSense : automatic video tagging by high level concepts, ANR Contint [&hellip;]<\/p>\n","protected":false},"author":163,"featured_media":0,"parent":0,"menu_order":0,"comment_status":"closed","ping_status":"open","template":"","meta":{"footnotes":""},"class_list":["post-86","page","type-page","status-publish","hentry"],"_links":{"self":[{"href":"https:\/\/lig-membres.imag.fr\/quenot\/wp-json\/wp\/v2\/pages\/86","targetHints":{"allow":["GET"]}}],"collection":[{"href":"https:\/\/lig-membres.imag.fr\/quenot\/wp-json\/wp\/v2\/pages"}],"about":[{"href":"https:\/\/lig-membres.imag.fr\/quenot\/wp-json\/wp\/v2\/types\/page"}],"author":[{"embeddable":true,"href":"https:\/\/lig-membres.imag.fr\/quenot\/wp-json\/wp\/v2\/users\/163"}],"replies":[{"embeddable":true,"href":"https:\/\/lig-membres.imag.fr\/quenot\/wp-json\/wp\/v2\/comments?post=86"}],"version-history":[{"count":8,"href":"https:\/\/lig-membres.imag.fr\/quenot\/wp-json\/wp\/v2\/pages\/86\/revisions"}],"predecessor-version":[{"id":118,"href":"https:\/\/lig-membres.imag.fr\/quenot\/wp-json\/wp\/v2\/pages\/86\/revisions\/118"}],"wp:attachment":[{"href":"https:\/\/lig-membres.imag.fr\/quenot\/wp-json\/wp\/v2\/media?parent=86"}],"curies":[{"name":"wp","href":"https:\/\/api.w.org\/{rel}","templated":true}]}}