{"id":95,"date":"2015-03-12T10:51:12","date_gmt":"2015-03-12T09:51:12","guid":{"rendered":"http:\/\/lig-membres.imag.fr\/quenot\/?page_id=95"},"modified":"2015-03-12T11:34:48","modified_gmt":"2015-03-12T10:34:48","slug":"software","status":"publish","type":"page","link":"https:\/\/lig-membres.imag.fr\/quenot\/software\/","title":{"rendered":"<!--:fr-->Logiciel<!--:--><!--:en-->Software<!--:-->"},"content":{"rendered":"<p><!--:fr-->Georges Qu\u00e9not.<\/p>\n<ul>\n<li><a href=\"http:\/\/mrim.imag.fr\/georges.quenot\/freesoft\/knnlsb\/index.html\">KNNLSB<\/a>: K plus proches voisins, parcours lin\u00e9arire simple.<\/li>\n<\/ul>\n<p><!--:--><!--:en-->Georges Qu\u00e9not.<\/p>\n<ul>\n<li><a href=\"http:\/\/mrim.imag.fr\/georges.quenot\/freesoft\/knnlsb\/index.html\">KNNLSB<\/a>: K Nearest Neighbors Linear Scan Baseline.<\/li>\n<\/ul>\n<p><!--:--><\/p>\n","protected":false},"excerpt":{"rendered":"<p>Georges Qu\u00e9not. KNNLSB: K plus proches voisins, parcours lin\u00e9arire simple. Georges Qu\u00e9not. KNNLSB: K Nearest Neighbors Linear Scan Baseline.<\/p>\n","protected":false},"author":163,"featured_media":0,"parent":0,"menu_order":0,"comment_status":"closed","ping_status":"open","template":"","meta":{"footnotes":""},"class_list":["post-95","page","type-page","status-publish","hentry"],"_links":{"self":[{"href":"https:\/\/lig-membres.imag.fr\/quenot\/wp-json\/wp\/v2\/pages\/95","targetHints":{"allow":["GET"]}}],"collection":[{"href":"https:\/\/lig-membres.imag.fr\/quenot\/wp-json\/wp\/v2\/pages"}],"about":[{"href":"https:\/\/lig-membres.imag.fr\/quenot\/wp-json\/wp\/v2\/types\/page"}],"author":[{"embeddable":true,"href":"https:\/\/lig-membres.imag.fr\/quenot\/wp-json\/wp\/v2\/users\/163"}],"replies":[{"embeddable":true,"href":"https:\/\/lig-membres.imag.fr\/quenot\/wp-json\/wp\/v2\/comments?post=95"}],"version-history":[{"count":5,"href":"https:\/\/lig-membres.imag.fr\/quenot\/wp-json\/wp\/v2\/pages\/95\/revisions"}],"predecessor-version":[{"id":121,"href":"https:\/\/lig-membres.imag.fr\/quenot\/wp-json\/wp\/v2\/pages\/95\/revisions\/121"}],"wp:attachment":[{"href":"https:\/\/lig-membres.imag.fr\/quenot\/wp-json\/wp\/v2\/media?parent=95"}],"curies":[{"name":"wp","href":"https:\/\/api.w.org\/{rel}","templated":true}]}}