{"id":9,"date":"2017-12-28T13:55:56","date_gmt":"2017-12-28T12:55:56","guid":{"rendered":"http:\/\/lig-membres.imag.fr\/schwab\/?page_id=9"},"modified":"2025-02-08T15:28:51","modified_gmt":"2025-02-08T14:28:51","slug":"page-web-de-didier-schwab","status":"publish","type":"page","link":"https:\/\/lig-membres.imag.fr\/schwab\/","title":{"rendered":"Didier Schwab"},"content":{"rendered":"<p>Bienvenue sur la page Web de Didier Schwab, enseignant-chercheur (PR) en informatique \u00e0 l&#8217;Universit\u00e9 Grenoble Alpes.<br \/>Mes recherche s&#8217;effectuent au <a href=\"https:\/\/www.liglab.fr\" target=\"_blank\" rel=\"noopener noreferrer\">LIG (Laboratoire d&#8217;Informatique de Grenoble)<\/a> dans l&#8217;\u00e9quipe GETALP (<a href=\"https:\/\/lig-getalp.imag.fr\" target=\"_blank\" rel=\"noopener noreferrer\">Groupe d&#8217;\u00c9tude en Traduction Automatique\/Traitement Automatique des Langues de la Parole<\/a>)<\/p>\r\n<p>Mes centres d&#8217;int\u00e9r\u00eats incluent :<\/p>\r\n<ul>\r\n<li>La clarification automatique et interactive des textes<\/li>\r\n<li>La traduction automatique<\/li>\r\n<li>La communication des personnes \u00e0 besoins sp\u00e9cifiques (personnes en situation de handicap)<\/li>\r\n<\/ul>\r\n<p>Je suis le concepteur et l&#8217;un des principaux d\u00e9veloppeurs de\u00a0<a href=\"http:\/\/gazeplay.net\" target=\"_blank\" rel=\"noopener noreferrer\">Gazeplay, un logiciel libre et gratuit<\/a> qui rassemble plusieurs mini-jeux jouables gr\u00e2ce \u00e0 un occulom\u00e8tre (Eye-tracker). La derni\u00e8re version compte une soixantaine de jeux.<\/p>\r\n\r\n<div id=\"ir-ext-ui\" style=\"color: #000000; font-size: 16px; line-height: 16px; background-color: #f7f7f7; border: 1px solid #999999; border-radius: 1px; top: 1px; left: 1px;\">\r\n<div class=\"ir-ext-dimensions\"><span class=\"ir-ext-rendered\" title=\"Rendered image dimensions (after any scaling\/resizing has been applied)\"> x <\/span> <span class=\"ir-ext-natural\" title=\"Natural image dimensions (without applying any scaling\/resizing)\"> (x) <\/span><\/div>\r\n<div class=\"ir-ext-filesize\">\u00a0<\/div>\r\n<\/div>","protected":false},"excerpt":{"rendered":"<p>Bienvenue sur la page Web de Didier Schwab, enseignant-chercheur (PR) en informatique \u00e0 l&#8217;Universit\u00e9 Grenoble Alpes.Mes recherche s&#8217;effectuent au LIG (Laboratoire d&#8217;Informatique de Grenoble) dans l&#8217;\u00e9quipe GETALP (Groupe d&#8217;\u00c9tude en Traduction Automatique\/Traitement Automatique des Langues de la Parole) Mes centres &hellip;<\/p>\n<p class=\"read-more\"> <a class=\"more-link\" href=\"https:\/\/lig-membres.imag.fr\/schwab\/\"> <span class=\"screen-reader-text\">Didier Schwab<\/span> Read More &raquo;<\/a><\/p>\n","protected":false},"author":853,"featured_media":0,"parent":0,"menu_order":0,"comment_status":"closed","ping_status":"closed","template":"","meta":{"footnotes":""},"class_list":["post-9","page","type-page","status-publish","hentry"],"_links":{"self":[{"href":"https:\/\/lig-membres.imag.fr\/schwab\/wp-json\/wp\/v2\/pages\/9","targetHints":{"allow":["GET"]}}],"collection":[{"href":"https:\/\/lig-membres.imag.fr\/schwab\/wp-json\/wp\/v2\/pages"}],"about":[{"href":"https:\/\/lig-membres.imag.fr\/schwab\/wp-json\/wp\/v2\/types\/page"}],"author":[{"embeddable":true,"href":"https:\/\/lig-membres.imag.fr\/schwab\/wp-json\/wp\/v2\/users\/853"}],"replies":[{"embeddable":true,"href":"https:\/\/lig-membres.imag.fr\/schwab\/wp-json\/wp\/v2\/comments?post=9"}],"version-history":[{"count":11,"href":"https:\/\/lig-membres.imag.fr\/schwab\/wp-json\/wp\/v2\/pages\/9\/revisions"}],"predecessor-version":[{"id":165,"href":"https:\/\/lig-membres.imag.fr\/schwab\/wp-json\/wp\/v2\/pages\/9\/revisions\/165"}],"wp:attachment":[{"href":"https:\/\/lig-membres.imag.fr\/schwab\/wp-json\/wp\/v2\/media?parent=9"}],"curies":[{"name":"wp","href":"https:\/\/api.w.org\/{rel}","templated":true}]}}