{"id":16,"date":"2016-09-12T15:00:16","date_gmt":"2016-09-12T15:00:16","guid":{"rendered":"http:\/\/lig-membres.imag.fr\/vacher\/?page_id=16"},"modified":"2019-07-16T14:31:10","modified_gmt":"2019-07-16T14:31:10","slug":"publications","status":"publish","type":"page","link":"https:\/\/lig-membres.imag.fr\/vacher\/publications\/","title":{"rendered":"Publications"},"content":{"rendered":"<h4>\u00c9quipe GETALP du LIG (\u00e0 partir de 2007)<\/h4>\n<p><a href=\"http:\/\/hal.archives-ouvertes.fr\/Public\/afficheRequetePubli.php?auteur_exp=Michel,Vacher&amp;annee_publideb=2007&amp;annee_publifin=2020&amp;labos_exp=LIG&amp;CB_auteur=oui&amp;CB_titre=oui&amp;CB_identifiant=oui&amp;CB_article=oui&amp;langue=Francais&amp;tri_exp=annee_publi&amp;tri_exp2=typdoc&amp;tri_exp3=date_publi&amp;ordre_aff=TA&amp;Fen=Aff&amp;css=..\/css\/VisuRubriqueEncadre.css\">Liste des articles<\/a><\/p>\n<p style=\"text-align: justify\">Affichage de la liste des publications dans la collection GETALP du LIG sur le site d&#8217;archives ouvertes HAL ; le texte de la plupart des articles est accessible sur HAL.<\/p>\n<h4 style=\"text-align: justify\">Mes publications majeures<\/h4>\n<h6>Commande vocale et interaction en contexte<\/h6>\n<ol>\n<li style=\"text-align: justify\"><span style=\"color: #008000\"><span style=\"color: #008000\">@ARTICLE{vacher2015, <span style=\"color: #993300\">TITLE = <span style=\"color: #000000\">{{Making emergency calls more accessible to older adults through a hands-free speech interface in the house}}, <span style=\"color: #993300\">AUTHOR =<\/span> {Vacher, Michel and Aman, Fr\u00e9d\u00e9ric and Rossato, Solange and Portet, Fran\u00e7ois and Lecouteux, Benjamin}, <span style=\"color: #993300\">YEAR =<\/span> {2019}, <span style=\"color: #993300\">ISSUE_DATE =<\/span> {June 2019}, <span style=\"color: #993300\">PUBLISHER =<\/span> {Association for Computing Machinery}, <span style=\"color: #993300\">ADDRESS =<\/span> {New York, NY, USA}, <span style=\"color: #993300\">VOLUME =<\/span> {12}, <span style=\"color: #993300\">NUMBER =<\/span> {2}, <span style=\"color: #993300\">ISSN =<\/span> {1936-7228}, <span style=\"color: #993300\">URL =<\/span> {<a href=\"https:\/\/doi.org\/10.1145\/3310132\">https:\/\/doi.org\/10.1145\/3310132<\/a>}, <span style=\"color: #993300\">DOI =<\/span> {10.1145\/3310132}, <span style=\"color: #993300\">JOURNAL =<\/span> {ACM Trans. Access. Comput.}, <span style=\"color: #993300\">MONTH =<\/span> jun, <span style=\"color: #993300\">ARTICLENO =<\/span> {8}, <span style=\"color: #993300\">NUMPAGES =<\/span> {25}, <span style=\"color: #993300\">KEYWORDS =<\/span> {assistive technology, Specific voice recognition, ambient assisted living, emergency call} } (<a href=\"http:\/\/lig-membres.imag.fr\/vacher\/wp-content\/uploads\/sites\/226\/2019\/07\/2019_TACCESS_Vacher_DRAFT.pdf\">Version auteur<\/a>\u00a0 <img loading=\"lazy\" decoding=\"async\" class=\"alignnone size-full wp-image-290\" src=\"http:\/\/lig-membres.imag.fr\/vacher\/wp-content\/uploads\/sites\/226\/2019\/07\/pdf.gif\" alt=\"\" width=\"18\" height=\"19\" \/>)<\/span><\/span><\/span><\/span><\/li>\n<li><span style=\"color: #008000\">@article{BRENON201892, <span style=\"color: #993366\">TITLE<\/span><\/span><span style=\"color: #993366\"> =<\/span> &#8220;Arcades: A deep model for adaptive decision making in voice controlled smart-home&#8221;,<br \/>\n<span style=\"color: #993366\">JOURNAL =<\/span> &#8220;Pervasive and Mobile Computing&#8221;, <span style=\"color: #993366\">VOLUME =<\/span> &#8220;49&#8221;, <span style=\"color: #993366\">PAGES =<\/span> &#8220;92 &#8211; 110&#8221;, <span style=\"color: #993366\">YEAR =<\/span> &#8220;2018&#8221;, <span style=\"color: #993366\">ISSN =<\/span> &#8220;1574-1192&#8221;, <span style=\"color: #993366\">DOI =<\/span> &#8220;https:\/\/doi.org\/10.1016\/j.pmcj.2018.06.011&#8221;, <span style=\"color: #993366\">URL =<\/span> &#8220;<a href=\"http:\/\/www.sciencedirect.com\/science\/article\/pii\/S1574119217305862\">http:\/\/www.sciencedirect.com\/science\/article\/pii\/S1574119217305862<\/a>&#8220;, <span style=\"color: #993366\">AUTHOR =<\/span> &#8220;Alexis Brenon and Fran\u00e7ois Portet and Michel Vacher&#8221;, <span style=\"color: #993366\">KEYWORDS =<\/span> &#8220;Smart-home, Decision system, Context-aware, Reinforcement learning, Deep learning&#8221;,}<\/li>\n<li style=\"text-align: justify\"><span style=\"color: #008000\">@ARTICLE{vacher2015, <span style=\"color: #993300\">TITLE = <span style=\"color: #000000\">{{Evaluation of a context-aware voice interface for Ambient Assisted Living: qualitative user study vs. quantitative system evaluation}}, <span style=\"color: #993300\">AUTHOR =<\/span> {Vacher, Michel and Caffiau, Sybille and Portet, Fran\u00e7ois and Meillon, Brigitte and Roux, Camille and Elias, Elena and Lecouteux, Benjamin and Chahuara, Pedro}, <span style=\"color: #993300\">YEAR =<\/span> {2015}, <span style=\"color: #993300\">JOURNAL =<\/span> {ACM Transactions on Accessible Computing},\u00a0 <span style=\"color: #993300\">URL =<\/span> {<a href=\"http:\/\/doi.acm.org\/10.1145\/2738047\">http:\/\/doi.acm.org\/10.1145\/2738047<\/a>}, <span style=\"color: #993300\">DOI =<\/span> {10.1145\/2738047}, <span style=\"color: #993300\">VOLUME =<\/span> {7}, <span style=\"color: #993300\">NUMBER =<\/span> {2}, <span style=\"color: #993300\">PAGES =<\/span> {5:1-5:36}, }<\/span><\/span><\/span><\/li>\n<li style=\"text-align: justify\"><span style=\"color: #008000\">@ARTICLE<\/span>{bouakaz2014}, <span style=\"color: #993300\">AUTHOR =<\/span> {Bouakaz, Sa\u00efda and Vacher, Michel and Bobillier-Chaumon, Marc-Eric and Aman, Fr\u00e9d\u00e9ric and Bekkadja, Salima and Portet, Fran\u00e7ois and Guillou, Erwan and Rossato, Solange and Desser\u00e9e, Elodie and Traineau, Pierre and Vimon, Jean-Pierre and Chevalier, Thierry}, <span style=\"color: #993300\">TITLE =<\/span> {{CIRDO: Smart companion for helping elderly to live at home for longer}}, <span style=\"color: #993300\">JOURNAL =<\/span> {{IRBM}}, <span style=\"color: #993300\">PAGES =<\/span> {101-108}, <span style=\"color: #993300\">YEAR =<\/span> {2014}, }<\/li>\n<li style=\"text-align: justify\"><span style=\"color: #008000\">@ARTICLE<\/span><span style=\"color: #000000\">{portet2013, <span style=\"color: #993300\">TITLE =<\/span> {Design and evaluation of a smart home voice interface for the elderly: acceptability and objection aspects}, <span style=\"color: #993300\">AUTHOR =<\/span> {Portet, Fran\u00e7ois and Vacher, Michel and Golanski, Caroline and Roux, Camille and Meillon, Brigitte}, <span style=\"color: #993300\">YEAR =<\/span> {2013}, <span style=\"color: #993300\">JOURNAL =<\/span> {Personal and Ubiquitous Computing}, <span style=\"color: #993300\">VOLUME =<\/span> {17}, <span style=\"color: #993300\">ISSUE =<\/span> {1}, <span style=\"color: #993300\">PAGES =<\/span> {127-144}, }<\/span><\/li>\n<\/ol>\n<h6>Reconnaissance d&#8217;activit\u00e9 de la vie quotidienne et corpus associ\u00e9s<\/h6>\n<ol>\n<li style=\"text-align: justify\"><span style=\"color: #008000\">@ARTICLE<\/span>{chahuara2016, <span style=\"color: #993300\">TITLE =<\/span> {{On-line human activity recognition from audio and home automation sensors: comparison of sequential and non-sequential models in realistic Smart Homes}}, <span style=\"color: #993300\">AUTHOR =<\/span> {Chahuara, Pedro and Fleury, Anthony and Portet, Fran\u00e7ois and Vacher, Michel}, <span style=\"color: #993300\">YEAR =<\/span> {2016}, <span style=\"color: #993300\">JOURNAL =<\/span> {JAISE}, <span style=\"color: #993300\">VOLUME =<\/span> {8}, <span style=\"color: #993300\">NUMBER =<\/span> {4}, PAGES = {399-422},}<\/li>\n<li style=\"text-align: justify\"><span style=\"color: #008000\">@ARTICLE<span style=\"color: #000000\">{fleury2013, <span style=\"color: #993300\">AUTHOR =<\/span> &#8220;Fleury, Anthony and Vacher, Michel and Portet, Fran\u00e7ois and Chahuara, Pedro and Noury, Norbert&#8221;, <span style=\"color: #993300\">TITLE =<\/span> &#8220;{A} french corpus of audio and multimodal interactions in a health smart home&#8221;, <span style=\"color: #993300\">JOURNAL =<\/span> &#8220;{J}ournal on {M}ultimodal {U}ser {I}nterfaces&#8221;, <span style=\"color: #993300\">VOLUME =<\/span> {7}, <span style=\"color: #993300\">ISSUE =<\/span> {1}, <span style=\"color: #993300\">PAGES =<\/span> &#8220;93&#8211;109&#8221;, <span style=\"color: #993300\">YEAR =<\/span> &#8220;2013&#8221;, }<\/span><\/span><\/li>\n<li style=\"text-align: justify\"><span style=\"color: #008000\">@ARTICLE<\/span>{Fleury2010, <span style=\"color: #993300\">AUTHOR =<\/span> &#8220;Anthony Fleury and Michel Vacher and Norbert Noury&#8221;, <span style=\"color: #993300\">TITLE =<\/span> &#8220;SVM-Based Multi-Modal Classification of Activities of Daily Living in Health Smart Homes: Sensors, Algorithms and First Experimental Results&#8221;, <span style=\"color: #993300\">JOURNAL =<\/span> &#8220;Information Technology in Biomedicine, IEEE Transactions on&#8221;, <span style=\"color: #993300\">YEAR =<\/span> &#8220;2010&#8221;, VOLUME = &#8220;14&#8221;, <span style=\"color: #993300\">NUMBER =<\/span>&#8220;2&#8221;, <span style=\"color: #993300\">PAGES<\/span> =&#8221;274 -283&#8243;,<br \/>\n}<\/li>\n<\/ol>\n<h6>Analyse sonore dans l&#8217;habitat<\/h6>\n<ol>\n<li style=\"text-align: justify\"><span style=\"color: #008000\">@ARTICLE<\/span>{Vacher2011, <span style=\"color: #993300\">AUTHOR =<\/span> {Michel Vacher and Fran\u00e7ois Portet and Anthony Fleury and Norbert Noury}, <span style=\"color: #993300\">TITLE =<\/span> {Development of Audio Sensing Technology for Ambient Assisted Living: Applications and Challenges}, <span style=\"color: #993300\">JOURNAL =<\/span> {International Journal of E-Health and Medical Communications}, <span style=\"color: #993300\">YEAR =<\/span> {2011}, volume = {2}, <span style=\"color: #993300\">NUMBER ={<\/span>1}, <span style=\"color: #993300\">PAGES ={<\/span>35 &#8211; 54}, }<\/li>\n<li style=\"text-align: justify\"><span style=\"color: #008000\">@ARTICLE<\/span>{Istrate2006, <span style=\"color: #993300\">AUTHOR =<\/span> &#8220;D. Istrate and E. Castelli and M. Vacher and L. Besacier and J.-F. Serignat&#8221;, <span style=\"color: #993300\">TITLE =<\/span> &#8220;Information Extraction From Sound for Medical Telemonitoring&#8221;, <span style=\"color: #993300\">JOURNAL =<\/span> &#8220;Information Technology in Biomedicine, IEEE Transactions on&#8221;, <span style=\"color: #993300\">VOLUME<\/span> = &#8220;10&#8221;, <span style=\"color: #993300\">ISSUE =<\/span> &#8220;2&#8221;, <span style=\"color: #993300\">PAGES =<\/span> &#8220;264-274&#8221;, <span style=\"color: #993300\">YEAR =<\/span> &#8220;2006&#8221;<br \/>\n}<\/li>\n<\/ol>\n<h4>Publications \u00e0 partir de 1994<\/h4>\n<p><a href=\"http:\/\/haltools-new.inria.fr\/Public\/afficheRequetePubli.php?auteur_exp=michel-vacher&amp;annee_publideb=1982&amp;annee_publifin=2020&amp;CB_auteur=oui&amp;CB_titre=oui&amp;CB_article=oui&amp;CB_typdoc=oui&amp;langue=Anglais&amp;tri_exp=annee_publi&amp;tri_exp2=typdoc&amp;tri_exp3=date_publi&amp;o\">Liste des articles<\/a><\/p>\n<p style=\"text-align: justify\">Affichage de la liste sur HAL d&#8217;une s\u00e9lection de ces publications. Ces travaux ont \u00e9t\u00e9 effectu\u00e9s au LTPCM (groupe Physique du M\u00e9tal) avant 2000, au laboratoire CLIPS (\u00e9quipe GEOD) entre 2000 et 2007, et au laboratoire LIG (\u00e9quipe GETALP) \u00e0 partir de 2007.<\/p>\n<h4 style=\"text-align: justify\">Publications ant\u00e9rieures<\/h4>\n<p style=\"text-align: justify\">Ces publications ne sont pas sur HAL, <a href=\"http:\/\/lig-membres.imag.fr\/vacher\/publications-anterieures\/\">suivre ce lien<\/a>.<\/p>\n","protected":false},"excerpt":{"rendered":"<p>\u00c9quipe GETALP du LIG (\u00e0 partir de 2007) Liste des articles Affichage de la liste des publications dans la collection GETALP du LIG sur le site d&#8217;archives ouvertes HAL ; le texte de la plupart des articles est accessible sur HAL. Mes publications majeures Commande vocale et interaction en contexte @ARTICLE{vacher2015, TITLE = {{Making emergency &hellip; <a href=\"https:\/\/lig-membres.imag.fr\/vacher\/publications\/\" class=\"more-link\">Continue reading <span class=\"screen-reader-text\">Publications<\/span> <span class=\"meta-nav\">&rarr;<\/span><\/a><\/p>\n","protected":false},"author":845,"featured_media":0,"parent":0,"menu_order":0,"comment_status":"closed","ping_status":"closed","template":"","meta":{"footnotes":""},"class_list":["post-16","page","type-page","status-publish","hentry"],"_links":{"self":[{"href":"https:\/\/lig-membres.imag.fr\/vacher\/wp-json\/wp\/v2\/pages\/16","targetHints":{"allow":["GET"]}}],"collection":[{"href":"https:\/\/lig-membres.imag.fr\/vacher\/wp-json\/wp\/v2\/pages"}],"about":[{"href":"https:\/\/lig-membres.imag.fr\/vacher\/wp-json\/wp\/v2\/types\/page"}],"author":[{"embeddable":true,"href":"https:\/\/lig-membres.imag.fr\/vacher\/wp-json\/wp\/v2\/users\/845"}],"replies":[{"embeddable":true,"href":"https:\/\/lig-membres.imag.fr\/vacher\/wp-json\/wp\/v2\/comments?post=16"}],"version-history":[{"count":55,"href":"https:\/\/lig-membres.imag.fr\/vacher\/wp-json\/wp\/v2\/pages\/16\/revisions"}],"predecessor-version":[{"id":303,"href":"https:\/\/lig-membres.imag.fr\/vacher\/wp-json\/wp\/v2\/pages\/16\/revisions\/303"}],"wp:attachment":[{"href":"https:\/\/lig-membres.imag.fr\/vacher\/wp-json\/wp\/v2\/media?parent=16"}],"curies":[{"name":"wp","href":"https:\/\/api.w.org\/{rel}","templated":true}]}}