{"id":172,"date":"2016-09-15T08:00:53","date_gmt":"2016-09-15T08:00:53","guid":{"rendered":"http:\/\/lig-membres.imag.fr\/vacher\/?page_id=172"},"modified":"2019-06-12T15:11:03","modified_gmt":"2019-06-12T15:11:03","slug":"acces-batiment-imag","status":"publish","type":"page","link":"https:\/\/lig-membres.imag.fr\/vacher\/acces-batiment-imag\/","title":{"rendered":"Acc\u00e8s b\u00e2timent IMAG"},"content":{"rendered":"<table>\n<tbody>\n<tr>\n<td>&nbsp;<\/p>\n<p>Entr\u00e9e principale du b\u00e2timent IMAG<\/p>\n<p>Afficher <a href=\"https:\/\/www.openstreetmap.org\/#map=19\/45.19034\/5.76707&amp;layers=N\" target=\"blank\" rel=\"noopener noreferrer\">le plan dans OpenStreetMap<\/a><br \/>\nCoordonn\u00e9es GPS : 45.19034, 5.76707<\/td>\n<td><a href=\"https:\/\/www.openstreetmap.org\/#map=19\/45.19034\/5.76707&amp;layers=N\"><img loading=\"lazy\" decoding=\"async\" class=\"alignnone size-full wp-image-167\" src=\"http:\/\/lig-membres.imag.fr\/vacher\/wp-content\/uploads\/sites\/226\/2016\/09\/lig_imag.png\" alt=\"lig_imag\" width=\"150\" height=\"100\" \/><\/a><\/td>\n<\/tr>\n<\/tbody>\n<\/table>\n<div>\n<p><strong>Acc\u00e8s en voiture<\/strong><\/p>\n<ul>\n<li style=\"text-align: justify\">En provenance de Lyon ou Valence, suivre la direction Chamb\u00e9ry\/ Rocade Sud. Prendre la sortie n\u00b0 1 &#8211; Domaine Universitaire \/ Gi\u00e8res Mayencin.<\/li>\n<li style=\"text-align: justify\">En provenance de Chamb\u00e9ry, suivre la direction Gi\u00e8res Domaine Universitaire. Prendre la sortie n\u00b0 1 &#8211; Domaine Universitaire \/ Gi\u00e8res Mayencin.<\/li>\n<li style=\"text-align: justify\">En provenance de Grenoble centre, prendre l\u2019avenue Gabriel P\u00e9ri de St Martin d\u2019H\u00e8res, puis l\u2019entr\u00e9e du campus face au G\u00e9ant Casino.<\/li>\n<\/ul>\n<p><strong>Acc\u00e8s en transports en commun<\/strong><\/p>\n<p style=\"text-align: justify\">Le site est desservi par deux lignes de tramway : ligne B et ligne C. Le tramway est accessible aux personnes \u00e0 mobilit\u00e9 r\u00e9duite. Plus d\u2019informations sur le r\u00e9seau des transports grenoblois sur le site de la TAG : <a href=\"http:\/\/www.tag.fr\/\" target=\"_blank\" rel=\"noopener noreferrer\">http:\/\/www.tag.fr\/<\/a> ou par tel au 04.38.70.38.70.<\/p>\n<ul>\n<li style=\"text-align: justify\">Depuis la gare SNCF, Ligne B, Grenoble Presqu\u2019\u00eele \/ Gi\u00e8res Plaine des Sports en direction de Gi\u00e8res Plaine des Sports. Arr\u00eat \u00ab Gabriel Faur\u00e9 \u00bb.<\/li>\n<li style=\"text-align: justify\">Ligne C, Seyssins le Prisme \/ Saint Martin d\u2019H\u00e8res Condillac Universit\u00e9s. Arr\u00eat \u00ab Gabriel Faur\u00e9 \u00bb.<\/li>\n<\/ul>\n<\/div>\n","protected":false},"excerpt":{"rendered":"<p>&nbsp; Entr\u00e9e principale du b\u00e2timent IMAG Afficher le plan dans OpenStreetMap Coordonn\u00e9es GPS : 45.19034, 5.76707 Acc\u00e8s en voiture En provenance de Lyon ou Valence, suivre la direction Chamb\u00e9ry\/ Rocade Sud. Prendre la sortie n\u00b0 1 &#8211; Domaine Universitaire \/ Gi\u00e8res Mayencin. En provenance de Chamb\u00e9ry, suivre la direction Gi\u00e8res Domaine Universitaire. Prendre la sortie &hellip; <a href=\"https:\/\/lig-membres.imag.fr\/vacher\/acces-batiment-imag\/\" class=\"more-link\">Continue reading <span class=\"screen-reader-text\">Acc\u00e8s b\u00e2timent IMAG<\/span> <span class=\"meta-nav\">&rarr;<\/span><\/a><\/p>\n","protected":false},"author":845,"featured_media":0,"parent":0,"menu_order":0,"comment_status":"closed","ping_status":"closed","template":"","meta":{"footnotes":""},"class_list":["post-172","page","type-page","status-publish","hentry"],"_links":{"self":[{"href":"https:\/\/lig-membres.imag.fr\/vacher\/wp-json\/wp\/v2\/pages\/172","targetHints":{"allow":["GET"]}}],"collection":[{"href":"https:\/\/lig-membres.imag.fr\/vacher\/wp-json\/wp\/v2\/pages"}],"about":[{"href":"https:\/\/lig-membres.imag.fr\/vacher\/wp-json\/wp\/v2\/types\/page"}],"author":[{"embeddable":true,"href":"https:\/\/lig-membres.imag.fr\/vacher\/wp-json\/wp\/v2\/users\/845"}],"replies":[{"embeddable":true,"href":"https:\/\/lig-membres.imag.fr\/vacher\/wp-json\/wp\/v2\/comments?post=172"}],"version-history":[{"count":4,"href":"https:\/\/lig-membres.imag.fr\/vacher\/wp-json\/wp\/v2\/pages\/172\/revisions"}],"predecessor-version":[{"id":271,"href":"https:\/\/lig-membres.imag.fr\/vacher\/wp-json\/wp\/v2\/pages\/172\/revisions\/271"}],"wp:attachment":[{"href":"https:\/\/lig-membres.imag.fr\/vacher\/wp-json\/wp\/v2\/media?parent=172"}],"curies":[{"name":"wp","href":"https:\/\/api.w.org\/{rel}","templated":true}]}}