{"id":19,"date":"2016-09-12T15:07:28","date_gmt":"2016-09-12T15:07:28","guid":{"rendered":"http:\/\/lig-membres.imag.fr\/vacher\/?page_id=19"},"modified":"2019-06-12T15:27:57","modified_gmt":"2019-06-12T15:27:57","slug":"informations-generales","status":"publish","type":"page","link":"https:\/\/lig-membres.imag.fr\/vacher\/informations-generales\/","title":{"rendered":"Informations g\u00e9n\u00e9rales Curriculum Vitae"},"content":{"rendered":"<h4>Michel VACHER &#8211; Ing\u00e9nieur de Recherche CNRS &#8211; Habilit\u00e9 \u00e0 Diriger des Recherches<\/h4>\n<h4>Coordonn\u00e9es<\/h4>\n<table>\n<tbody>\n<tr>\n<td>Laboratoire d&#8217;Informatique de Grenoble (LIG) &#8211; UMR 5217<\/td>\n<\/tr>\n<tr>\n<td>\u00c9quipe GETALP (Groupe d\u2019\u00e9tude en Traduction\/Traitement Automatique des Langues et de la Parole)<\/td>\n<\/tr>\n<tr>\n<td>\n<p class=\"moz-signature\">700 avenue Centrale &#8211; B\u00e2timent IMAG &#8211; Bureau 330<\/p>\n<\/td>\n<\/tr>\n<tr>\n<td>\n<p class=\"moz-signature\">Domaine Universitaire &#8211; 38401 St Martin d&#8217;H\u00e8res<\/p>\n<\/td>\n<\/tr>\n<tr>\n<td>t\u00e9l. : 0033 (0) 4 57 42 14 38<\/td>\n<\/tr>\n<tr>\n<td>Michel.Vacher &lt;arobase&gt; imag.fr<\/td>\n<\/tr>\n<tr>\n<td>\n<table>\n<tbody>\n<tr>\n<td>Acc\u00e8s au b\u00e2timent IMAG au niveau de l&#8217;arr\u00eat de tram &#8220;Gabriel Faur\u00e9&#8221;, lignes B et C<\/p>\n<p>Afficher <a href=\"https:\/\/www.openstreetmap.org\/#map=19\/45.19034\/5.76707&amp;layers=N\" target=\"blank\" rel=\"noopener noreferrer\">le plan dans OpenStreetMap<\/a><br \/>\nCoordonn\u00e9es GPS : 45.19034, 5.76707<\/td>\n<td><a href=\"https:\/\/www.openstreetmap.org\/#map=19\/45.19034\/5.76707&amp;layers=N\"><img loading=\"lazy\" decoding=\"async\" class=\"alignnone size-full wp-image-167\" src=\"http:\/\/lig-membres.imag.fr\/vacher\/wp-content\/uploads\/sites\/226\/2016\/09\/lig_imag.png\" alt=\"lig_imag\" width=\"150\" height=\"100\" \/><\/a><\/td>\n<\/tr>\n<\/tbody>\n<\/table>\n<\/td>\n<\/tr>\n<\/tbody>\n<\/table>\n<h4 style=\"text-align: justify\">Parcours<\/h4>\n<ul>\n<li style=\"text-align: justify\">2011 : Habilitation \u00e0 Diriger des Recherches en Informatique (HDR)<\/li>\n<li style=\"text-align: justify\">\u00e0 partir de 2007 : Laboratoire LIG\u00a0 UMR 5217 &#8211; \u00c9quipe GETALP<\/li>\n<li style=\"text-align: justify\">2001-2006 : Laboratoire CLIPS UMR 5524 &#8211; \u00c9quipe GEOD<\/li>\n<li style=\"text-align: justify\">1986-2000 : Laboratoire de Thermodynamique et Physicochimie M\u00e9tallurgique (URA-29 puis UMR-5614 du CNRS) &#8211; Groupe Physique du M\u00e9tal<\/li>\n<li style=\"text-align: justify\">1982 : Doctorat d&#8217;Ing\u00e9nieur en Acoustique<\/li>\n<li style=\"text-align: justify\">1979-1981 : Laboratoire de Traitement du Signal et Ultrasons (INSA de Lyon)<\/li>\n<li style=\"text-align: justify\">1979 : Ing\u00e9nieur INSA de Lyon, D\u00e9partement G\u00e9nie \u00c9lectrique, option T\u00e9l\u00e9communication<\/li>\n<\/ul>\n<h4 style=\"text-align: justify\">Th\u00e8mes de Recherche<\/h4>\n<ul>\n<li style=\"text-align: justify\">Reconnaissance Automatique de la Parole \u00e0 partir de donn\u00e9es multisources<\/li>\n<li>Voix atypiques<\/li>\n<li style=\"text-align: justify\">Reconnaissance d&#8217;activit\u00e9 \u00e0 partir de donn\u00e9es multimodales<\/li>\n<li>Interaction en contexte<\/li>\n<\/ul>\n<h4 style=\"text-align: justify\">Autres Activit\u00e9s<\/h4>\n<ul>\n<li style=\"text-align: justify\">Directeur adjoint de l&#8217;Institut Carnot Logiciel et Syst\u00e8mes Intelligents (LSI)<\/li>\n<li>Membre du bureau du journal JAISE<\/li>\n<\/ul>\n<p style=\"text-align: justify\">Des informations g\u00e9n\u00e9rales sont aussi disponibles en acc\u00e9dant \u00e0 <a href=\"https:\/\/cv.archives-ouvertes.fr\/michel-vacher\">ma notice bibliographique<\/a> sur le site d&#8217;archives ouvertes HAL.<\/p>\n","protected":false},"excerpt":{"rendered":"<p>Michel VACHER &#8211; Ing\u00e9nieur de Recherche CNRS &#8211; Habilit\u00e9 \u00e0 Diriger des Recherches Coordonn\u00e9es Laboratoire d&#8217;Informatique de Grenoble (LIG) &#8211; UMR 5217 \u00c9quipe GETALP (Groupe d\u2019\u00e9tude en Traduction\/Traitement Automatique des Langues et de la Parole) 700 avenue Centrale &#8211; B\u00e2timent IMAG &#8211; Bureau 330 Domaine Universitaire &#8211; 38401 St Martin d&#8217;H\u00e8res t\u00e9l. : 0033 (0) &hellip; <a href=\"https:\/\/lig-membres.imag.fr\/vacher\/informations-generales\/\" class=\"more-link\">Continue reading <span class=\"screen-reader-text\">Informations g\u00e9n\u00e9rales Curriculum Vitae<\/span> <span class=\"meta-nav\">&rarr;<\/span><\/a><\/p>\n","protected":false},"author":845,"featured_media":0,"parent":0,"menu_order":0,"comment_status":"closed","ping_status":"closed","template":"","meta":{"footnotes":""},"class_list":["post-19","page","type-page","status-publish","hentry"],"_links":{"self":[{"href":"https:\/\/lig-membres.imag.fr\/vacher\/wp-json\/wp\/v2\/pages\/19","targetHints":{"allow":["GET"]}}],"collection":[{"href":"https:\/\/lig-membres.imag.fr\/vacher\/wp-json\/wp\/v2\/pages"}],"about":[{"href":"https:\/\/lig-membres.imag.fr\/vacher\/wp-json\/wp\/v2\/types\/page"}],"author":[{"embeddable":true,"href":"https:\/\/lig-membres.imag.fr\/vacher\/wp-json\/wp\/v2\/users\/845"}],"replies":[{"embeddable":true,"href":"https:\/\/lig-membres.imag.fr\/vacher\/wp-json\/wp\/v2\/comments?post=19"}],"version-history":[{"count":18,"href":"https:\/\/lig-membres.imag.fr\/vacher\/wp-json\/wp\/v2\/pages\/19\/revisions"}],"predecessor-version":[{"id":276,"href":"https:\/\/lig-membres.imag.fr\/vacher\/wp-json\/wp\/v2\/pages\/19\/revisions\/276"}],"wp:attachment":[{"href":"https:\/\/lig-membres.imag.fr\/vacher\/wp-json\/wp\/v2\/media?parent=19"}],"curies":[{"name":"wp","href":"https:\/\/api.w.org\/{rel}","templated":true}]}}