{"id":29,"date":"2016-09-12T15:33:25","date_gmt":"2016-09-12T15:33:25","guid":{"rendered":"http:\/\/lig-membres.imag.fr\/vacher\/?page_id=29"},"modified":"2019-06-12T15:02:17","modified_gmt":"2019-06-12T15:02:17","slug":"projets","status":"publish","type":"page","link":"https:\/\/lig-membres.imag.fr\/vacher\/projets\/","title":{"rendered":"Projets"},"content":{"rendered":"<h4 style=\"text-align: justify\"><img loading=\"lazy\" decoding=\"async\" class=\" wp-image-218 alignleft\" src=\"http:\/\/lig-membres.imag.fr\/vacher\/wp-content\/uploads\/sites\/226\/2016\/12\/label_ANR_bleu-290x300.jpg\" alt=\"label_anr_bleu\" width=\"42\" height=\"44\" srcset=\"https:\/\/lig-membres.imag.fr\/vacher\/wp-content\/uploads\/sites\/226\/2016\/12\/label_ANR_bleu-290x300.jpg 290w, https:\/\/lig-membres.imag.fr\/vacher\/wp-content\/uploads\/sites\/226\/2016\/12\/label_ANR_bleu-768x795.jpg 768w, https:\/\/lig-membres.imag.fr\/vacher\/wp-content\/uploads\/sites\/226\/2016\/12\/label_ANR_bleu-990x1024.jpg 990w, https:\/\/lig-membres.imag.fr\/vacher\/wp-content\/uploads\/sites\/226\/2016\/12\/label_ANR_bleu.jpg 1181w\" sizes=\"auto, (max-width: 42px) 100vw, 42px\" \/>Interaction vocale adapt\u00e9e \u00e0 l&#8217;utilisateur et au contexte<\/h4>\n<p style=\"text-align: justify\">Le projet <a href=\"https:\/\/vocadom.imag.fr\/\"><b>VOCADOM<\/b><\/a> a \u00e9t\u00e9 s\u00e9lectionn\u00e9 lors de l&#8217;appel ANR <b>&#8220;Soci\u00e9t\u00e9 de l&#8217;information et de la communication&#8221;<\/b> en 2016, &#8220;Instrument de financement : Projet de Recherche Collaborative &#8212; Entreprise (PRCE)&#8221;. Ce projet a pour objectif de concevoir et faire la d\u00e9monstration d&#8217;un nouveau syst\u00e8me de contr\u00f4le de commande laissant l&#8217;usager libre de ses mouvements et permettant, gr\u00e2ce \u00e0 sa perception de l&#8217;environnement, une interaction adapt\u00e9e avec les \u00e9l\u00e9ments de l&#8217;habitat. La commande vocale sera propos\u00e9e comme modalit\u00e9 d&#8217;interaction car elle est adapt\u00e9e aux personnes ayant des difficult\u00e9s de d\u00e9placement, de mouvement ou de vision. La solution d&#8217;interaction vocale en contexte sera capable de fonctionner avec des sources variables d&#8217;information et de s&#8217;adapter aux habitudes de la personne .<\/p>\n<h4 style=\"text-align: justify\"><img loading=\"lazy\" decoding=\"async\" class=\"wp-image-218 alignleft\" src=\"http:\/\/lig-membres.imag.fr\/vacher\/wp-content\/uploads\/sites\/226\/2016\/12\/label_ANR_bleu-290x300.jpg\" alt=\"label_anr_bleu\" width=\"42\" height=\"44\" srcset=\"https:\/\/lig-membres.imag.fr\/vacher\/wp-content\/uploads\/sites\/226\/2016\/12\/label_ANR_bleu-290x300.jpg 290w, https:\/\/lig-membres.imag.fr\/vacher\/wp-content\/uploads\/sites\/226\/2016\/12\/label_ANR_bleu-768x795.jpg 768w, https:\/\/lig-membres.imag.fr\/vacher\/wp-content\/uploads\/sites\/226\/2016\/12\/label_ANR_bleu-990x1024.jpg 990w, https:\/\/lig-membres.imag.fr\/vacher\/wp-content\/uploads\/sites\/226\/2016\/12\/label_ANR_bleu.jpg 1181w\" sizes=\"auto, (max-width: 42px) 100vw, 42px\" \/>\u00a0\u00a0 Reconnaissance d&#8217;appels \u00e0 l&#8217;aide de personnes isol\u00e9es \u00e0 domicile<\/h4>\n<p style=\"text-align: justify\">Le projet <b>CIRDO<\/b> a \u00e9t\u00e9 s\u00e9lectionn\u00e9 lors de l&#8217;appel ANR <b>&#8220;TECSAN&#8221;<\/b> en 2010. L&#8217;objectif recherch\u00e9 par <a href=\"http:\/\/lig-getalp.imag.fr\/projets\/cirdo-compagnon-intelligent-reagissant-au-doigt-et-a-loeil\/\" target=\"_top\" rel=\"noopener noreferrer\"> CIRDO <\/a> (2010-2014) \u00e9tait de mettre au point un &#8220;Compagnon Intelligent R\u00e9agissant au Doigt et \u00e0 l&#8217;Oeil&#8221; qui repr\u00e9sente un produit de t\u00e9l\u00e9lien social augment\u00e9 et automatis\u00e9 par l&#8217;int\u00e9gration de services innovants (reconnaissance automatique de la parole, analyse de situations (sc\u00e8nes) dans un environnement complexe non contr\u00f4l\u00e9) visant \u00e0 favoriser l&#8217;autonomie et la prise en charge, par les aidants, de patients atteints de maladies chroniques ou de la maladie d&#8217;Alzheimer ou d&#8217;affections apparent\u00e9es.<\/p>\n<h4 style=\"text-align: justify\"><img loading=\"lazy\" decoding=\"async\" class=\"wp-image-218 alignleft\" src=\"http:\/\/lig-membres.imag.fr\/vacher\/wp-content\/uploads\/sites\/226\/2016\/12\/label_ANR_bleu-290x300.jpg\" alt=\"label_anr_bleu\" width=\"42\" height=\"44\" srcset=\"https:\/\/lig-membres.imag.fr\/vacher\/wp-content\/uploads\/sites\/226\/2016\/12\/label_ANR_bleu-290x300.jpg 290w, https:\/\/lig-membres.imag.fr\/vacher\/wp-content\/uploads\/sites\/226\/2016\/12\/label_ANR_bleu-768x795.jpg 768w, https:\/\/lig-membres.imag.fr\/vacher\/wp-content\/uploads\/sites\/226\/2016\/12\/label_ANR_bleu-990x1024.jpg 990w, https:\/\/lig-membres.imag.fr\/vacher\/wp-content\/uploads\/sites\/226\/2016\/12\/label_ANR_bleu.jpg 1181w\" sizes=\"auto, (max-width: 42px) 100vw, 42px\" \/>Syst\u00e8me\u00a0domotique d&#8217;assistance au domicile<\/h4>\n<p style=\"text-align: justify\">Le projet domotique <b>SWEET-HOME<\/b> a \u00e9t\u00e9 s\u00e9lectionn\u00e9 lors de l&#8217;appel ANR <b>&#8220;R\u00e9seaux du futur et services&#8221;<\/b> en 2009. Le but du projet <a href=\"http:\/\/sweet-home.imag.fr\/\" target=\"_top\" rel=\"noopener noreferrer\">SWEET-HOME<\/a> (2009-2013) \u00e9tait de d\u00e9finir, \u00e0 partir d&#8217;une \u00e9tude d&#8217;usage conduite aupr\u00e8s d&#8217;utilisateurs finaux, les fonctionnalit\u00e9s et l&#8217;ergonomie d&#8217;un syst\u00e8me domotique ubiquitaire et attentif, capable d&#8217;int\u00e9ragir naturellement avec l&#8217;utilisateur. La r\u00e9alisation d&#8217;un d\u00e9monstrateur a permis de valider le syst\u00e8me de commande vocale par une \u00e9valuation en situation dans l&#8217;appartement DOMUS du LIG.<\/p>\n<h4>Les projets pilotes : RESIDE-HIS et DESDHIS<\/h4>\n<p style=\"text-align: justify\">Exp\u00e9rimentation dans le cadre des projets <a href=\"http:\/\/lig-membres.imag.fr\/vacher\/desdhis\/\"> RESIDE\/HIS <\/a> (<b>Re<\/b>connaissance de <b>Si<\/b>gnaux de <b>D\u00e9<\/b>tresse dans l&#8217;<b>H<\/b>abitat <b>I<\/b>ntelligent <b>S<\/b>ant\u00e9) et <a href=\"http:\/\/lig-membres.imag.fr\/vacher\/desdhis\/\">DESDHIS<\/a> (<b>D\u00e9<\/b>tection de <b>S<\/b>ituations de <b>D<\/b>\u00e9tresse dans un <b>H<\/b>abitat <b>I<\/b>ntelligent <b>S<\/b>ant\u00e9) : d\u00e9tection de signaux acoustiques, reconnaissance de la classe d&#8217;appartenance de ces signaux, fusion de donn\u00e9es multimodales.<\/p>\n<p style=\"text-align: justify\">Ces projets ont \u00e9t\u00e9 mis en oeuvre dans le cadre d&#8217;une collaboration entre les laboratoires CLIPS (\u00e9quipe GEOD) et TIMC (\u00e9quipe AFIRM) de l&#8217;IMAG.<\/p>\n<p style=\"text-align: justify\">Les projets avaient pour but la conception, la mise au point et l&#8217;exp\u00e9rimentation d&#8217;un dispositif de t\u00e9l\u00e9m\u00e9decine s&#8217;appuyant sur l&#8217;utilisation de capteurs sonores, de capteurs de d\u00e9ambulation et d&#8217;activit\u00e9. Les objectifs scientifiques \u00e9taient d&#8217;approfondir les th\u00e9ories de la d\u00e9cision et du raisonnement contextuel, mais aussi de reconnaissance de signaux complexes, \u00e9ventuellement dans un environnement sonore perturb\u00e9. Il s&#8217;agissait en particulier de mettre en oeuvre et d&#8217;adapter des techniques sophistiqu\u00e9es de traitement du signal (d\u00e9r\u00e9verb\u00e9ration, s\u00e9paration des sources, &#8230;) et des algorithmes de reconnaissance automatique du signal sonore, \u00e0 des sons de la vie courante pour aider \u00e0 d\u00e9tecter, identifier et interpr\u00e9ter des situations de d\u00e9tresse. Le dispositif, bas\u00e9 sur une technologie de capteurs enti\u00e8rement \u00e0 transmission sans fil, prenait place au sein d&#8217;un habitat dit &#8220;intelligent&#8221; install\u00e9 \u00e0 la Facult\u00e9 de M\u00e9decine de Grenoble. Il avait pour but, \u00e0 terme, de contribuer au maintien de patients ou de personnes ag\u00e9es \u00e0 leur domicile en transmettant les alarmes vers le centre de t\u00e9l\u00e9surveillance m\u00e9dicale.<\/p>\n","protected":false},"excerpt":{"rendered":"<p>Interaction vocale adapt\u00e9e \u00e0 l&#8217;utilisateur et au contexte Le projet VOCADOM a \u00e9t\u00e9 s\u00e9lectionn\u00e9 lors de l&#8217;appel ANR &#8220;Soci\u00e9t\u00e9 de l&#8217;information et de la communication&#8221; en 2016, &#8220;Instrument de financement : Projet de Recherche Collaborative &#8212; Entreprise (PRCE)&#8221;. Ce projet a pour objectif de concevoir et faire la d\u00e9monstration d&#8217;un nouveau syst\u00e8me de contr\u00f4le de &hellip; <a href=\"https:\/\/lig-membres.imag.fr\/vacher\/projets\/\" class=\"more-link\">Continue reading <span class=\"screen-reader-text\">Projets<\/span> <span class=\"meta-nav\">&rarr;<\/span><\/a><\/p>\n","protected":false},"author":845,"featured_media":0,"parent":0,"menu_order":0,"comment_status":"closed","ping_status":"closed","template":"","meta":{"footnotes":""},"class_list":["post-29","page","type-page","status-publish","hentry"],"_links":{"self":[{"href":"https:\/\/lig-membres.imag.fr\/vacher\/wp-json\/wp\/v2\/pages\/29","targetHints":{"allow":["GET"]}}],"collection":[{"href":"https:\/\/lig-membres.imag.fr\/vacher\/wp-json\/wp\/v2\/pages"}],"about":[{"href":"https:\/\/lig-membres.imag.fr\/vacher\/wp-json\/wp\/v2\/types\/page"}],"author":[{"embeddable":true,"href":"https:\/\/lig-membres.imag.fr\/vacher\/wp-json\/wp\/v2\/users\/845"}],"replies":[{"embeddable":true,"href":"https:\/\/lig-membres.imag.fr\/vacher\/wp-json\/wp\/v2\/comments?post=29"}],"version-history":[{"count":17,"href":"https:\/\/lig-membres.imag.fr\/vacher\/wp-json\/wp\/v2\/pages\/29\/revisions"}],"predecessor-version":[{"id":266,"href":"https:\/\/lig-membres.imag.fr\/vacher\/wp-json\/wp\/v2\/pages\/29\/revisions\/266"}],"wp:attachment":[{"href":"https:\/\/lig-membres.imag.fr\/vacher\/wp-json\/wp\/v2\/media?parent=29"}],"curies":[{"name":"wp","href":"https:\/\/api.w.org\/{rel}","templated":true}]}}