{"id":47,"date":"2016-09-13T07:18:26","date_gmt":"2016-09-13T07:18:26","guid":{"rendered":"http:\/\/lig-membres.imag.fr\/vacher\/?page_id=47"},"modified":"2019-06-12T15:01:21","modified_gmt":"2019-06-12T15:01:21","slug":"encadrement-doctoral","status":"publish","type":"page","link":"https:\/\/lig-membres.imag.fr\/vacher\/encadrement-doctoral\/","title":{"rendered":"Encadrement doctoral"},"content":{"rendered":"<h4>Encadrement de th\u00e8ses dans le cadre des projets DESDHIS (financement MESR), SWEET-HOME (ANR), CIRDO (ANR), CASSIE (Investissements d&#8217;Avenir) et VocADom (ANR)<\/h4>\n<ul>\n<li>\n<p style=\"text-align: justify\">Anthony Fleury (2006-2008)<br \/>\n<i>D\u00e9tection de motifs temporels dans les environnements multiperceptifs. Application \u00e0 la classification automatique des Activit\u00e9s de la Vie Quotidienne d&#8217;une personne suivie \u00e0 domicile en t\u00e9l\u00e9m\u00e9decine<\/i><br \/>\nDoctorat de l&#8217;Universit\u00e9 Joseph Fourier, \u00e9cole doctorale EEATS<br \/>\nDirection : Norbert Noury (TIMC) &#8211; co-direction Michel Vacher (LIG)<br \/>\nDate de soutenance : octobre 2008 &#8211; Manuscrit :\u00a0 <a href=\"https:\/\/tel.archives-ouvertes.fr\/tel-00336400v2\"><img loading=\"lazy\" decoding=\"async\" class=\"alignnone size-full wp-image-50\" src=\"http:\/\/lig-membres.imag.fr\/vacher\/wp-content\/uploads\/sites\/226\/2016\/09\/pdf.gif\" alt=\"pdf\" width=\"18\" height=\"19\" \/><\/a><\/p>\n<\/li>\n<li>\n<p style=\"text-align: justify\">Pedro Chahuara (2009-2013)<br \/>\n<i>Contr\u00f4le intelligent de la domotique \u00e0 partir d&#8217;informations temporelles multisources impr\u00e9cises et incertaines<\/i><br \/>\nDoctorat de l&#8217;Universit\u00e9 de Grenoble, \u00e9cole doctorale MSTII<br \/>\nDirection : Michel Vacher &#8211; co-encadrement Fran\u00e7ois Portet<br \/>\nDate de soutenance : mars 2013 &#8211; Manuscrit :\u00a0 <a href=\"https:\/\/hal.archives-ouvertes.fr\/LIG_TDCGE_GETALP\/tel-00956372v1\"><img loading=\"lazy\" decoding=\"async\" class=\"alignnone size-full wp-image-50\" src=\"http:\/\/lig-membres.imag.fr\/vacher\/wp-content\/uploads\/sites\/226\/2016\/09\/pdf.gif\" alt=\"pdf\" width=\"18\" height=\"19\" \/><\/a><\/p>\n<\/li>\n<li>\n<p style=\"text-align: justify\">Fr\u00e9d\u00e9ric Aman (2010-2014)<br \/>\n<i>Reconnaissance automatique de la parole de personnes \u00e2g\u00e9es pour les services d&#8217;assistance \u00e0 domicile<\/i><br \/>\nDoctorat de l&#8217;Universit\u00e9 de Grenoble, \u00e9cole doctorale MSTII<br \/>\nDirection : Michel Vacher &#8211; co-encadrement Solange Rossato<br \/>\nDate de soutenance : d\u00e9cembre 2014 &#8211; Manuscrit :\u00a0 <a href=\"https:\/\/hal.archives-ouvertes.fr\/LIG_TDCGE_GETALP\/tel-01347155v1\"><img loading=\"lazy\" decoding=\"async\" class=\"alignnone size-full wp-image-50\" src=\"http:\/\/lig-membres.imag.fr\/vacher\/wp-content\/uploads\/sites\/226\/2016\/09\/pdf.gif\" alt=\"pdf\" width=\"18\" height=\"19\" \/><\/a><\/p>\n<\/li>\n<li>\n<p style=\"text-align: justify\">Alexis Brenon (2014-2017)<br \/>\n<em>Mod\u00e8les profonds pour le contr\u00f4le adaptatif de la commande vocale d\u2019un habitat intelligent<\/em><br \/>\nDoctorat de l&#8217;Universit\u00e9 de Grenoble, \u00e9cole doctorale MSTII<br \/>\nDirection : Michel Vacher &#8211; co-encadrement Fran\u00e7ois Portet<br \/>\nDate de soutenance : 14 d\u00e9cembre 2017 &#8211; Manuscrit : <a href=\"https:\/\/www.dropbox.com\/s\/xtx2ujlozbm6xvi\/Alexis_BRENON_PhD.pdf\"><img loading=\"lazy\" decoding=\"async\" class=\"alignnone size-full wp-image-50\" src=\"http:\/\/lig-membres.imag.fr\/vacher\/wp-content\/uploads\/sites\/226\/2016\/09\/pdf.gif\" alt=\"pdf\" width=\"18\" height=\"19\" \/><\/a><\/p>\n<\/li>\n<li>\n<p style=\"text-align: justify\">Thierry Desot (2017-2020)<br \/>\n<em>Syst\u00e8me personnalis\u00e9 de commande vocale en contexte<\/em><br \/>\nDoctorat de l&#8217;Universit\u00e9 de Grenoble, \u00e9cole doctorale MSTII<br \/>\nDirection : Michel Vacher &#8211; co-encadrement Fran\u00e7ois Portet<\/p>\n<\/li>\n<\/ul>\n","protected":false},"excerpt":{"rendered":"<p>Encadrement de th\u00e8ses dans le cadre des projets DESDHIS (financement MESR), SWEET-HOME (ANR), CIRDO (ANR), CASSIE (Investissements d&#8217;Avenir) et VocADom (ANR) Anthony Fleury (2006-2008) D\u00e9tection de motifs temporels dans les environnements multiperceptifs. Application \u00e0 la classification automatique des Activit\u00e9s de la Vie Quotidienne d&#8217;une personne suivie \u00e0 domicile en t\u00e9l\u00e9m\u00e9decine Doctorat de l&#8217;Universit\u00e9 Joseph Fourier, &hellip; <a href=\"https:\/\/lig-membres.imag.fr\/vacher\/encadrement-doctoral\/\" class=\"more-link\">Continue reading <span class=\"screen-reader-text\">Encadrement doctoral<\/span> <span class=\"meta-nav\">&rarr;<\/span><\/a><\/p>\n","protected":false},"author":845,"featured_media":0,"parent":0,"menu_order":0,"comment_status":"closed","ping_status":"closed","template":"","meta":{"footnotes":""},"class_list":["post-47","page","type-page","status-publish","hentry"],"_links":{"self":[{"href":"https:\/\/lig-membres.imag.fr\/vacher\/wp-json\/wp\/v2\/pages\/47","targetHints":{"allow":["GET"]}}],"collection":[{"href":"https:\/\/lig-membres.imag.fr\/vacher\/wp-json\/wp\/v2\/pages"}],"about":[{"href":"https:\/\/lig-membres.imag.fr\/vacher\/wp-json\/wp\/v2\/types\/page"}],"author":[{"embeddable":true,"href":"https:\/\/lig-membres.imag.fr\/vacher\/wp-json\/wp\/v2\/users\/845"}],"replies":[{"embeddable":true,"href":"https:\/\/lig-membres.imag.fr\/vacher\/wp-json\/wp\/v2\/comments?post=47"}],"version-history":[{"count":13,"href":"https:\/\/lig-membres.imag.fr\/vacher\/wp-json\/wp\/v2\/pages\/47\/revisions"}],"predecessor-version":[{"id":263,"href":"https:\/\/lig-membres.imag.fr\/vacher\/wp-json\/wp\/v2\/pages\/47\/revisions\/263"}],"wp:attachment":[{"href":"https:\/\/lig-membres.imag.fr\/vacher\/wp-json\/wp\/v2\/media?parent=47"}],"curies":[{"name":"wp","href":"https:\/\/api.w.org\/{rel}","templated":true}]}}