{"id":83,"date":"2016-09-13T09:59:55","date_gmt":"2016-09-13T09:59:55","guid":{"rendered":"http:\/\/lig-membres.imag.fr\/vacher\/?page_id=83"},"modified":"2019-06-12T15:01:02","modified_gmt":"2019-06-12T15:01:02","slug":"divers","status":"publish","type":"page","link":"https:\/\/lig-membres.imag.fr\/vacher\/divers\/","title":{"rendered":"Divers"},"content":{"rendered":"<h4>Autres liens<\/h4>\n<ul>\n<li><a href=\"http:\/\/dblp.uni-trier.de\/pers\/hd\/v\/Vacher:Michel\">Mes publications<\/a> sur DBLP (Computer Science Bibliography)<\/li>\n<li><a href=\"https:\/\/scholar.google.fr\/citations?user=SNrF7O0AAAAJ&amp;hl=fr\">Mes publications<\/a> sur Google Scholar<\/li>\n<li><a href=\"http:\/\/haltools.archives-ouvertes.fr\/Public\/afficheRequetePubli.php?auteur_exp=Michel,Vacher&amp;annee_publideb=2007&amp;annee_publifin=2020&amp;labos_exp=LIG&amp;CB_auteur=oui&amp;CB_titre=oui&amp;CB_identifiant=oui&amp;CB_article=oui&amp;langue=Francais&amp;tri_exp=annee_publi&amp;tri_exp2=typdoc&amp;tri_exp3=date_publi&amp;ordre_aff=TA&amp;Fen=Aff&amp;css=..\/css\/VisuRubriqueEncadre.css\">Mes publications sur HAL<\/a> (archives ouvertes)<\/li>\n<\/ul>\n<h4>P\u00f4le de comp\u00e9titivit\u00e9 MINALOGIC (2015)<\/h4>\n<p><a href=\"http:\/\/lig-membres.imag.fr\/vacher\/wp-content\/uploads\/sites\/226\/2016\/09\/Projet_Sweet-Home.pdf\">Projet_Sweet-Home<\/a> &#8211; <img loading=\"lazy\" decoding=\"async\" class=\"alignnone wp-image-50 size-full\" src=\"http:\/\/lig-membres.imag.fr\/vacher\/wp-content\/uploads\/sites\/226\/2016\/09\/pdf.gif\" alt=\"pdf\" width=\"18\" height=\"19\" \/><\/p>\n<h4><b>H<\/b>abilitation \u00e0 <b>D<\/b>iriger des <b>R<\/b>echerches (<b>DHDR &#8211; 2011<\/b>)<\/h4>\n<p>Titre : <i>&#8220;Analyse sonore et multimodale dans le domaine de l&#8217;assistance \u00e0 domicile&#8221;<\/i><br \/>\nSp\u00e9cialit\u00e9 : Informatique et Math\u00e9matiques Appliqu\u00e9es<\/p>\n<p><i><a href=\"http:\/\/lig-membres.imag.fr\/vacher\/wp-content\/uploads\/sites\/226\/2016\/09\/Memoire_HDR_Michel.Vacher_2011.pdf\">M\u00e9moire (PDF)<\/a> &#8211; <\/i><img loading=\"lazy\" decoding=\"async\" class=\"alignnone wp-image-50 size-full\" src=\"http:\/\/lig-membres.imag.fr\/vacher\/wp-content\/uploads\/sites\/226\/2016\/09\/pdf.gif\" alt=\"pdf\" width=\"18\" height=\"19\" \/><\/p>\n<p><i><a href=\"http:\/\/lig-membres.imag.fr\/vacher\/wp-content\/uploads\/sites\/226\/2016\/09\/Transparents_HDR_Michel.Vacher_2011.pdf\">Transparents (PDF)<\/a> &#8211;\u00a0<\/i><img loading=\"lazy\" decoding=\"async\" class=\"alignnone size-full wp-image-50\" src=\"http:\/\/lig-membres.imag.fr\/vacher\/wp-content\/uploads\/sites\/226\/2016\/09\/pdf.gif\" alt=\"pdf\" width=\"18\" height=\"19\" \/><\/p>\n<h4>F\u00eate de la Science 2006<\/h4>\n<table>\n<tbody>\n<tr>\n<td><a href=\"http:\/\/lig-membres.imag.fr\/vacher\/wp-content\/uploads\/sites\/226\/2016\/09\/resume-raphael_2006.pdf\">D\u00e9fis de la Reconnaisance Automatique de la Parole<\/a><\/td>\n<td>Syst\u00e8me de reconnaissance automatique de la parole continue <a href=\"http:\/\/lig-membres.imag.fr\/vacher\/wp-content\/uploads\/sites\/226\/2016\/09\/brochure-raphael_2006.pdf\">RAPHAEL<\/a><\/td>\n<\/tr>\n<tr>\n<td><a href=\"http:\/\/lig-membres.imag.fr\/vacher\/wp-content\/uploads\/sites\/226\/2016\/09\/resume-raphael_2006.pdf\"><img loading=\"lazy\" decoding=\"async\" class=\"alignnone size-full wp-image-189\" src=\"http:\/\/lig-membres.imag.fr\/vacher\/wp-content\/uploads\/sites\/226\/2016\/09\/imgResume_Raphael.jpg\" alt=\"imgresume_raphael\" width=\"74\" height=\"105\" \/><\/a><\/td>\n<td><a href=\"http:\/\/lig-membres.imag.fr\/vacher\/wp-content\/uploads\/sites\/226\/2016\/09\/brochure-raphael_2006.pdf\"><img loading=\"lazy\" decoding=\"async\" class=\"alignnone size-full wp-image-188\" src=\"http:\/\/lig-membres.imag.fr\/vacher\/wp-content\/uploads\/sites\/226\/2016\/09\/imgBrochure_Raphael.jpg\" alt=\"imgbrochure_raphael\" width=\"74\" height=\"105\" \/><\/a><\/td>\n<\/tr>\n<\/tbody>\n<\/table>\n<h4>Note de lecture<\/h4>\n<p><a href=\"http:\/\/lig-membres.imag.fr\/vacher\/wp-content\/uploads\/sites\/226\/2016\/09\/note_wavelet.pdf\">Transform\u00e9e en ondelettes<\/a><\/p>\n<p>&nbsp;<\/p>\n","protected":false},"excerpt":{"rendered":"<p>Autres liens Mes publications sur DBLP (Computer Science Bibliography) Mes publications sur Google Scholar Mes publications sur HAL (archives ouvertes) P\u00f4le de comp\u00e9titivit\u00e9 MINALOGIC (2015) Projet_Sweet-Home &#8211; Habilitation \u00e0 Diriger des Recherches (DHDR &#8211; 2011) Titre : &#8220;Analyse sonore et multimodale dans le domaine de l&#8217;assistance \u00e0 domicile&#8221; Sp\u00e9cialit\u00e9 : Informatique et Math\u00e9matiques Appliqu\u00e9es M\u00e9moire &hellip; <a href=\"https:\/\/lig-membres.imag.fr\/vacher\/divers\/\" class=\"more-link\">Continue reading <span class=\"screen-reader-text\">Divers<\/span> <span class=\"meta-nav\">&rarr;<\/span><\/a><\/p>\n","protected":false},"author":845,"featured_media":0,"parent":0,"menu_order":0,"comment_status":"closed","ping_status":"closed","template":"","meta":{"footnotes":""},"class_list":["post-83","page","type-page","status-publish","hentry"],"_links":{"self":[{"href":"https:\/\/lig-membres.imag.fr\/vacher\/wp-json\/wp\/v2\/pages\/83","targetHints":{"allow":["GET"]}}],"collection":[{"href":"https:\/\/lig-membres.imag.fr\/vacher\/wp-json\/wp\/v2\/pages"}],"about":[{"href":"https:\/\/lig-membres.imag.fr\/vacher\/wp-json\/wp\/v2\/types\/page"}],"author":[{"embeddable":true,"href":"https:\/\/lig-membres.imag.fr\/vacher\/wp-json\/wp\/v2\/users\/845"}],"replies":[{"embeddable":true,"href":"https:\/\/lig-membres.imag.fr\/vacher\/wp-json\/wp\/v2\/comments?post=83"}],"version-history":[{"count":20,"href":"https:\/\/lig-membres.imag.fr\/vacher\/wp-json\/wp\/v2\/pages\/83\/revisions"}],"predecessor-version":[{"id":262,"href":"https:\/\/lig-membres.imag.fr\/vacher\/wp-json\/wp\/v2\/pages\/83\/revisions\/262"}],"wp:attachment":[{"href":"https:\/\/lig-membres.imag.fr\/vacher\/wp-json\/wp\/v2\/media?parent=83"}],"curies":[{"name":"wp","href":"https:\/\/api.w.org\/{rel}","templated":true}]}}