{"id":2276,"date":"2019-05-11T18:07:07","date_gmt":"2019-05-11T17:07:07","guid":{"rendered":"http:\/\/lig-membres.imag.fr\/villanov\/?page_id=2276"},"modified":"2025-09-09T15:40:01","modified_gmt":"2025-09-09T14:40:01","slug":"accueil","status":"publish","type":"page","link":"https:\/\/lig-membres.imag.fr\/villanov\/fr\/accueil\/","title":{"rendered":"Accueil"},"content":{"rendered":"<p><a href=\"http:\/\/lig-membres.imag.fr\/villanov\/wp-content\/uploads\/sites\/86\/2025\/09\/PortraitMV-3-1.jpg\"><img loading=\"lazy\" decoding=\"async\" class=\"wp-image-2400  alignleft\" src=\"http:\/\/lig-membres.imag.fr\/villanov\/wp-content\/uploads\/sites\/86\/2025\/09\/PortraitMV-3-1-224x300.jpg\" alt=\"\" width=\"133\" height=\"178\" srcset=\"https:\/\/lig-membres.imag.fr\/villanov\/wp-content\/uploads\/sites\/86\/2025\/09\/PortraitMV-3-1-224x300.jpg 224w, https:\/\/lig-membres.imag.fr\/villanov\/wp-content\/uploads\/sites\/86\/2025\/09\/PortraitMV-3-1-764x1024.jpg 764w, https:\/\/lig-membres.imag.fr\/villanov\/wp-content\/uploads\/sites\/86\/2025\/09\/PortraitMV-3-1-768x1029.jpg 768w, https:\/\/lig-membres.imag.fr\/villanov\/wp-content\/uploads\/sites\/86\/2025\/09\/PortraitMV-3-1-624x836.jpg 624w, https:\/\/lig-membres.imag.fr\/villanov\/wp-content\/uploads\/sites\/86\/2025\/09\/PortraitMV-3-1.jpg 838w\" sizes=\"auto, (max-width: 133px) 100vw, 133px\" \/><\/a>Professeur des Universit\u00e9s en Informatique \u00e0 l\u2019<a href=\"http:\/\/www.univ-grenoble-alpes.fr\/\">Universit\u00e9 Grenoble Alpes<\/a>, j\u2019enseigne \u00e0 l\u2019Institut Universitaire de Technologie (<a href=\"http:\/\/www.iut2.upmf-grenoble.fr\/\">IUT2<\/a>) au d\u00e9partement de Science des Donn\u00e9es (<a href=\"https:\/\/www.stid-grenoble.fr\/\" target=\"_blank\" rel=\"noopener noreferrer\">SD, pr\u00e9c\u00e9demment STID<\/a>).<\/p>\n<p>Je suis membre du Laboratoire d\u2019Informatique de Grenoble (<a href=\"http:\/\/www.liglab.fr\/\">LIG<\/a>) et j\u2019effectue mes recherches au sein de la nouvelle \u00e9quipe STORIES cr\u00e9\u00e9e au 1er janvier 2025. Pr\u00e9c\u00e9demment, j&#8217;\u00e9tais membre de l&#8217;\u00e9quipe <a href=\"http:\/\/steamer.imag.fr\/\">STEAMER, <\/a>que j&#8217;ai dirig\u00e9e de septembre 2017 \u00e0 d\u00e9cembre 2024.<\/p>\n","protected":false},"excerpt":{"rendered":"<p>Professeur des Universit\u00e9s en Informatique \u00e0 l\u2019Universit\u00e9 Grenoble Alpes, j\u2019enseigne \u00e0 l\u2019Institut Universitaire de Technologie (IUT2) au d\u00e9partement de Science des Donn\u00e9es (SD, pr\u00e9c\u00e9demment STID). Je suis membre du Laboratoire d\u2019Informatique de Grenoble (LIG) et j\u2019effectue mes recherches au sein de la nouvelle \u00e9quipe STORIES cr\u00e9\u00e9e au 1er janvier 2025. Pr\u00e9c\u00e9demment, j&#8217;\u00e9tais membre de l&#8217;\u00e9quipe [&hellip;]<\/p>\n","protected":false},"author":87,"featured_media":0,"parent":0,"menu_order":0,"comment_status":"closed","ping_status":"closed","template":"","meta":{"footnotes":""},"class_list":["post-2276","page","type-page","status-publish","hentry"],"_links":{"self":[{"href":"https:\/\/lig-membres.imag.fr\/villanov\/wp-json\/wp\/v2\/pages\/2276","targetHints":{"allow":["GET"]}}],"collection":[{"href":"https:\/\/lig-membres.imag.fr\/villanov\/wp-json\/wp\/v2\/pages"}],"about":[{"href":"https:\/\/lig-membres.imag.fr\/villanov\/wp-json\/wp\/v2\/types\/page"}],"author":[{"embeddable":true,"href":"https:\/\/lig-membres.imag.fr\/villanov\/wp-json\/wp\/v2\/users\/87"}],"replies":[{"embeddable":true,"href":"https:\/\/lig-membres.imag.fr\/villanov\/wp-json\/wp\/v2\/comments?post=2276"}],"version-history":[{"count":8,"href":"https:\/\/lig-membres.imag.fr\/villanov\/wp-json\/wp\/v2\/pages\/2276\/revisions"}],"predecessor-version":[{"id":2401,"href":"https:\/\/lig-membres.imag.fr\/villanov\/wp-json\/wp\/v2\/pages\/2276\/revisions\/2401"}],"wp:attachment":[{"href":"https:\/\/lig-membres.imag.fr\/villanov\/wp-json\/wp\/v2\/media?parent=2276"}],"curies":[{"name":"wp","href":"https:\/\/api.w.org\/{rel}","templated":true}]}}