{"id":2284,"date":"2019-05-11T18:13:08","date_gmt":"2019-05-11T17:13:08","guid":{"rendered":"http:\/\/lig-membres.imag.fr\/villanov\/?page_id=2284"},"modified":"2025-02-20T11:13:19","modified_gmt":"2025-02-20T10:13:19","slug":"students","status":"publish","type":"page","link":"https:\/\/lig-membres.imag.fr\/villanov\/students\/","title":{"rendered":"Students"},"content":{"rendered":"<h2 style=\"text-align: center\"><strong>Ph.D<\/strong><\/h2>\n<p style=\"text-align: right\"><em>(go to <\/em><a title=\"MASTER\" href=\"http:\/\/lig-membres.imag.fr\/villanov\/students\/2\">MASTER students <em>page)<\/em><\/a><\/p>\n<ul>\n<li>ongoing (#1) : Bejmain Fontiane (2024-&#8230;)<\/li>\n<li>past (#7) : Matthieu Viry (2021), <a href=\"http:\/\/steamer.imag.fr\/?page_id=71\">Camille Bernard<\/a> (2019), <a title=\"David No\u00ebl\" href=\"http:\/\/steamer.imag.fr\/?page_id=156\">David No\u00ebl<\/a> (2019),\u00a0 <a title=\"C\u00e9cile Saint-Marc\" href=\"http:\/\/steamer.imag.fr\/?page_id=77\">C\u00e9cile Saint-Marc<\/a> (2017), <a title=\"Anthony Hombiat\" href=\"http:\/\/steamer.imag.fr\/?page_id=67\">Anthony Hombiat<\/a> (2017), Alina Dia Miron (2009), Marius Bilasco (2007)<\/li>\n<\/ul>\n<hr noshade=\"noshade\" size=\"2\" \/>\n<h3><em><strong>Ongoing Ph.D<\/strong><\/em><\/h3>\n<p>Oct. 2024 \u2014 &#8230; : Benjamin Fontaine, M<em>ethods and interface for collecting life course data <\/em>(funded by the CNRS 80 PRIME Program). Co-advisor : P. Sebille (Univ. Rennes 2, ESO).<\/p>\n<h3><em><strong>Ph.D defended<\/strong><br \/>\n<\/em><\/h3>\n<p>Oct. 2018 \u2014 D\u00e9c. 2021 : <strong><a href=\"https:\/\/mthh.github.io\/portfolio\/\">Matthieu Viry<\/a><\/strong>, <em>A declarative approach based on Semantic Web technologies to specify and generate adaptive geovisualisations<\/em> (funded by the ANR, <a href=\"http:\/\/choucas.ign.fr\">Project Choucas<\/a>). Co-advisor : P.A. Davoine.<\/p>\n<p>Oct. 2015 \u2014 Nov. 2019 : <strong><a href=\"http:\/\/steamer.imag.fr\/?page_id=71\">Camille Bernard<\/a><\/strong>, <em>Management and Spatio-Temporal Visualization of Territorial Statistical Information in the context of the Web of Data<\/em> (funded by R\u00e9gion Auvergne-Rh\u00f4ne-Alpes &#8211; ARC7). Co-advisors: J. Gensel and H. Dao.<\/p>\n<p>Oct. 2014 \u2014 Jun. 2019 : <strong><a title=\"David No\u00ebl\" href=\"http:\/\/steamer.imag.fr\/?page_id=156\">David No\u00ebl<\/a><\/strong>, &#8220;<em><b>Une approche bas\u00e9e sur le Web<\/b><b> <\/b><b>s\u00e9mantique pour l\u2019\u00e9tude de trajectoires de vie<\/b>.<\/em>&#8221; (funded by R\u00e9gion Auvergne-Rh\u00f4ne-Alpes &#8211; ARC7). Co-advisors : J. Gensel and P. Le Qu\u00e9au.<\/p>\n<p>Jan. 2014 \u2014 May 2017 :<strong> <a title=\"C\u00e9cile Saint-Marc\" href=\"http:\/\/steamer.imag.fr\/?page_id=77\">C\u00e9cile Saint-Marc<\/a><\/strong>, &#8220;<em>Repr\u00e9sentations cartographiques et g\u00e9ovisualisation des dynamiques spatio-temporelles des risques naturels : applications aux risques d\u2019inondation impactant le r\u00e9seau ferroviaire fran\u00e7ais<\/em>&#8220;. (financement CIFRE-ANRT en partenariat avec la SNCF). Co-advisor : P.A. Davoine.<\/p>\n<p>Oct. 2012 \u2014 Feb. 2017 : <a title=\"Anthony Hombiat\" href=\"http:\/\/steamer.imag.fr\/?page_id=67\"><strong>Anthony Hombiat<\/strong><\/a>, &#8220;<em>M\u00e9thodes et outils d&#8217;analyse territoriale \u00e0 base d&#8217;indicateurs de bien-\u00eatre soutenable<\/em>&#8221; (financement UPMF \/ Minatec Ideas Lab). Co-advisor : J. Gensel.<\/p>\n<p>Oct. 2006 \u2014 Dec. 2009 : <strong>Alina Dia Miron<\/strong> \u2018<em>D\u00e9couverte d\u2019associations s\u00e9mantiques pour le\u00a0 Web s\u00e9mantique g\u00e9ospatial : le framework ONTOAST<\/em>\u2019. Co-advisor : J. Gensel.<\/p>\n<p>Oct. 2003 \u2014 D\u00e9c. 2007 : <strong>Ioan Marius Bilasco<\/strong> \u2018<em>Une approche s\u00e9mantique pour la r\u00e9utilisation et l\u2019adaptation de donn\u00e9es 3D<\/em>\u2019. Co-advisor : H. Martin.<\/p>\n<p><!--nextpage--><\/p>\n<h2 style=\"text-align: center\"><\/h2>\n<h2 style=\"text-align: center\"><strong>MASTER<\/strong><\/h2>\n<p style=\"text-align: right\"><em>(go to <\/em><a href=\"http:\/\/lig-membres.imag.fr\/villanov\/students\/\">PH.D<\/a> <em>page<\/em>)<\/p>\n<hr noshade=\"noshade\" size=\"2\" \/>\n<p>2017-2018\u00a0: <strong>Matthew Sreeves<\/strong> (Master 2 Grenoble INP &#8211; MOSIG) sur le sujet \u2018<em>Towards a geovisualization tool ensuring traceability of hypotheses made by first-aid workers when trying to localize a victim lost in mountain<\/em>, support Research Projct: ANR CHOUCAS.<\/p>\n<p>2013-2014\u00a0: <strong>David No\u00ebl (<\/strong>Master 2 UGA &#8211; ICA DCISS) sur le sujet \u2018<em>Recitoire\u00a0: Application client\/serveur d\u00e9di\u00e9 \u00e0 la collecte et l\u2019analyse de donn\u00e9es citoyenne<\/em>s\u2019, r\u00e9alis\u00e9 dans le cadre du projet de recherche inter SFR FabTer.<\/p>\n<p>2011-2012 : <strong>Soreangsey Kiv<\/strong> (Master 2R SIGAL UJF) sur le sujet \u2018Approche m\u00e9thodologique pour l\u2019aide \u00e0 la conception d\u2019environnements de g\u00e9ovisualisation\u2019. Co-encadrement avec P-A. Davoine.<\/p>\n<p>2009-2010 : <strong>Qiang Fu<\/strong> (Master MoSIG Universit\u00e9 Joseph Fourier), \u2018Une approche s\u00e9mantique pour la d\u00e9tection d\u2019incoh\u00e9rences entre informations provenant du web\u2019. Co-advisor : Pr. M-C Rousset<\/p>\n<p>2009-2010 : <strong>Aastha Sharma<\/strong> (Master MoSIG Universit\u00e9 Joseph Fourier), \u2018Semantic Web Services Description and Classification\u2019. Co-advisor : Pr. D. Zi\u00e9belin<\/p>\n<p>2006-2007\u00a0: <strong>Ramon Lamana<\/strong> (Master 2R Intelligence, Interaction et Information Universit\u00e9 Joseph Fourier), \u2018Approche d\u00e9clarative pour la r\u00e9utilisation de contenus 3D\u2019.\u00a0 Co-advisor : I.M. Bilasco<\/p>\n<p>2003-2004\u00a0: <strong>Ba-Quan Nguyen<\/strong> (Master 2R Intelligence, Interaction et Information Universit\u00e9 Joseph Fourier), \u2018Adaptativit\u00e9 dans les Syst\u00e8mes d\u2019Information sur le Web\u2019.\u00a0 Co-advisor : Pr. J. Gensel<\/p>\n<p>2002-2003\u00a0:\u00a0 <strong>Ioan Marius Bilasco<\/strong> (DEA Informatique, Syst\u00e8me et Communication de l\u2019Universit\u00e9 Joseph Fourier),&#8217; Mod\u00e8les de Pr\u00e9sentations Multim\u00e9dias Adaptables\u2019. Co-advisor : Pr. J. Gensel<\/p>\n<p>2001-2002 : <strong>Mehdi Adda<\/strong> (DEA Informatique, Syst\u00e8me et Communication de l&#8217;Universit\u00e9 Joseph Fourier), \u2018Mod\u00e8les de S\u00e9curit\u00e9 pour les Syst\u00e8mes d&#8217;Information bas\u00e9s sur le Web\u2019. Co-advisor : Pr. J. Gensel<\/p>\n","protected":false},"excerpt":{"rendered":"<p>Ph.D (go to MASTER students page) ongoing (#1) : Bejmain Fontiane (2024-&#8230;) past (#7) : Matthieu Viry (2021), Camille Bernard (2019), David No\u00ebl (2019),\u00a0 C\u00e9cile Saint-Marc (2017), Anthony Hombiat (2017), Alina Dia Miron (2009), Marius Bilasco (2007) Ongoing Ph.D Oct. 2024 \u2014 &#8230; : Benjamin Fontaine, Methods and interface for collecting life course data (funded [&hellip;]<\/p>\n","protected":false},"author":87,"featured_media":0,"parent":0,"menu_order":0,"comment_status":"closed","ping_status":"closed","template":"","meta":{"footnotes":""},"class_list":["post-2284","page","type-page","status-publish","hentry"],"_links":{"self":[{"href":"https:\/\/lig-membres.imag.fr\/villanov\/wp-json\/wp\/v2\/pages\/2284","targetHints":{"allow":["GET"]}}],"collection":[{"href":"https:\/\/lig-membres.imag.fr\/villanov\/wp-json\/wp\/v2\/pages"}],"about":[{"href":"https:\/\/lig-membres.imag.fr\/villanov\/wp-json\/wp\/v2\/types\/page"}],"author":[{"embeddable":true,"href":"https:\/\/lig-membres.imag.fr\/villanov\/wp-json\/wp\/v2\/users\/87"}],"replies":[{"embeddable":true,"href":"https:\/\/lig-membres.imag.fr\/villanov\/wp-json\/wp\/v2\/comments?post=2284"}],"version-history":[{"count":14,"href":"https:\/\/lig-membres.imag.fr\/villanov\/wp-json\/wp\/v2\/pages\/2284\/revisions"}],"predecessor-version":[{"id":2387,"href":"https:\/\/lig-membres.imag.fr\/villanov\/wp-json\/wp\/v2\/pages\/2284\/revisions\/2387"}],"wp:attachment":[{"href":"https:\/\/lig-membres.imag.fr\/villanov\/wp-json\/wp\/v2\/media?parent=2284"}],"curies":[{"name":"wp","href":"https:\/\/api.w.org\/{rel}","templated":true}]}}