{"id":2391,"date":"2025-03-12T15:17:28","date_gmt":"2025-03-12T14:17:28","guid":{"rendered":"https:\/\/lig-membres.imag.fr\/villanov\/?page_id=2391"},"modified":"2025-03-12T15:17:28","modified_gmt":"2025-03-12T14:17:28","slug":"responsabilites-et-charges-collectives","status":"publish","type":"page","link":"https:\/\/lig-membres.imag.fr\/villanov\/fr\/responsabilites-et-charges-collectives\/","title":{"rendered":"Responsabilit\u00e9s et Charges collectives"},"content":{"rendered":"<h2>En recherche _________________________________________________<\/h2>\n<h3>Responsabilit\u00e9s, activit\u00e9s de direction :<\/h3>\n<ul>\n<li>2022-2026 : Directrice du GDR CNRS MAGIS<\/li>\n<li>2017-2024 : Responsable de l&#8217;\u00e9quipe de recherche Steamer du LIG<\/li>\n<\/ul>\n<h3>Charges collectives :<\/h3>\n<ul>\n<li>2015-2021 : Charg\u00e9e de mission communication au LIG<\/li>\n<li>2009-2015 : Charg\u00e9e de mission Doctorants au LIG<\/li>\n<li>2007-2011, depuis 2021 : Membre \u00e9lue au Conseil de laboratoire<\/li>\n<li>2018-2020, depuis 2025 : Membre \u00e9lue au Conseil de P\u00f4le MSTIC<\/li>\n<\/ul>\n<h2>En enseignement ____________________________________________<\/h2>\n<h3>Responsabilit\u00e9s, activit\u00e9s de direction :<\/h3>\n<ul>\n<li>2023-2024 : Administratrice provisoire du D\u00e9partement Science des Donn\u00e9es (nomm\u00e9e par la Direction de l&#8217;IUT2)<\/li>\n<li>Depuis 2022 : Responsable du parcours VCOD du BUT Science des Donn\u00e9es (ann\u00e9es 2 et 3 du BUT, formation en alternance ou \u00e0 l&#8217;\u00e9tranger en BUT3)<\/li>\n<li>2014-2023 : Responsable de la LP ESSIG<\/li>\n<\/ul>\n<h3>Charges collectives :<\/h3>\n<ul>\n<li>2014-2017 : Membre \u00e9lue au CA de l&#8217;IUT2<\/li>\n<li>2020-2024 : Membre du groupe de coordination nationale pour la d\u00e9finition du Programme National du BUT SD<\/li>\n<\/ul>\n","protected":false},"excerpt":{"rendered":"<p>En recherche _________________________________________________ Responsabilit\u00e9s, activit\u00e9s de direction : 2022-2026 : Directrice du GDR CNRS MAGIS 2017-2024 : Responsable de l&#8217;\u00e9quipe de recherche Steamer du LIG Charges collectives : 2015-2021 : Charg\u00e9e de mission communication au LIG 2009-2015 : Charg\u00e9e de mission Doctorants au LIG 2007-2011, depuis 2021 : Membre \u00e9lue au Conseil de laboratoire 2018-2020, [&hellip;]<\/p>\n","protected":false},"author":87,"featured_media":0,"parent":0,"menu_order":0,"comment_status":"closed","ping_status":"closed","template":"","meta":{"footnotes":""},"class_list":["post-2391","page","type-page","status-publish","hentry"],"_links":{"self":[{"href":"https:\/\/lig-membres.imag.fr\/villanov\/wp-json\/wp\/v2\/pages\/2391","targetHints":{"allow":["GET"]}}],"collection":[{"href":"https:\/\/lig-membres.imag.fr\/villanov\/wp-json\/wp\/v2\/pages"}],"about":[{"href":"https:\/\/lig-membres.imag.fr\/villanov\/wp-json\/wp\/v2\/types\/page"}],"author":[{"embeddable":true,"href":"https:\/\/lig-membres.imag.fr\/villanov\/wp-json\/wp\/v2\/users\/87"}],"replies":[{"embeddable":true,"href":"https:\/\/lig-membres.imag.fr\/villanov\/wp-json\/wp\/v2\/comments?post=2391"}],"version-history":[{"count":2,"href":"https:\/\/lig-membres.imag.fr\/villanov\/wp-json\/wp\/v2\/pages\/2391\/revisions"}],"predecessor-version":[{"id":2393,"href":"https:\/\/lig-membres.imag.fr\/villanov\/wp-json\/wp\/v2\/pages\/2391\/revisions\/2393"}],"wp:attachment":[{"href":"https:\/\/lig-membres.imag.fr\/villanov\/wp-json\/wp\/v2\/media?parent=2391"}],"curies":[{"name":"wp","href":"https:\/\/api.w.org\/{rel}","templated":true}]}}