{"id":34,"date":"2014-02-05T22:37:19","date_gmt":"2014-02-05T21:37:19","guid":{"rendered":"http:\/\/lig-membres.imag.fr\/villanov\/?page_id=34"},"modified":"2024-07-04T15:01:46","modified_gmt":"2024-07-04T14:01:46","slug":"career","status":"publish","type":"page","link":"https:\/\/lig-membres.imag.fr\/villanov\/career\/","title":{"rendered":"Career"},"content":{"rendered":"\r\n<table dir=\"ltr\" style=\"height: 683px\" width=\"719\" cellspacing=\"0\" cellpadding=\"0\">\r\n<tbody>\r\n<tr>\r\n<td colspan=\"2\" align=\"justify\" valign=\"bottom\" width=\"539\" height=\"18\">\r\n<h1><span style=\"font-size: large\">Positions<\/span><\/h1>\r\n<\/td>\r\n<\/tr>\r\n<tr>\r\n<td align=\"justify\" valign=\"top\" width=\"83\" height=\"12\">Since 2023<\/td>\r\n<td align=\"justify\" valign=\"top\" width=\"455\" height=\"12\">Full Professor in Computer Science, Univ. Grenoble Alpes, IUT2, Dpt SD (Data Science)<\/td>\r\n<\/tr>\r\n<tr>\r\n<td align=\"justify\" valign=\"top\" width=\"83\" height=\"12\">2003-2023<\/td>\r\n<td align=\"justify\" valign=\"top\" width=\"455\" height=\"12\">Assistant Professor in Computer Science, Univ. Grenoble Alpes, IUT2, Dpt SD (ex-STID)<br \/>HDR in 2018.<\/td>\r\n<\/tr>\r\n<tr>\r\n<td align=\"justify\" valign=\"top\" width=\"83\" height=\"12\">2002-2003<\/td>\r\n<td align=\"justify\" valign=\"top\" width=\"455\" height=\"12\">ATER (non tenure-track faculty) Univ. Grenoble Alpes, IUT2, Dpt STID and of Computer Science.<\/td>\r\n<\/tr>\r\n<tr>\r\n<td align=\"justify\" valign=\"top\" width=\"83\" height=\"12\">1999-2002<\/td>\r\n<td align=\"justify\" valign=\"top\" width=\"455\" height=\"12\">Teaching Assistant,\u00a0Univ. Grenoble Alpes, IUT2, Dpt of Computer Science<\/td>\r\n<\/tr>\r\n<tr>\r\n<td colspan=\"2\" align=\"justify\" valign=\"bottom\" width=\"539\" height=\"18\">\r\n<h1><span style=\"font-size: large\">Diplomas<br \/><\/span><\/h1>\r\n<\/td>\r\n<\/tr>\r\n<tr>\r\n<td align=\"justify\" valign=\"top\" width=\"83\" height=\"52\">2018<\/td>\r\n<td align=\"justify\" valign=\"top\" width=\"455\" height=\"52\">HDR Communaut\u00e9 Universit\u00e9 Grenoble Alpes, Grenoble Computer Science Lab (LIG) &#8220;Repr\u00e9sentations de connaissances spatiales \u00e9volutives : des ontologies aux g\u00e9ovisualisations&#8221;.<\/td>\r\n<\/tr>\r\n<tr>\r\n<td align=\"justify\" valign=\"top\" width=\"83\" height=\"52\">1999-2002<\/td>\r\n<td align=\"justify\" valign=\"top\" width=\"455\" height=\"52\">Ph.D. in Computer Science Grenoble Institut of Technology.<br \/>\u2018Adaptabilit\u00e9 dans les syst\u00e8mes d\u2019information sur le web : mod\u00e9lisation et mise en \u0153uvre de l\u2019acc\u00e8s progressif\u2019. Advisors: Pr. <a href=\"http:\/\/www-lsr.imag.fr\/users\/Herve.Martin\/\">Herv\u00e9 Martin<\/a> et Pr. <a href=\"http:\/\/www-lsr.imag.fr\/users\/Jerome.Gensel\/index.htm\">J\u00e9r\u00f4me Gensel<\/a><\/td>\r\n<\/tr>\r\n<tr>\r\n<td align=\"justify\" valign=\"top\" width=\"83\" height=\"20\">1998-1999<\/td>\r\n<td align=\"justify\" valign=\"top\" width=\"455\" height=\"20\">Master Degree &#8216;Management and Technology of Information Systems\u2019<\/td>\r\n<\/tr>\r\n<tr>\r\n<td align=\"justify\" valign=\"top\" width=\"83\" height=\"12\">1997-1998<\/td>\r\n<td align=\"justify\" valign=\"top\" width=\"455\" height=\"12\">Master Degree \u2018Computer Science and Social Sciences\u2019<\/td>\r\n<\/tr>\r\n<tr>\r\n<td align=\"justify\" valign=\"top\" width=\"83\" height=\"12\">1996-1997<\/td>\r\n<td align=\"justify\" valign=\"top\" width=\"455\" height=\"12\">Honors Degrees in Cognitive Psychology<\/td>\r\n<\/tr>\r\n<tr>\r\n<td align=\"justify\" valign=\"top\" width=\"83\" height=\"12\">1993-1996<\/td>\r\n<td align=\"justify\" valign=\"top\" width=\"455\" height=\"12\">Licence Bachelor of Cognitive Psychology<\/td>\r\n<\/tr>\r\n<\/tbody>\r\n<\/table>\r\n","protected":false},"excerpt":{"rendered":"<p>Positions Since 2023 Full Professor in Computer Science, Univ. Grenoble Alpes, IUT2, Dpt SD (Data Science) 2003-2023 Assistant Professor in Computer Science, Univ. Grenoble Alpes, IUT2, Dpt SD (ex-STID)HDR in 2018. 2002-2003 ATER (non tenure-track faculty) Univ. Grenoble Alpes, IUT2, Dpt STID and of Computer Science. 1999-2002 Teaching Assistant,\u00a0Univ. Grenoble Alpes, IUT2, Dpt of Computer [&hellip;]<\/p>\n","protected":false},"author":87,"featured_media":0,"parent":0,"menu_order":0,"comment_status":"closed","ping_status":"closed","template":"","meta":{"footnotes":""},"class_list":["post-34","page","type-page","status-publish","hentry"],"_links":{"self":[{"href":"https:\/\/lig-membres.imag.fr\/villanov\/wp-json\/wp\/v2\/pages\/34","targetHints":{"allow":["GET"]}}],"collection":[{"href":"https:\/\/lig-membres.imag.fr\/villanov\/wp-json\/wp\/v2\/pages"}],"about":[{"href":"https:\/\/lig-membres.imag.fr\/villanov\/wp-json\/wp\/v2\/types\/page"}],"author":[{"embeddable":true,"href":"https:\/\/lig-membres.imag.fr\/villanov\/wp-json\/wp\/v2\/users\/87"}],"replies":[{"embeddable":true,"href":"https:\/\/lig-membres.imag.fr\/villanov\/wp-json\/wp\/v2\/comments?post=34"}],"version-history":[{"count":26,"href":"https:\/\/lig-membres.imag.fr\/villanov\/wp-json\/wp\/v2\/pages\/34\/revisions"}],"predecessor-version":[{"id":2373,"href":"https:\/\/lig-membres.imag.fr\/villanov\/wp-json\/wp\/v2\/pages\/34\/revisions\/2373"}],"wp:attachment":[{"href":"https:\/\/lig-membres.imag.fr\/villanov\/wp-json\/wp\/v2\/media?parent=34"}],"curies":[{"name":"wp","href":"https:\/\/api.w.org\/{rel}","templated":true}]}}