{"id":4,"date":"2014-02-04T21:18:48","date_gmt":"2014-02-04T20:18:48","guid":{"rendered":"\/?page_id=4"},"modified":"2023-04-29T22:43:00","modified_gmt":"2023-04-29T21:43:00","slug":"enseignement","status":"publish","type":"page","link":"https:\/\/lig-membres.imag.fr\/villanov\/fr\/enseignement\/","title":{"rendered":"Enseignement"},"content":{"rendered":"<p>Je suis enseignante au d\u00e9partement SD (Science des Donn\u00e9es, ex-STID Statistique et Informatique D\u00e9cisionnelle) de l&#8217;IUT2, Universit\u00e9 Grenoble Alpes.<\/p>\n<p>Je suis responsable de la Licence Professionnelle MDS ESSIG (Etudes Statistiques et Syst\u00e8me d&#8217;Information G\u00e9ographique) propos\u00e9e en alternance et responsable du parcours VCOD (Visualisation et Conception d&#8217;Outils D\u00e9cisionnels) du BUT SD (2\u00e8me et 3\u00e8me ann\u00e9e en alternance).<\/p>\n<p>J&#8217;interviens dans la plupart des formations du d\u00e9partement :<br \/>\n&#8211; BUT SD,<br \/>\n&#8211; LP ESSIG<br \/>\n&#8211; LP ESSM (Etudes Statistiques, Sondages et Marketing)<br \/>\npour des enseignements de Bases de Donn\u00e9es, d&#8217;Informatique D\u00e9cisionnelle, de Programmation, de Technologies Web, de Datavisualisation, d&#8217;Etude de Cas en Statistique et Informatique.<\/p>\n","protected":false},"excerpt":{"rendered":"<p>Je suis enseignante au d\u00e9partement SD (Science des Donn\u00e9es, ex-STID Statistique et Informatique D\u00e9cisionnelle) de l&#8217;IUT2, Universit\u00e9 Grenoble Alpes. Je suis responsable de la Licence Professionnelle MDS ESSIG (Etudes Statistiques et Syst\u00e8me d&#8217;Information G\u00e9ographique) propos\u00e9e en alternance et responsable du parcours VCOD (Visualisation et Conception d&#8217;Outils D\u00e9cisionnels) du BUT SD (2\u00e8me et 3\u00e8me ann\u00e9e en [&hellip;]<\/p>\n","protected":false},"author":87,"featured_media":0,"parent":0,"menu_order":0,"comment_status":"closed","ping_status":"closed","template":"","meta":{"footnotes":""},"class_list":["post-4","page","type-page","status-publish","hentry"],"_links":{"self":[{"href":"https:\/\/lig-membres.imag.fr\/villanov\/wp-json\/wp\/v2\/pages\/4","targetHints":{"allow":["GET"]}}],"collection":[{"href":"https:\/\/lig-membres.imag.fr\/villanov\/wp-json\/wp\/v2\/pages"}],"about":[{"href":"https:\/\/lig-membres.imag.fr\/villanov\/wp-json\/wp\/v2\/types\/page"}],"author":[{"embeddable":true,"href":"https:\/\/lig-membres.imag.fr\/villanov\/wp-json\/wp\/v2\/users\/87"}],"replies":[{"embeddable":true,"href":"https:\/\/lig-membres.imag.fr\/villanov\/wp-json\/wp\/v2\/comments?post=4"}],"version-history":[{"count":19,"href":"https:\/\/lig-membres.imag.fr\/villanov\/wp-json\/wp\/v2\/pages\/4\/revisions"}],"predecessor-version":[{"id":2365,"href":"https:\/\/lig-membres.imag.fr\/villanov\/wp-json\/wp\/v2\/pages\/4\/revisions\/2365"}],"wp:attachment":[{"href":"https:\/\/lig-membres.imag.fr\/villanov\/wp-json\/wp\/v2\/media?parent=4"}],"curies":[{"name":"wp","href":"https:\/\/api.w.org\/{rel}","templated":true}]}}